{"id":11696,"date":"2024-05-21T15:35:45","date_gmt":"2024-05-21T13:35:45","guid":{"rendered":"https:\/\/www.aaaseedz.com\/?post_type=product&#038;p=11696"},"modified":"2026-01-18T07:56:22","modified_gmt":"2026-01-18T06:56:22","slug":"calice-di-cocco-dellalbero-perfetto-3","status":"publish","type":"product","link":"https:\/\/www.aaaseedz.com\/it\/produit\/perfect-tree-coconut-chalice-2\/","title":{"rendered":"Coconut Chalice - Perfect Tree"},"content":{"rendered":"<p>Il Calice di Cocco di Perfect Tree sta per regalarvi un'esperienza indimenticabile! Questo sensazionale ibrido \u00e8 il risultato di un audace matrimonio tra il famoso Gelato #41, noto anche come Bacio Gelato, e il cremoso Latte di Cocco. Immaginate una fusione che combina il meglio dei due mondi: la ricchezza del Gelato e la dolcezza del cocco. Con i suoi internodi corti, questa variet\u00e0 non produce solo boccioli, ma regala vere e proprie opere d'arte che sembrano mazze da baseball, pronte a far girare la testa nel vostro giardino!<\/p>\n<p>La Coconut Chalice \u00e8 una vera delizia per i coltivatori, sia principianti che esperti. La sua facilit\u00e0 di coltivazione la rende una scelta ideale per chiunque voglia intraprendere l'avventura del giardinaggio cannabico. Non \u00e8 necessario essere esperti di botanica per avere successo con questa bellezza! Con i suoi internodi compatti, forma fiori incredibilmente densi, luccicanti di tricomi scintillanti. Adorerete il modo in cui si sviluppano queste cime, che mostrano sfumature viola che ricordano le pi\u00f9 belle serate estive.<\/p>\n<p>E parliamo del periodo di fioritura! La Coconut Chalice non vi far\u00e0 aspettare troppo. In sole 8 brevi settimane sarete pronti a raccogliere i vostri tesori. Perfetto per chi non ha la pazienza di aspettare mesi per assaporare i propri sforzi. Vi piacer\u00e0 la rapidit\u00e0 con cui questa variet\u00e0 vi ricompensa, pur mantenendo una qualit\u00e0 eccezionale.<\/p>\n<p>Ma non \u00e8 tutto! L'aroma del Calice di cocco \u00e8 una vera e propria esplosione sensoriale. Man mano che la pianta matura, rilascia fragranze inebrianti che riempiono l'aria con un'intensit\u00e0 accattivante. Le note dolci del Gelato si mescolano alla dolcezza cremosa del Latte di Cocco, creando una sinfonia olfattiva che vi far\u00e0 venire l'acquolina in bocca. L'attesa di questi deliziosi aromi far\u00e0 sembrare ogni giorno prima del raccolto un'eternit\u00e0!<\/p>\n<p>In breve, Coconut Chalice \u00e8 molto pi\u00f9 di una semplice variet\u00e0 di cannabis. \u00c8 un'avventura di gusto e profumo che vi trasporter\u00e0 in un mondo di delizie. Che siate coltivatori in erba o professionisti del giardinaggio, questa pianta \u00e8 un must che porter\u00e0 un tocco di magia nel vostro giardino. Preparatevi quindi ad assaporare ogni momento con il Calice di cocco e lasciatevi travolgere dal suo fascino irresistibile!<\/p>\n<p><strong>Semi femminizzati<\/strong><br \/>\n<strong>Confezione<\/strong> : 6+3 semi omaggio (Coco Milk S1) (9)<br \/>\n<strong>Allevatore<\/strong> : Perfect Tree<br \/>\n<strong>Nome<\/strong> : Coconut Chalice<br \/>\n<strong>Croce<\/strong> : Gelato #41 x Coco Milk<br \/>\n<strong>Prestazioni<\/strong> : medio-alto<br \/>\n<strong>Genetica<\/strong> Ibrido a predominanza Indica<br \/>\n<strong>Periodo di fioritura<\/strong> 56-60 giorni<br \/>\n<strong>Il gusto<\/strong> : Gelato, Crema<br \/>\n<strong>Esperienza<\/strong> Rilassante<\/p>\n<p><em><u>Avvertenze<\/u> Il possesso e la raccolta di semi sono autorizzati in Francia. Questi semi non devono essere utilizzati per scopi diversi da quelli autorizzati dalla legge del proprio Paese. La germinazione e la vendita ai minori sono severamente vietate. AAASeedz non pu\u00f2 essere ritenuta responsabile in caso di mancato rispetto delle leggi del paese di residenza.<\/em><\/p>","protected":false},"excerpt":{"rendered":"<p>La Perfect Tree's Coconut Chalice sta per regalarvi un'esperienza indimenticabile! Questo ibrido<\/p>","protected":false},"featured_media":12329,"template":"","meta":[],"product_brand":[],"product_cat":[70],"product_tag":[321,393,77,394,278],"class_list":{"0":"post-11696","1":"product","2":"type-product","3":"status-publish","4":"has-post-thumbnail","6":"product_cat-feminisees","7":"product_tag-coco-milk","8":"product_tag-coconut-chalice","9":"product_tag-feminisee","10":"product_tag-gelato-41","11":"product_tag-perfect-tree","13":"first","14":"instock","15":"shipping-taxable","16":"purchasable","17":"product-type-simple"},"jetpack_sharing_enabled":true,"_links":{"self":[{"href":"https:\/\/www.aaaseedz.com\/it\/wp-json\/wp\/v2\/product\/11696","targetHints":{"allow":["GET"]}}],"collection":[{"href":"https:\/\/www.aaaseedz.com\/it\/wp-json\/wp\/v2\/product"}],"about":[{"href":"https:\/\/www.aaaseedz.com\/it\/wp-json\/wp\/v2\/types\/product"}],"wp:featuredmedia":[{"embeddable":true,"href":"https:\/\/www.aaaseedz.com\/it\/wp-json\/wp\/v2\/media\/12329"}],"wp:attachment":[{"href":"https:\/\/www.aaaseedz.com\/it\/wp-json\/wp\/v2\/media?parent=11696"}],"wp:term":[{"taxonomy":"product_brand","embeddable":true,"href":"https:\/\/www.aaaseedz.com\/it\/wp-json\/wp\/v2\/product_brand?post=11696"},{"taxonomy":"product_cat","embeddable":true,"href":"https:\/\/www.aaaseedz.com\/it\/wp-json\/wp\/v2\/product_cat?post=11696"},{"taxonomy":"product_tag","embeddable":true,"href":"https:\/\/www.aaaseedz.com\/it\/wp-json\/wp\/v2\/product_tag?post=11696"}],"curies":[{"name":"wp","href":"https:\/\/api.w.org\/{rel}","templated":true}]}}