{"id":11698,"date":"2024-05-21T15:39:09","date_gmt":"2024-05-21T13:39:09","guid":{"rendered":"https:\/\/www.aaaseedz.com\/?post_type=product&#038;p=11698"},"modified":"2025-06-10T17:17:50","modified_gmt":"2025-06-10T15:17:50","slug":"cocco-perfetto-dellalbero-fresco-3","status":"publish","type":"product","link":"https:\/\/www.aaaseedz.com\/it\/produit\/perfect-tree-coconut-fresh-2\/","title":{"rendered":"Coconut Fresh - Perfect Tree"},"content":{"rendered":"<p>Coco Fresh di Perfect Tree \u00e8 una variet\u00e0 che vi porta direttamente in un paradiso balneare! Immaginatevi sdraiati sulla sabbia calda, con le onde che vi sussurrano nelle orecchie, mentre sorseggiate della deliziosa acqua di cocco fresca. Questo \u00e8 esattamente ci\u00f2 che vi offre questa pianta: una fuga tropicale ad ogni boccata. Con i suoi tricomi scintillanti che brillano come stelle, Coco Fresh \u00e8 una vera bellezza che aggiunger\u00e0 sicuramente un tocco di magia al vostro giardino.<\/p>\n<p>Questa variet\u00e0 \u00e8 un vero campione di produzione e merita un posto d'onore in qualsiasi spazio di coltivazione. La sua crescita \u00e8 eretta e maestosa ed \u00e8 in grado di produrre cime di qualit\u00e0 eccezionale. Se siete alla ricerca di una pianta che combini estetica e resa, Coco Fresh \u00e8 il vostro alleato ideale.<\/p>\n<p>Ma non \u00e8 tutto! Coco Fresh \u00e8 il risultato di un delizioso incrocio tra la famosa Runtz e la dolce Coco Milk. Questa miscela esplosiva d\u00e0 origine a un profilo terpenico unico che combina note fresche e gassate con una dolcezza cremosa. Ogni inalazione \u00e8 una festa per le vostre papille gustative, che vi trasporta in un mondo di sapori esotici. Amerai l'aroma inebriante che riempie l'aria, ricordandoti i semplici piaceri della vita.<\/p>\n<p>Oltre che per i suoi sapori deliziosi, Coco Fresh \u00e8 noto anche per i suoi effetti rilassanti e calmanti. Se state cercando di rilassarvi dopo una giornata intensa o semplicemente di immergervi in uno stato di profonda meditazione, questa variet\u00e0 fa al caso vostro. Ha il potere di trasportarvi in un'oasi di pace, dove stress e preoccupazioni evaporano magicamente. Immaginatevi di galleggiare su una nuvola di tranquillit\u00e0, con un sorriso beato sul viso.<\/p>\n<p>E per finire, il Coco Fresh \u00e8 un sogno da coltivare! Che siate giardinieri esperti o principianti entusiasti, questa pianta \u00e8 incredibilmente facile da curare. \u00c8 resistente e non richiede attenzioni costanti, il che la rende una scelta perfetta per tutti i coltivatori. Con Coco Fresh nel vostro giardino, avrete la garanzia di raccogliere non solo bellissimi fiori, ma anche una sana dose di felicit\u00e0 e soddisfazione.<\/p>\n<p>Cosa state aspettando? Lasciatevi sedurre da Coco Fresh e preparatevi a vivere un'esperienza indimenticabile che risveglier\u00e0 i vostri sensi e placher\u00e0 il vostro spirito!<\/p>\n<p><strong>Semi femminizzati<\/strong><br \/>\n<strong>Confezione<\/strong> : 6+3 semi omaggio (Coco Milk S1) (9)<br \/>\n<strong>Allevatore<\/strong> : Perfect Tree<br \/>\n<strong>Nome<\/strong> : Coconut Fresh<br \/>\n<strong>Croce<\/strong> : Runtz x Coco Milk<br \/>\n<strong>Prestazioni<\/strong> : medio-alto<br \/>\n<strong>Genetica<\/strong> Ibrido a predominanza Indica<br \/>\n<strong>Periodo di fioritura<\/strong> 56-60 giorni<br \/>\n<strong>Il gusto<\/strong> : Gas leggero<br \/>\n<strong>Esperienza<\/strong> : Rilassamento intenso<\/p>\n<p><em><u>Avvertenze<\/u> Il possesso e la raccolta di semi sono autorizzati in Francia. Questi semi non devono essere utilizzati per scopi diversi da quelli autorizzati dalla legge del proprio Paese. La germinazione e la vendita ai minori sono severamente vietate. AAASeedz non pu\u00f2 essere ritenuta responsabile in caso di mancato rispetto delle leggi del paese di residenza.<\/em><\/p>","protected":false},"excerpt":{"rendered":"<p>La Coco Fresh de Perfect Tree, est une vari\u00e9t\u00e9 qui vous emm\u00e8ne directement sur une plage paradisiaque ! Imaginez-vous allong\u00e9<\/p>","protected":false},"featured_media":12333,"template":"","meta":[],"product_brand":[],"product_cat":[70],"product_tag":[321,397,77,278,76],"class_list":{"0":"post-11698","1":"product","2":"type-product","3":"status-publish","4":"has-post-thumbnail","6":"product_cat-feminisees","7":"product_tag-coco-milk","8":"product_tag-coconut-fresh","9":"product_tag-feminisee","10":"product_tag-perfect-tree","11":"product_tag-runtz","13":"first","14":"instock","15":"shipping-taxable","16":"purchasable","17":"product-type-simple"},"jetpack_sharing_enabled":true,"_links":{"self":[{"href":"https:\/\/www.aaaseedz.com\/it\/wp-json\/wp\/v2\/product\/11698","targetHints":{"allow":["GET"]}}],"collection":[{"href":"https:\/\/www.aaaseedz.com\/it\/wp-json\/wp\/v2\/product"}],"about":[{"href":"https:\/\/www.aaaseedz.com\/it\/wp-json\/wp\/v2\/types\/product"}],"wp:featuredmedia":[{"embeddable":true,"href":"https:\/\/www.aaaseedz.com\/it\/wp-json\/wp\/v2\/media\/12333"}],"wp:attachment":[{"href":"https:\/\/www.aaaseedz.com\/it\/wp-json\/wp\/v2\/media?parent=11698"}],"wp:term":[{"taxonomy":"product_brand","embeddable":true,"href":"https:\/\/www.aaaseedz.com\/it\/wp-json\/wp\/v2\/product_brand?post=11698"},{"taxonomy":"product_cat","embeddable":true,"href":"https:\/\/www.aaaseedz.com\/it\/wp-json\/wp\/v2\/product_cat?post=11698"},{"taxonomy":"product_tag","embeddable":true,"href":"https:\/\/www.aaaseedz.com\/it\/wp-json\/wp\/v2\/product_tag?post=11698"}],"curies":[{"name":"wp","href":"https:\/\/api.w.org\/{rel}","templated":true}]}}