{"id":11711,"date":"2024-05-23T16:42:03","date_gmt":"2024-05-23T14:42:03","guid":{"rendered":"https:\/\/www.aaaseedz.com\/?post_type=product&#038;p=11711"},"modified":"2025-06-10T17:16:20","modified_gmt":"2025-06-10T15:16:20","slug":"albero-perfetto-cherrytini-s1-2","status":"publish","type":"product","link":"https:\/\/www.aaaseedz.com\/it\/produit\/perfect-tree-cherrytini-s1-2\/","title":{"rendered":"CherryTini S1 - Perfect Tree"},"content":{"rendered":"<p>Cherrytini S1 di Perfect Tree \u00e8 una variet\u00e0 che far\u00e0 ballare le vostre papille gustative e bruciare i vostri sensi! Immaginate una dolce brezza di ciliegie succose, mescolate a potenti note di gas che vi ricordano le migliori serate estive. Cherrytini \u00e8 semplicemente un must per tutti gli amanti della cannabis che amano i sapori dolci e fruttati.<\/p>\n<p>Questa piccola meraviglia \u00e8 il risultato di un audace incrocio tra due fenotipi Cherrytini, che la rende un ibrido con molto carattere. In sole 8 settimane di fioritura, sarete ricompensati con cime dense e resinose che brillano alla luce. Che siate coltivatori esperti o principianti entusiasti, questa variet\u00e0 \u00e8 facile da coltivare e promette raccolti medio-alti. Vi piacer\u00e0 vedere le vostre piante prosperare e trasformarsi in vere e proprie opere d'arte botanica!<\/p>\n<p>Cherrytini S1 \u00e8 il risultato della nostra passione per la sperimentazione. Abbiamo iniziato con le nostre selezioni di Cherry Noir di Aficionado Mendocino, impollinate dal nostro maschio Jet A. Per questa versione S1, abbiamo deciso di incrociare il nostro miglior fenotipo con se stesso, e i risultati sono stati semplicemente mozzafiato! Ogni boccata di questa variet\u00e0 vi trasporta in un mondo di delizie fruttate, dove l'ammaliante profumo di caramelle alla ciliegia si mescola a note di gas che aggiungono un'incredibile profondit\u00e0 all'esperienza.<\/p>\n<p>Quando si parla di sapore, aspettatevi un vero e proprio festival per le vostre papille gustative! Cherrytini S1 offre un'esplosione di sapore con note di ciliegia dolce che vi ricorderanno i dolci della vostra infanzia, arricchite da quel tocco di gas che gli conferisce il suo carattere unico. \u00c8 una combinazione che piacer\u00e0 sicuramente agli appassionati di fiori dolci e fruttati.<\/p>\n<p>Ma non \u00e8 tutto! L'esperienza del Cherrytini S1 \u00e8 altrettanto memorabile. Con il suo potente effetto narcotico, questa variet\u00e0 vi avvolge in una sensazione di profondo relax, perfetta per rilassarsi dopo una lunga giornata. Vi sentirete leggeri e felici, pronti a sfruttare al meglio ogni momento.<\/p>\n<p>In breve, la Cherrytini S1 \u00e8 molto pi\u00f9 di una semplice variet\u00e0 di cannabis. \u00c8 un'avventura sensoriale che combina sapori deliziosi, facilit\u00e0 di coltivazione ed effetti potenti. Che siate coltivatori appassionati o dilettanti curiosi, questa pianta \u00e8 un must-have che porter\u00e0 un tocco di magia nel vostro giardino. Preparatevi quindi ad assaporare ogni momento con la Cherrytini S1 e lasciatevi travolgere dal suo fascino irresistibile!<\/p>\n<p><strong>Semi femminizzati<\/strong><br \/>\n<strong>Confezione<\/strong> 6+3 semi omaggio (Frozini) (9)<br \/>\n<strong>Allevatore<\/strong> : Perfect Tree<br \/>\n<strong>Nome<\/strong> : CherryTini S1<br \/>\n<strong>Croce<\/strong> : CherryTini x CherryTini<br \/>\n<strong>Prestazioni<\/strong> : medio-alto<br \/>\n<strong>Genetica<\/strong> Ibrido<br \/>\n<strong>Periodo di fioritura<\/strong> 56-60 giorni<br \/>\n<strong>Il gusto<\/strong> Caramelle alla ciliegia - Gas potente<br \/>\n<strong>Esperienza<\/strong> Potente effetto narcotico<\/p>\n<p><em><u>Avvertenze<\/u> Il possesso e la raccolta di semi sono autorizzati in Francia. Questi semi non devono essere utilizzati per scopi diversi da quelli autorizzati dalla legge del proprio Paese. La germinazione e la vendita ai minori sono severamente vietate. AAASeedz non pu\u00f2 essere ritenuta responsabile in caso di mancato rispetto delle leggi del paese di residenza.<\/em><\/p>","protected":false},"excerpt":{"rendered":"<p>Il Cherrytini S1 di Perfect Tree \u00e8 una variet\u00e0 che sicuramente far\u00e0 ballare le vostre papille gustative e bruciare i vostri sensi!<\/p>","protected":false},"featured_media":12327,"template":"","meta":[],"product_brand":[],"product_cat":[70],"product_tag":[398,401,77,278],"class_list":{"0":"post-11711","1":"product","2":"type-product","3":"status-publish","4":"has-post-thumbnail","6":"product_cat-feminisees","7":"product_tag-cherrytini","8":"product_tag-cherrytini-s1","9":"product_tag-feminisee","10":"product_tag-perfect-tree","12":"first","13":"instock","14":"shipping-taxable","15":"purchasable","16":"product-type-simple"},"jetpack_sharing_enabled":true,"_links":{"self":[{"href":"https:\/\/www.aaaseedz.com\/it\/wp-json\/wp\/v2\/product\/11711","targetHints":{"allow":["GET"]}}],"collection":[{"href":"https:\/\/www.aaaseedz.com\/it\/wp-json\/wp\/v2\/product"}],"about":[{"href":"https:\/\/www.aaaseedz.com\/it\/wp-json\/wp\/v2\/types\/product"}],"wp:featuredmedia":[{"embeddable":true,"href":"https:\/\/www.aaaseedz.com\/it\/wp-json\/wp\/v2\/media\/12327"}],"wp:attachment":[{"href":"https:\/\/www.aaaseedz.com\/it\/wp-json\/wp\/v2\/media?parent=11711"}],"wp:term":[{"taxonomy":"product_brand","embeddable":true,"href":"https:\/\/www.aaaseedz.com\/it\/wp-json\/wp\/v2\/product_brand?post=11711"},{"taxonomy":"product_cat","embeddable":true,"href":"https:\/\/www.aaaseedz.com\/it\/wp-json\/wp\/v2\/product_cat?post=11711"},{"taxonomy":"product_tag","embeddable":true,"href":"https:\/\/www.aaaseedz.com\/it\/wp-json\/wp\/v2\/product_tag?post=11711"}],"curies":[{"name":"wp","href":"https:\/\/api.w.org\/{rel}","templated":true}]}}