{"id":12489,"date":"2025-03-20T13:51:27","date_gmt":"2025-03-20T12:51:27","guid":{"rendered":"https:\/\/www.aaaseedz.com\/?post_type=product&#038;p=12489"},"modified":"2025-03-20T15:07:11","modified_gmt":"2025-03-20T14:07:11","slug":"albero-perfetto-oltre-larcobaleno","status":"publish","type":"product","link":"https:\/\/www.aaaseedz.com\/it\/produit\/over-the-rainbow-perfect-tree\/","title":{"rendered":"Over The Rainbow - Albero perfetto"},"content":{"rendered":"<p>Over the Rainbow, un'esplosione di sapori ed effetti. Se siete alla ricerca di un'esperienza di cannabis unica, non cercate oltre Over the Rainbow. Questo incrocio in edizione limitata tra Peach Ozz e Za\u00efza\u00ef promette di portarvi in un viaggio sensoriale indimenticabile. Con i suoi brillanti sapori di pesca e i suoi potenti effetti, questa variet\u00e0 \u00e8 un vero gioiello per gli amanti della cannabis.<\/p>\n<p>Over the Rainbow \u00e8 il risultato di un incrocio accuratamente realizzato tra Yahemi e Za\u00efza\u00ef. Questo mix genetico offre una complessit\u00e0 di sapori ed effetti che delizier\u00e0 gli intenditori. Utilizzando la nostra selezione di Peach Ozz di Dying Breed Seeds, siamo riusciti a creare una variet\u00e0 che si avvicina al nostro taglio originale, aggiungendo per\u00f2 delle Z-terps ancora pi\u00f9 pronunciate. Ci\u00f2 significa che ogni boccata \u00e8 un'esplosione di sapori che vi trasporter\u00e0 direttamente in un succoso frutteto di pesche.<\/p>\n<p>Per chi ama coltivare, Over the Rainbow \u00e8 una pianta che non delude. Con un tempo di fioritura di circa 8 settimane, \u00e8 relativamente veloce da raccogliere. In termini di resa, aspettatevi risultati medio-alti se le darete le giuste cure. La sua struttura rimane piuttosto corta, rendendola ideale per le aree di coltivazione pi\u00f9 piccole, pur essendo molto produttiva.<\/p>\n<p>Il sapore di Over the Rainbow \u00e8 una vera festa per le papille gustative. Immaginate una macedonia tropicale in cui la pesca \u00e8 la star dello spettacolo. Ogni inalazione vi avvolge in una dolcezza fruttata, mentre le note esotiche aggiungono una dimensione extra all'esperienza. Che si scelga di fumare o di vaporizzare, questa variet\u00e0 offre un fumo morbido e piacevole che delizier\u00e0 i vostri sensi.<\/p>\n<p>Quando si tratta di effetti, Over the Rainbow non fa sconti. Con un effetto forte, questa variet\u00e0 \u00e8 perfetta per chi cerca un profondo rilassamento mantenendo la mente lucida. \u00c8 il fumo ideale per il giorno, sia per rilassarsi dopo una lunga giornata che per stimolare la creativit\u00e0. Vi sentirete leggeri e sereni, pronti ad affrontare qualsiasi cosa la giornata vi riservi.<\/p>\n<p>Over the Rainbow \u00e8 un crossover in edizione limitata, il che significa che non sar\u00e0 disponibile per sempre. Per tutti i fan della Peach Ozz, questa \u00e8 un'opportunit\u00e0 da non perdere. Questa variet\u00e0 andr\u00e0 a ruba molto rapidamente, quindi assicuratevi di mettere le mani sui semi x12 regolari prima che sia troppo tardi.<\/p>\n<p>In breve, Over the Rainbow \u00e8 molto pi\u00f9 di una semplice variet\u00e0 di cannabis. \u00c8 un'esperienza sensoriale completa che combina sapori squisiti, effetti potenti e facilit\u00e0 di coltivazione. Che siate coltivatori esperti o principianti, questa variet\u00e0 merita un posto nella vostra collezione. Preparatevi ad esplorare un mondo di sapori ed effetti con Over the Rainbow!<\/p>\n<p><strong>Semi regolari<\/strong><br \/>\n<strong>Confezione<\/strong> 12 semi (12)<br \/>\n<strong>Allevatore<\/strong> : Perfect Tree<br \/>\n<strong>Nome<\/strong> Sopra l'arcobaleno<br \/>\n<strong>Croce<\/strong> : Peach Ozz x Za\u00ef Za\u00ef<br \/>\n<strong>Prestazioni<\/strong> : medio-alto<br \/>\n<strong>Genetica<\/strong> Ibrido<br \/>\n<strong>Periodo di fioritura<\/strong> 56-60 giorni<br \/>\n<strong>Il gusto<\/strong> Insalata di frutta tropicale<br \/>\n<strong>Esperienza<\/strong> Effetto forte<\/p>\n<p><em><u>Avvertenze<\/u> Il possesso e la raccolta di semi sono autorizzati in Francia. Questi semi non devono essere utilizzati per scopi diversi da quelli autorizzati dalla legge del proprio Paese. La germinazione e la vendita ai minori sono severamente vietate. AAASeedz non pu\u00f2 essere ritenuta responsabile in caso di mancato rispetto delle leggi del paese di residenza.<\/em><\/p>","protected":false},"excerpt":{"rendered":"<p>Over the Rainbow, une explosion de saveurs et d&rsquo;effets. Si vous \u00eates \u00e0 la recherche d&rsquo;une exp\u00e9rience unique en mati\u00e8re<\/p>","protected":false},"featured_media":12425,"template":"","meta":[],"product_brand":[],"product_cat":[71],"product_tag":[481,293,278,109,303],"class_list":{"0":"post-12489","1":"product","2":"type-product","3":"status-publish","4":"has-post-thumbnail","6":"product_cat-regulieres","7":"product_tag-over-the-rainbow","8":"product_tag-peach-ozz","9":"product_tag-perfect-tree","10":"product_tag-regulieres","11":"product_tag-zaizai","13":"first","14":"outofstock","15":"shipping-taxable","16":"purchasable","17":"product-type-simple"},"jetpack_sharing_enabled":true,"_links":{"self":[{"href":"https:\/\/www.aaaseedz.com\/it\/wp-json\/wp\/v2\/product\/12489","targetHints":{"allow":["GET"]}}],"collection":[{"href":"https:\/\/www.aaaseedz.com\/it\/wp-json\/wp\/v2\/product"}],"about":[{"href":"https:\/\/www.aaaseedz.com\/it\/wp-json\/wp\/v2\/types\/product"}],"wp:featuredmedia":[{"embeddable":true,"href":"https:\/\/www.aaaseedz.com\/it\/wp-json\/wp\/v2\/media\/12425"}],"wp:attachment":[{"href":"https:\/\/www.aaaseedz.com\/it\/wp-json\/wp\/v2\/media?parent=12489"}],"wp:term":[{"taxonomy":"product_brand","embeddable":true,"href":"https:\/\/www.aaaseedz.com\/it\/wp-json\/wp\/v2\/product_brand?post=12489"},{"taxonomy":"product_cat","embeddable":true,"href":"https:\/\/www.aaaseedz.com\/it\/wp-json\/wp\/v2\/product_cat?post=12489"},{"taxonomy":"product_tag","embeddable":true,"href":"https:\/\/www.aaaseedz.com\/it\/wp-json\/wp\/v2\/product_tag?post=12489"}],"curies":[{"name":"wp","href":"https:\/\/api.w.org\/{rel}","templated":true}]}}