{"id":12490,"date":"2025-03-20T14:01:39","date_gmt":"2025-03-20T13:01:39","guid":{"rendered":"https:\/\/www.aaaseedz.com\/?post_type=product&#038;p=12490"},"modified":"2025-03-20T15:03:34","modified_gmt":"2025-03-20T14:03:34","slug":"albero-perfetto-di-zahemi","status":"publish","type":"product","link":"https:\/\/www.aaaseedz.com\/it\/produit\/zahemi-perfect-tree\/","title":{"rendered":"Zahemi - Albero perfetto"},"content":{"rendered":"<p>Zahemi, la pianta ideale per i principianti e gli amanti dei sapori fruttati. Se state cercando una variet\u00e0 di cannabis che combini facilit\u00e0 di coltivazione, sapore squisito ed effetti potenti, non cercate oltre la Zahemi. Questo incrocio tra Yahemi e Za\u00ef Za\u00ef \u00e8 una vera pepita sia per i coltivatori principianti che per quelli esperti. Con le sue caratteristiche uniche e il suo gusto indimenticabile, Zahemi merita un posto speciale nel vostro giardino.<\/p>\n<p>Zahemi \u00e8 il risultato di un incrocio accuratamente realizzato tra la nostra selezione Yahemi di Grandiflora Genetics e il maschio Za\u00ef Za\u00ef. Questo mix genetico porta una ricchezza di sapori ed effetti che delizieranno gli amanti della cannabis. Ereditando le caratteristiche della linea Melonata, Zahemi aggiunge anche i terpeni fruttati e dolci di Zkittlez, creando un'esperienza di gusto unica.<\/p>\n<p>Uno degli aspetti pi\u00f9 notevoli di Zahemi \u00e8 il suo gusto. Immaginate un pompelmo dolce su un arcobaleno, un'esplosione di sapori che danzano sul vostro palato. Questa variet\u00e0 offre un sapore di macedonia tropicale che lascia un'impressione duratura sul palato. Alla fine della fioritura, l'aroma diventa cos\u00ec intenso che vi far\u00e0 sorridere ogni volta che aprirete la porta del vostro raccolto.<\/p>\n<p>Per chi \u00e8 nuovo al mondo della cannabis, la Zahemi \u00e8 un'opzione eccellente. Con un tempo di fioritura di circa 8-9 settimane, questa pianta \u00e8 relativamente veloce da raccogliere. \u00c8 anche facile da coltivare, il che la rende una scelta ideale per i principianti. Tuttavia, attenzione all'allungamento durante la fioritura: la Zahemi pu\u00f2 raddoppiare le sue dimensioni, quindi assicuratevi di darle abbastanza spazio per fiorire.<\/p>\n<p>In termini di resa, la Zahemi non delude. \u00c8 nota per essere un'eccellente produttrice, che sviluppa grandi cime ricoperte di resina. Questo la rende una scelta perfetta per gli amanti delle estrazioni senza solventi, che apprezzeranno la qualit\u00e0 della resina prodotta da questa variet\u00e0. Che vogliate fumare, vaporizzare o estrarre, la Zahemi offre una versatilit\u00e0 che soddisfa tutti.<\/p>\n<p>Quando si tratta di effetti, Zahemi non fa le cose a met\u00e0. Con un effetto forte, questa variet\u00e0 \u00e8 ideale per chi cerca un'esperienza rilassante ed euforica. \u00c8 una delle nostre variet\u00e0 preferite per un perfetto wake &amp; bake, che aiuta a iniziare la giornata con energia e buon umore.<\/p>\n<p>In breve, la Zahemi \u00e8 una variet\u00e0 che combina tutti gli elementi che coltivatori e consumatori cercano: genetica di qualit\u00e0, sapori fruttati, facilit\u00e0 di coltivazione ed effetti potenti. Che siate principianti o coltivatori esperti, questa pianta merita un posto nel vostro giardino. Non perdete l'occasione di scoprire questa meravigliosa variet\u00e0 che vi far\u00e0 sorridere ad ogni boccata!<\/p>\n<p><strong>Semi regolari<\/strong><br \/>\n<strong>Confezione<\/strong> 12 semi (12)<br \/>\n<strong>Allevatore<\/strong> : Perfect Tree<br \/>\n<strong>Nome<\/strong> : Zahemi<br \/>\n<strong>Croce<\/strong> : Yahemi x Za\u00ef Za\u00ef<br \/>\n<strong>Prestazioni<\/strong> : medio-alto<br \/>\n<strong>Genetica<\/strong> Ibrido<br \/>\n<strong>Periodo di fioritura<\/strong> 56-60 giorni<br \/>\n<strong>Il gusto<\/strong> Insalata di frutta tropicale<br \/>\n<strong>Esperienza<\/strong> Effetto forte<\/p>\n<p><em><u>Avvertenze<\/u> Il possesso e la raccolta di semi sono autorizzati in Francia. Questi semi non devono essere utilizzati per scopi diversi da quelli autorizzati dalla legge del proprio Paese. La germinazione e la vendita ai minori sono severamente vietate. AAASeedz non pu\u00f2 essere ritenuta responsabile in caso di mancato rispetto delle leggi del paese di residenza.<\/em><\/p>","protected":false},"excerpt":{"rendered":"<p>Zahemi, la plante id\u00e9ale pour les d\u00e9butants et les amateurs de saveurs fruit\u00e9es. Si vous \u00eates \u00e0 la recherche d&rsquo;une<\/p>","protected":false},"featured_media":12434,"template":"","meta":[],"product_brand":[],"product_cat":[71],"product_tag":[278,109,483,482,303],"class_list":{"0":"post-12490","1":"product","2":"type-product","3":"status-publish","4":"has-post-thumbnail","6":"product_cat-regulieres","7":"product_tag-perfect-tree","8":"product_tag-regulieres","9":"product_tag-yahemi","10":"product_tag-zahemi","11":"product_tag-zaizai","13":"first","14":"outofstock","15":"shipping-taxable","16":"purchasable","17":"product-type-simple"},"jetpack_sharing_enabled":true,"_links":{"self":[{"href":"https:\/\/www.aaaseedz.com\/it\/wp-json\/wp\/v2\/product\/12490","targetHints":{"allow":["GET"]}}],"collection":[{"href":"https:\/\/www.aaaseedz.com\/it\/wp-json\/wp\/v2\/product"}],"about":[{"href":"https:\/\/www.aaaseedz.com\/it\/wp-json\/wp\/v2\/types\/product"}],"wp:featuredmedia":[{"embeddable":true,"href":"https:\/\/www.aaaseedz.com\/it\/wp-json\/wp\/v2\/media\/12434"}],"wp:attachment":[{"href":"https:\/\/www.aaaseedz.com\/it\/wp-json\/wp\/v2\/media?parent=12490"}],"wp:term":[{"taxonomy":"product_brand","embeddable":true,"href":"https:\/\/www.aaaseedz.com\/it\/wp-json\/wp\/v2\/product_brand?post=12490"},{"taxonomy":"product_cat","embeddable":true,"href":"https:\/\/www.aaaseedz.com\/it\/wp-json\/wp\/v2\/product_cat?post=12490"},{"taxonomy":"product_tag","embeddable":true,"href":"https:\/\/www.aaaseedz.com\/it\/wp-json\/wp\/v2\/product_tag?post=12490"}],"curies":[{"name":"wp","href":"https:\/\/api.w.org\/{rel}","templated":true}]}}