{"id":12491,"date":"2025-03-20T14:09:36","date_gmt":"2025-03-20T13:09:36","guid":{"rendered":"https:\/\/www.aaaseedz.com\/?post_type=product&#038;p=12491"},"modified":"2025-03-20T15:03:06","modified_gmt":"2025-03-20T14:03:06","slug":"albero-perfetto-tropizai","status":"publish","type":"product","link":"https:\/\/www.aaaseedz.com\/it\/produit\/tropizai-perfect-tree\/","title":{"rendered":"Tropiza\u00ef - Albero perfetto"},"content":{"rendered":"<p>Tropiza\u00ef, un'esplosione di sapori tropicali e potenti effetti. Se state cercando una variet\u00e0 di cannabis che combini aromi ammalianti, bell'aspetto ed effetti potenti, non cercate oltre la Tropiza\u00ef. Questo incrocio tra la Tropicanna Cherry della Relentless Genetics e il maschio Za\u00efza\u00ef \u00e8 una vera meraviglia per gli amanti della cannabis. Con le sue caratteristiche uniche, Tropiza\u00ef \u00e8 pronta a sedurre coltivatori e consumatori.<\/p>\n<p>Non appena si apre una confezione di Tropiza\u00ef, si viene accolti da un incredibile profilo terpenico. Questa variet\u00e0 offre un'esplosione di aromi di frutta tropicale, accompagnati da fresche note di canna da zucchero. Le sfumature di Original Z aggiungono ulteriore profondit\u00e0 alla fragranza, rendendo ogni inalazione una vera delizia per i sensi. Che siate intenditori o principianti, il profumo inebriante di Tropiza\u00ef vi conquister\u00e0 sicuramente.<\/p>\n<p>Il Tropiza\u00ef non \u00e8 solo delizioso, ma anche facile da coltivare. Con un tempo di fioritura di circa 8-9 settimane, questa pianta \u00e8 relativamente veloce nel raggiungere la piena maturit\u00e0. I coltivatori apprezzeranno la sua capacit\u00e0 di produrre cime ben formate e un'eccellente produzione di resina. In termini di resa, aspettatevi risultati medio-alti, il che la rende una scelta ideale per chi vuole massimizzare il proprio raccolto.<\/p>\n<p>Oltre ai suoi aromi e alle sue rese, il Tropiza\u00ef \u00e8 anche una pianta meravigliosa da coltivare. Vanta bellissimi colori che aggiungono un tocco estetico al vostro giardino. Le cime ben formate e l'abbondante produzione di resina rendono questa variet\u00e0 una vera festa per gli occhi. Che siate coltivatori amatoriali o esperti, sarete felici di vedere questa bellezza prosperare nelle vostre cure.<\/p>\n<p>Quando si parla di effetti, la Tropiza\u00ef non delude. Con un effetto forte, questa variet\u00e0 \u00e8 perfetta per chi cerca un'esperienza rilassante ed euforica. Che vogliate rilassarvi dopo una lunga giornata o stimolare la vostra creativit\u00e0, Tropiza\u00ef \u00e8 l\u00ec per accompagnarvi. \u00c8 una variet\u00e0 che potrebbe facilmente diventare la vostra nuova preferita, sia per uso ricreativo che terapeutico.<\/p>\n<p>Come molte variet\u00e0 della linea Za\u00efza\u00ef, Tropiza\u00ef \u00e8 un'ottima produttrice ed \u00e8 probabile che troviate una pianta da tenere in considerazione fin dalla prima confezione. Ci\u00f2 significa che potreste scoprire una pianta che soddisfa perfettamente le vostre aspettative in termini di sapore ed effetto. Per i coltivatori alla ricerca di nuove variet\u00e0 da aggiungere alla loro collezione, Tropiza\u00ef \u00e8 un must.<\/p>\n<p>In breve, la Tropiza\u00ef \u00e8 una variet\u00e0 che combina un profilo terpenico eccezionale, facilit\u00e0 di coltivazione ed effetti potenti. Che siate coltivatori appassionati o amanti della cannabis, questa pianta merita un posto nel vostro giardino. Non perdete l'occasione di scoprire questa meravigliosa variet\u00e0, che promette di regalare un'esperienza indimenticabile. Preparatevi a immergervi in un mondo di sapori tropicali ed effetti rilassanti con Tropiza\u00ef!<\/p>\n<p><strong>Semi regolari<\/strong><br \/>\n<strong>Confezione<\/strong> 12 semi (12)<br \/>\n<strong>Allevatore<\/strong> : Perfect Tree<br \/>\n<strong>Nome<\/strong> : Tropiza\u00ef<br \/>\n<strong>Croce<\/strong> Ciliegia Tropicana x Za\u00ef Za\u00ef<br \/>\n<strong>Prestazioni<\/strong> : medio-alto<br \/>\n<strong>Genetica<\/strong> Ibrido<br \/>\n<strong>Periodo di fioritura<\/strong> 60-67 giorni<br \/>\n<strong>Il gusto<\/strong> Frutta tropicale e canna da zucchero<br \/>\n<strong>Esperienza<\/strong> Effetto forte<\/p>\n<p><em><u>Avvertenze<\/u> Il possesso e la raccolta di semi sono autorizzati in Francia. Questi semi non devono essere utilizzati per scopi diversi da quelli autorizzati dalla legge del proprio Paese. La germinazione e la vendita ai minori sono severamente vietate. AAASeedz non pu\u00f2 essere ritenuta responsabile in caso di mancato rispetto delle leggi del paese di residenza.<\/em><\/p>","protected":false},"excerpt":{"rendered":"<p>Tropiza\u00ef, une explosion de saveurs tropicales et d&rsquo;effets puissants. Si vous \u00eates \u00e0 la recherche d&rsquo;une vari\u00e9t\u00e9 de cannabis qui<\/p>","protected":false},"featured_media":12431,"template":"","meta":[],"product_brand":[],"product_cat":[71],"product_tag":[278,109,485,484,303],"class_list":{"0":"post-12491","1":"product","2":"type-product","3":"status-publish","4":"has-post-thumbnail","6":"product_cat-regulieres","7":"product_tag-perfect-tree","8":"product_tag-regulieres","9":"product_tag-tropicana-cherry","10":"product_tag-tropizai","11":"product_tag-zaizai","13":"first","14":"outofstock","15":"shipping-taxable","16":"purchasable","17":"product-type-simple"},"jetpack_sharing_enabled":true,"_links":{"self":[{"href":"https:\/\/www.aaaseedz.com\/it\/wp-json\/wp\/v2\/product\/12491","targetHints":{"allow":["GET"]}}],"collection":[{"href":"https:\/\/www.aaaseedz.com\/it\/wp-json\/wp\/v2\/product"}],"about":[{"href":"https:\/\/www.aaaseedz.com\/it\/wp-json\/wp\/v2\/types\/product"}],"wp:featuredmedia":[{"embeddable":true,"href":"https:\/\/www.aaaseedz.com\/it\/wp-json\/wp\/v2\/media\/12431"}],"wp:attachment":[{"href":"https:\/\/www.aaaseedz.com\/it\/wp-json\/wp\/v2\/media?parent=12491"}],"wp:term":[{"taxonomy":"product_brand","embeddable":true,"href":"https:\/\/www.aaaseedz.com\/it\/wp-json\/wp\/v2\/product_brand?post=12491"},{"taxonomy":"product_cat","embeddable":true,"href":"https:\/\/www.aaaseedz.com\/it\/wp-json\/wp\/v2\/product_cat?post=12491"},{"taxonomy":"product_tag","embeddable":true,"href":"https:\/\/www.aaaseedz.com\/it\/wp-json\/wp\/v2\/product_tag?post=12491"}],"curies":[{"name":"wp","href":"https:\/\/api.w.org\/{rel}","templated":true}]}}