{"id":12493,"date":"2025-03-20T14:25:20","date_gmt":"2025-03-20T13:25:20","guid":{"rendered":"https:\/\/www.aaaseedz.com\/?post_type=product&#038;p=12493"},"modified":"2025-03-20T15:02:11","modified_gmt":"2025-03-20T14:02:11","slug":"pesca-blu-albero-perfetto","status":"publish","type":"product","link":"https:\/\/www.aaaseedz.com\/it\/produit\/blue-peach-perfect-tree\/","title":{"rendered":"Pesca blu - Albero perfetto"},"content":{"rendered":"<p>Blue Peach, un'abbagliante fusione di sapori ed effetti. Se state cercando una variet\u00e0 di cannabis che combini dolcezza fruttata e potenza, non cercate oltre la Blue Peach. Questo incrocio tra Blue 16 e Peach Ozz \u00e8 una vera rivelazione per gli amanti della cannabis. Con le sue caratteristiche uniche, Blue Peach promette di offrire un'esperienza sensoriale e gustativa indimenticabile.<\/p>\n<p>Blue Peach \u00e8 il risultato di un incrocio accuratamente realizzato tra la nostra selezione Blue 16 (una miscela di Blue Cookies, Please Object 4516 e Project 4510) e un'inversione di Peach Ozz. Questa genetica ibrida a predominanza indica offre il perfetto equilibrio tra relax e piacere. I coltivatori apprezzeranno la robustezza di questa pianta, che si sviluppa con un vigore impressionante.<\/p>\n<p>Uno degli aspetti pi\u00f9 affascinanti della Pesca Blu \u00e8 il suo profilo aromatico. Questa variet\u00e0 offre una combinazione dolce, fruttata e speziata che delizier\u00e0 le vostre papille gustative. Immaginate una dolcezza fruttata, ereditata da Peach Ozz, combinata con le note pi\u00f9 forti e speziate di Blue 16. Ogni inalazione \u00e8 una vera e propria esplosione di sapori. Ogni inalazione \u00e8 una vera e propria esplosione di sapori che vi trasporter\u00e0 in un succoso frutteto di pesche, aggiungendo un tocco di spezie per rendere l'esperienza ancora pi\u00f9 memorabile.<\/p>\n<p>Quando si tratta di effetti, Blue Peach non delude. Con un'esperienza potente e narcotica, questa variet\u00e0 \u00e8 ideale per i fumatori accaniti alla ricerca di un profondo relax. I suoi effetti durano a lungo, permettendovi di rilassarvi dopo una lunga giornata o di godervi una serata tranquilla. Che vogliate rilassarvi sul divano o godervi un momento di socialit\u00e0 con gli amici, Blue Peach \u00e8 l\u00ec per accompagnarvi.<\/p>\n<p>Blue Peach \u00e8 anche una pianta che risponde molto bene alla cimatura, che massimizza la produzione di cespi. I coltivatori apprezzeranno la sua capacit\u00e0 di produrre rese generose, anche se ci\u00f2 dipende dall'abilit\u00e0 individuale. Con un tempo di fioritura di circa 8 settimane, questa variet\u00e0 \u00e8 relativamente veloce da raccogliere, il che la rende una scelta ideale per chi vuole godersi i propri sforzi in tempi brevi.<\/p>\n<p>Oltre ai suoi aromi ed effetti, la Blue Peach \u00e8 anche una pianta meravigliosa da coltivare. I suoi colori sono sublimi, con un accattivante mix di verde, viola, argento e blu scuro. Questa bellezza visiva aggiunge una dimensione estetica al vostro giardino, rendendo la coltivazione del Pesco blu ancora pi\u00f9 gratificante.<\/p>\n<p>In breve, Blue Peach \u00e8 una variet\u00e0 che combina genetiche di qualit\u00e0, sapori unici ed effetti potenti. Che siate coltivatori appassionati o amanti della cannabis, questa pianta merita un posto nel vostro giardino. Con la sua miscela di dolcezza fruttata e potenza, offre un'esperienza sensoriale senza pari. Non perdete l'occasione di scoprire Blue Peach, la variet\u00e0 che vi far\u00e0 tornare pi\u00f9 volte ad assaporare le sue delizie! Preparatevi ad immergervi in un mondo di sapori ed effetti con Blue Peach!<\/p>\n<p><strong>Semi femminizzati<\/strong><br \/>\n<strong>Confezione<\/strong> 6+3 semi omaggio (LH2P) (9)<br \/>\n<strong>Allevatore<\/strong> : Perfect Tree<br \/>\n<strong>Nome<\/strong> : Pesca blu<br \/>\n<strong>Croce<\/strong> : Blu 16 X Pesca Ozz<br \/>\n<strong>Prestazioni<\/strong> : medio-alto<br \/>\n<strong>Genetica<\/strong> Ibrido a predominanza Indica<br \/>\n<strong>Periodo di fioritura<\/strong> 56-60 giorni<br \/>\n<strong>Il gusto<\/strong> Dolce, fruttato e speziato<br \/>\n<strong>Esperienza<\/strong> Potente rilassamento profondo<\/p>\n<p><em><u>Avvertenze<\/u> Il possesso e la raccolta di semi sono autorizzati in Francia. Questi semi non devono essere utilizzati per scopi diversi da quelli autorizzati dalla legge del proprio Paese. La germinazione e la vendita ai minori sono severamente vietate. AAASeedz non pu\u00f2 essere ritenuta responsabile in caso di mancato rispetto delle leggi del paese di residenza.<\/em><\/p>","protected":false},"excerpt":{"rendered":"<p>Blue Peach, une fusion \u00e9blouissante de saveurs et d&rsquo;effets. Si vous \u00eates \u00e0 la recherche d&rsquo;une vari\u00e9t\u00e9 de cannabis qui<\/p>","protected":false},"featured_media":12422,"template":"","meta":[],"product_brand":[],"product_cat":[70],"product_tag":[489,488,77,293,278],"class_list":{"0":"post-12493","1":"product","2":"type-product","3":"status-publish","4":"has-post-thumbnail","6":"product_cat-feminisees","7":"product_tag-blue-16","8":"product_tag-blue-peach","9":"product_tag-feminisee","10":"product_tag-peach-ozz","11":"product_tag-perfect-tree","13":"first","14":"outofstock","15":"shipping-taxable","16":"purchasable","17":"product-type-simple"},"jetpack_sharing_enabled":true,"_links":{"self":[{"href":"https:\/\/www.aaaseedz.com\/it\/wp-json\/wp\/v2\/product\/12493","targetHints":{"allow":["GET"]}}],"collection":[{"href":"https:\/\/www.aaaseedz.com\/it\/wp-json\/wp\/v2\/product"}],"about":[{"href":"https:\/\/www.aaaseedz.com\/it\/wp-json\/wp\/v2\/types\/product"}],"wp:featuredmedia":[{"embeddable":true,"href":"https:\/\/www.aaaseedz.com\/it\/wp-json\/wp\/v2\/media\/12422"}],"wp:attachment":[{"href":"https:\/\/www.aaaseedz.com\/it\/wp-json\/wp\/v2\/media?parent=12493"}],"wp:term":[{"taxonomy":"product_brand","embeddable":true,"href":"https:\/\/www.aaaseedz.com\/it\/wp-json\/wp\/v2\/product_brand?post=12493"},{"taxonomy":"product_cat","embeddable":true,"href":"https:\/\/www.aaaseedz.com\/it\/wp-json\/wp\/v2\/product_cat?post=12493"},{"taxonomy":"product_tag","embeddable":true,"href":"https:\/\/www.aaaseedz.com\/it\/wp-json\/wp\/v2\/product_tag?post=12493"}],"curies":[{"name":"wp","href":"https:\/\/api.w.org\/{rel}","templated":true}]}}