{"id":12496,"date":"2025-03-20T14:33:34","date_gmt":"2025-03-20T13:33:34","guid":{"rendered":"https:\/\/www.aaaseedz.com\/?post_type=product&#038;p=12496"},"modified":"2025-03-20T15:00:25","modified_gmt":"2025-03-20T14:00:25","slug":"aureola-albero-perfetto","status":"publish","type":"product","link":"https:\/\/www.aaaseedz.com\/it\/produit\/halo-halo-perfect-tree\/","title":{"rendered":"Halo Halo - Albero perfetto"},"content":{"rendered":"<p>Halo Halo, un'esplosione di sapore e resina. Se state cercando una variet\u00e0 di cannabis che combini qualit\u00e0, sapore squisito e produzione di resina, non cercate oltre Halo Halo. Questo incrocio tra Bingsu e Banana Punch \u00e8 una vera meraviglia per gli amanti della cannabis, che promette un'esperienza sensoriale indimenticabile. Con le sue caratteristiche uniche, Halo Halo \u00e8 pronta a sedurre coltivatori e consumatori.<\/p>\n<p>Halo Halo \u00e8 il risultato di un incrocio accuratamente realizzato tra Bingsu e Banana Punch. Questa genetica ibrida a predominanza indica offre il perfetto equilibrio tra relax e piacere. I coltivatori apprezzeranno la robustezza di questa pianta, che si sviluppa con un vigore impressionante. Con un tempo di fioritura di circa 8 settimane, Halo Halo \u00e8 relativamente veloce da raccogliere, il che la rende una scelta ideale per chi vuole godersi rapidamente i propri sforzi.<\/p>\n<p>Uno degli aspetti pi\u00f9 accattivanti di Halo Halo \u00e8 il suo profilo gustativo. Questa variet\u00e0 offre una combinazione unica di crema, gas e banana, creando un'esperienza di gusto che delizier\u00e0 le vostre papille gustative. Immaginate una dolcezza cremosa, seguita da note fruttate di banana, il tutto avvolto da un tocco di gas caldo. Ogni inalazione \u00e8 una vera e propria esplosione di sapori che vi trasporter\u00e0 in un mondo di delizie.<\/p>\n<p>Quando si tratta di effetti, la Halo Halo non delude. Con un effetto forte, questa variet\u00e0 \u00e8 ideale per chi cerca un'esperienza rilassante e narcotica. Non \u00e8 proprio pensata per essere fumata durante il giorno, a meno che non abbiate intenzione di fare un breve pisolino dopo aver assaggiato i suoi terpeni che creano dipendenza. Se state cercando di rilassarvi dopo una lunga giornata o semplicemente di godervi un momento di tranquillit\u00e0, Halo Halo \u00e8 l\u00ec per accompagnarvi.<\/p>\n<p>Halo Halo \u00e8 anche una pianta molto soddisfacente per le estrazioni senza solventi. La sua qualit\u00e0 di resina \u00e8 impressionante e, una volta selezionato il fenotipo giusto, rimarrete stupiti dalla ricchezza e dalla purezza della sua resina. \u00c8 una delle migliori opzioni per tutti gli appassionati di hashish, in quanto offre un'esperienza superiore che delizier\u00e0 gli intenditori.<\/p>\n<p>In termini di resa, Halo Halo offre un potenziale medio-alto, che la rende una scelta ideale per i coltivatori alla ricerca di raccolti generosi. La sua facilit\u00e0 di coltivazione e la sua robustezza la rendono una variet\u00e0 accessibile anche ai coltivatori alle prime armi. Con le giuste cure e manutenzioni, potrete massimizzare il vostro raccolto e sfruttare appieno le delizie che questa pianta ha da offrire.<\/p>\n<p>In breve, Halo Halo \u00e8 una variet\u00e0 che combina genetiche di qualit\u00e0, sapori ammalianti ed effetti potenti. Che siate coltivatori appassionati o amanti della cannabis, questa pianta merita un posto nel vostro giardino. Con la sua miscela di crema, gas e banane, offre un'esperienza sensoriale senza pari. Non perdete l'occasione di scoprire Halo Halo, la variet\u00e0 che vi far\u00e0 tornare pi\u00f9 volte ad assaporare le sue delizie! Preparatevi ad immergervi in un mondo di sapori ed effetti con Halo Halo!<\/p>\n<p><strong>Semi regolari<\/strong><br \/>\n<strong>Confezione<\/strong> 12 semi (12)<br \/>\n<strong>Allevatore<\/strong> : Perfect Tree<br \/>\n<strong>Nome<\/strong> : Halo Halo<br \/>\n<strong>Croce<\/strong> Bingsu x Banana Punch<br \/>\n<strong>Prestazioni<\/strong> : medio-alto<br \/>\n<strong>Genetica<\/strong> Ibrido a predominanza Indica<br \/>\n<strong>Periodo di fioritura<\/strong> 56-60 giorni<br \/>\n<strong>Il gusto<\/strong> Crema, gas e banane<br \/>\n<strong>Esperienza<\/strong> Effetto forte<\/p>\n<p><em><u>Avvertenze<\/u> Il possesso e la raccolta di semi sono autorizzati in Francia. Questi semi non devono essere utilizzati per scopi diversi da quelli autorizzati dalla legge del proprio Paese. La germinazione e la vendita ai minori sono severamente vietate. AAASeedz non pu\u00f2 essere ritenuta responsabile in caso di mancato rispetto delle leggi del paese di residenza.<\/em><\/p>","protected":false},"excerpt":{"rendered":"<p>Halo Halo, une explosion de saveurs et de r\u00e9sine. Si vous \u00eates \u00e0 la recherche d&rsquo;une vari\u00e9t\u00e9 de cannabis qui<\/p>","protected":false},"featured_media":12437,"template":"","meta":[],"product_brand":[],"product_cat":[71],"product_tag":[491,487,490,278,109],"class_list":{"0":"post-12496","1":"product","2":"type-product","3":"status-publish","4":"has-post-thumbnail","6":"product_cat-regulieres","7":"product_tag-banana-punch","8":"product_tag-bingsu","9":"product_tag-halo-halo","10":"product_tag-perfect-tree","11":"product_tag-regulieres","13":"first","14":"outofstock","15":"shipping-taxable","16":"purchasable","17":"product-type-simple"},"jetpack_sharing_enabled":true,"_links":{"self":[{"href":"https:\/\/www.aaaseedz.com\/it\/wp-json\/wp\/v2\/product\/12496","targetHints":{"allow":["GET"]}}],"collection":[{"href":"https:\/\/www.aaaseedz.com\/it\/wp-json\/wp\/v2\/product"}],"about":[{"href":"https:\/\/www.aaaseedz.com\/it\/wp-json\/wp\/v2\/types\/product"}],"wp:featuredmedia":[{"embeddable":true,"href":"https:\/\/www.aaaseedz.com\/it\/wp-json\/wp\/v2\/media\/12437"}],"wp:attachment":[{"href":"https:\/\/www.aaaseedz.com\/it\/wp-json\/wp\/v2\/media?parent=12496"}],"wp:term":[{"taxonomy":"product_brand","embeddable":true,"href":"https:\/\/www.aaaseedz.com\/it\/wp-json\/wp\/v2\/product_brand?post=12496"},{"taxonomy":"product_cat","embeddable":true,"href":"https:\/\/www.aaaseedz.com\/it\/wp-json\/wp\/v2\/product_cat?post=12496"},{"taxonomy":"product_tag","embeddable":true,"href":"https:\/\/www.aaaseedz.com\/it\/wp-json\/wp\/v2\/product_tag?post=12496"}],"curies":[{"name":"wp","href":"https:\/\/api.w.org\/{rel}","templated":true}]}}