{"id":11674,"date":"2024-05-19T22:07:16","date_gmt":"2024-05-19T20:07:16","guid":{"rendered":"https:\/\/www.aaaseedz.com\/?page_id=11674"},"modified":"2024-05-19T22:46:14","modified_gmt":"2024-05-19T20:46:14","slug":"404-2","status":"publish","type":"page","link":"https:\/\/www.aaaseedz.com\/pt\/404-2\/","title":{"rendered":"404"},"content":{"rendered":"<div class=\"wpb-content-wrapper\"><div class=\"vc_row wpb_row vc_row-fluid\"><div class=\"wpb_column vc_column_container vc_col-sm-12 wd-rs-664a61fae9c77\"><div class=\"vc_column-inner vc_custom_1716150795784\"><div class=\"wpb_wrapper\">\n\t<div  class=\"wpb_single_image wpb_content_element vc_align_center\">\n\t\t\n\t\t<figure class=\"wpb_wrapper vc_figure\">\n\t\t\t<div class=\"vc_single_image-wrapper   vc_box_border_grey\"><img loading=\"lazy\" decoding=\"async\" width=\"500\" height=\"500\" src=\"https:\/\/www.aaaseedz.com\/wp-content\/uploads\/2024\/05\/Erreur-404.jpg?wsr\" class=\"vc_single_image-img attachment-full\" alt=\"\" title=\"Erro 404\" srcset=\"https:\/\/www.aaaseedz.com\/wp-content\/uploads\/2024\/05\/Erreur-404.jpg 500w, https:\/\/www.aaaseedz.com\/wp-content\/uploads\/2024\/05\/Erreur-404-300x300.jpg 300w, https:\/\/www.aaaseedz.com\/wp-content\/uploads\/2024\/05\/Erreur-404-150x150.jpg 150w, https:\/\/www.aaaseedz.com\/wp-content\/uploads\/2024\/05\/Erreur-404-12x12.jpg 12w, https:\/\/www.aaaseedz.com\/wp-content\/uploads\/2024\/05\/Erreur-404-430x430.jpg 430w\" sizes=\"auto, (max-width: 500px) 100vw, 500px\" \/><\/div>\n\t\t<\/figure>\n\t<\/div>\n\n\t<div class=\"wpb_text_column wpb_content_element vc_custom_1716151557274\" >\n\t\t<div class=\"wpb_wrapper\">\n\t\t\t<p><center><\/p>\n<h1><span style=\"color: red;\">OOOUPS!<\/span> ERRO 404<\/h1>\n<p><b>P\u00c1GINA N\u00c3O ENCONTRADA!<\/b><br \/>\n<i>A P\u00c1GINA N\u00c3O EXISTE OU FOI ELIMINADA ...<\/i><\/center><\/p>\n\n\t\t<\/div>\n\t<\/div>\n<\/div><\/div><\/div><\/div>\n<\/div>","protected":false},"excerpt":{"rendered":"OOOUPS! ERRO 404 P\u00c1GINA N\u00c3O ENCONTRADA! A P\u00c1GINA N\u00c3O EXISTE OU FOI ELIMINADA...","protected":false},"author":1,"featured_media":0,"parent":0,"menu_order":0,"comment_status":"closed","ping_status":"closed","template":"","meta":{"footnotes":""},"class_list":["post-11674","page","type-page","status-publish","hentry"],"jetpack_sharing_enabled":true,"_links":{"self":[{"href":"https:\/\/www.aaaseedz.com\/pt\/wp-json\/wp\/v2\/pages\/11674","targetHints":{"allow":["GET"]}}],"collection":[{"href":"https:\/\/www.aaaseedz.com\/pt\/wp-json\/wp\/v2\/pages"}],"about":[{"href":"https:\/\/www.aaaseedz.com\/pt\/wp-json\/wp\/v2\/types\/page"}],"author":[{"embeddable":true,"href":"https:\/\/www.aaaseedz.com\/pt\/wp-json\/wp\/v2\/users\/1"}],"replies":[{"embeddable":true,"href":"https:\/\/www.aaaseedz.com\/pt\/wp-json\/wp\/v2\/comments?post=11674"}],"version-history":[{"count":0,"href":"https:\/\/www.aaaseedz.com\/pt\/wp-json\/wp\/v2\/pages\/11674\/revisions"}],"wp:attachment":[{"href":"https:\/\/www.aaaseedz.com\/pt\/wp-json\/wp\/v2\/media?parent=11674"}],"curies":[{"name":"wp","href":"https:\/\/api.w.org\/{rel}","templated":true}]}}