{"id":3,"date":"2024-04-30T15:04:02","date_gmt":"2024-04-30T13:04:02","guid":{"rendered":"http:\/\/aaaseedz.com\/?page_id=3"},"modified":"2024-05-09T14:10:47","modified_gmt":"2024-05-09T12:10:47","slug":"politica-de-privacidade","status":"publish","type":"page","link":"https:\/\/www.aaaseedz.com\/pt\/politique-de-confidentialite\/","title":{"rendered":"Pol\u00edtica de privacidade (RGPD)"},"content":{"rendered":"<p align=\"center\"><img decoding=\"async\" src=\"https:\/\/www.aaaseedz.com\/wp-content\/uploads\/2024\/04\/Logo-AAASeedz-01.png\" \/><\/p>\n<p align=\"center\"><strong>CARTA DE PROTEC\u00c7\u00c3O DOS DADOS PESSOAIS<\/strong><br \/>\n<span style=\"font-size: small;\"><em>Em conformidade com o Regulamento Europeu 2016\/679 de 27 de abril de 2016 (RGPD)<\/em><\/span><\/p>\n<p align=\"justify\">A presente carta de prote\u00e7\u00e3o dos dados pessoais (a seguir designada \"Carta\") descreve o compromisso do s\u00edtio AAASeedz, publicado por Damien B. na qualidade de respons\u00e1vel pelo tratamento dos dados, no que diz respeito \u00e0 privacidade e \u00e0 prote\u00e7\u00e3o dos dados pessoais dos seus utilizadores. Esta Carta foi elaborada para o informar sobre as pr\u00e1ticas e condi\u00e7\u00f5es em que a AAASeedz recolhe, utiliza e armazena os seus dados pessoais (doravante designados por \"Dados\"). Ela descreve os v\u00e1rios Dados que podemos recolher e tratar ou que nos pode transmitir quando acede e\/ou utiliza o s\u00edtio www.aaaseedz.com no qual os nossos produtos s\u00e3o vendidos. O termo \"Site\" refere-se apenas ao site www.aaaseedz.com.<\/p>\n<p align=\"justify\">Dada a constante evolu\u00e7\u00e3o das leis e regulamentos relativos \u00e0 tecnologia e \u00e0 prote\u00e7\u00e3o dos dados pessoais, \u00e9 prov\u00e1vel que a presente Carta seja actualizada. Se for um utilizador do S\u00edtio, ser\u00e1 informado de quaisquer altera\u00e7\u00f5es por correio eletr\u00f3nico. Se uma das cl\u00e1usulas da presente Pol\u00edtica de Privacidade for declarada inv\u00e1lida ou contr\u00e1ria \u00e0 regulamenta\u00e7\u00e3o, ser\u00e1 considerada n\u00e3o escrita, mas n\u00e3o invalidar\u00e1 as outras cl\u00e1usulas da presente Pol\u00edtica de Privacidade.<\/p>\n<p align=\"justify\">A presente Carta aplica-se aos dados recolhidos:<\/p>\n<p>- Ao navegar no S\u00edtio<br \/>\n- Atrav\u00e9s de mensagens de correio eletr\u00f3nico ou outras mensagens trocadas entre a AAASeedz e o utilizador<br \/>\n- Quando o utilizador cria uma conta de utilizador no S\u00edtio<br \/>\n- Quando o utilizador faz uma encomenda no S\u00edtio<br \/>\n- Quando o utilizador subscreve a Newsletter (a \"Newsletter\")<\/p>\n<p align=\"justify\">N\u00e3o se aplica \u00e0s informa\u00e7\u00f5es recolhidas por terceiros ou atrav\u00e9s de s\u00edtios geridos por estes \u00faltimos, incluindo atrav\u00e9s de aplica\u00e7\u00f5es ou conte\u00fados (incluindo an\u00fancios) que redireccionem o utilizador para o S\u00edtio. Agradecemos-lhe a leitura atenta da Carta relativa ao tratamento dos seus Dados e informamo-lo de que a navega\u00e7\u00e3o no nosso S\u00edtio implica necessariamente a aceita\u00e7\u00e3o desta Carta. Se n\u00e3o aceitar esta Carta, convidamo-lo a abandonar o nosso S\u00edtio. \u00c9 da sua responsabilidade verificar se os dados comunicados \u00e0 AAASeedz est\u00e3o em conformidade. Se necess\u00e1rio, poder\u00e1 corrigi-los e actualiz\u00e1-los no seu espa\u00e7o \"A minha conta\".<\/p>\n<p><strong>1. Que dados \u00e9 que a AAASeedz recolhe?<\/strong><\/p>\n<p align=\"justify\">Consoante a natureza e a finalidade da sua intera\u00e7\u00e3o com a AAASeedz (cria\u00e7\u00e3o de uma conta de utilizador, subscri\u00e7\u00e3o da Newsletter, preenchimento de formul\u00e1rios de contacto, bem como durante eventuais contactos telef\u00f3nicos), \u00e9 prov\u00e1vel que recolhamos os seguintes dados:<\/p>\n<p align=\"justify\">O seu endere\u00e7o de correio eletr\u00f3nico ser\u00e1 solicitado se pretender criar uma conta de utilizador, comunicar connosco atrav\u00e9s dos formul\u00e1rios de contacto e\/ou receber a nossa Newsletter.<br \/>\nPodem ser-lhe solicitados dados relativos \u00e0 sua identidade, como o seu apelido, nome pr\u00f3prio, endere\u00e7o eletr\u00f3nico, endere\u00e7o postal e n\u00famero de telefone.<br \/>\nDados relativos \u00e0 navega\u00e7\u00e3o: trata-se de dados relativos \u00e0 forma como o utilizador utiliza o S\u00edtio, incluindo: endere\u00e7o IP, browser utilizado, tempo de navega\u00e7\u00e3o, hist\u00f3rico de pesquisa, sistema operativo utilizado, idioma e p\u00e1ginas visualizadas.<br \/>\nDados relativos \u00e0s visitas do utilizador ao S\u00edtio, incluindo dados de tr\u00e1fego, ficheiros de registo e outros dados ou recursos de comunica\u00e7\u00e3o que o utilizador utiliza para aceder ao S\u00edtio<br \/>\nDados relativos \u00e0s encomendas: o seu endere\u00e7o postal \u00e9 necess\u00e1rio para efeitos de fatura\u00e7\u00e3o. Do mesmo modo, os seus dados banc\u00e1rios, ou os de qualquer outro parceiro financeiro, devem ser fornecidos para efetuar o pagamento da sua encomenda.<br \/>\nDados relativos \u00e0 utiliza\u00e7\u00e3o de redes sociais quando utiliza as suas funcionalidades.<\/p>\n<p><strong>2. Como \u00e9 que os seus dados s\u00e3o recolhidos?<\/strong><\/p>\n<p align=\"justify\">Os dados podem ser recolhidos de v\u00e1rias formas no S\u00edtio. Os dados podem ser recolhidos diretamente quando os transfere para n\u00f3s atrav\u00e9s dos formul\u00e1rios de contacto e de cria\u00e7\u00e3o de conta de utilizador, dos formul\u00e1rios de registo de newsletter dispon\u00edveis no Site e\/ou comunicados quando nos contacta por telefone. Quando o utilizador nos contacta por estes v\u00e1rios meios, pode ser feita e arquivada uma c\u00f3pia das suas trocas de impress\u00f5es com a AAASeedz, incluindo endere\u00e7os de correio eletr\u00f3nico. A AAASeedz tamb\u00e9m recolhe certos dados indiretamente por meio de cookies\/rastreadores. Convidamo-lo a ler a nossa Pol\u00edtica de Cookies, que se destina a ajud\u00e1-lo a compreender melhor estas tecnologias e a utiliza\u00e7\u00e3o que fazemos delas no Site e como parte dos nossos servi\u00e7os, aplica\u00e7\u00f5es e ferramentas.<\/p>\n<p><strong>3. Porque \u00e9 que os seus dados s\u00e3o recolhidos?<\/strong><\/p>\n<p align=\"justify\">Se for um utilizador comum, recolhemos os seus Dados para :<\/p>\n<p align=\"justify\">Para lhe enviar a nossa Newsletter e\/ou ofertas comerciais personalizadas, caso tenha dado o seu consentimento.<br \/>\nGest\u00e3o de encomendas e execu\u00e7\u00e3o de contratos<br \/>\nGarantir a seguran\u00e7a e a rastreabilidade das compras no local<br \/>\nEnviar-lhe informa\u00e7\u00f5es sobre a sua conta (incluindo facturas de compras e hist\u00f3rico de encomendas)<br \/>\nGerir os seus pedidos enviados atrav\u00e9s da p\u00e1gina de contacto<br \/>\nPermitir que o utilizador deixe uma opini\u00e3o sobre os produtos e\/ou o S\u00edtio<br \/>\nPara o informar de altera\u00e7\u00f5es relativas ao S\u00edtio ou \u00e0 nossa gama de produtos e servi\u00e7os<br \/>\nPara cumprir os nossos direitos e obriga\u00e7\u00f5es estipulados nos contratos celebrados com os utilizadores e para qualquer outro fim legal.<\/p>\n<p align=\"justify\">Tamb\u00e9m podemos utilizar cookies ou rastreadores:<\/p>\n<p align=\"justify\">Para proteger a sua navega\u00e7\u00e3o e melhorar a sua experi\u00eancia de utilizador, nomeadamente reconhecendo o nome de utilizador e a palavra-passe que j\u00e1 forneceu para que n\u00e3o tenha de os introduzir em todas as p\u00e1ginas do S\u00edtio onde s\u00e3o necess\u00e1rios. A recusa em faz\u00ea-lo impedir\u00e1 o utilizador de efetuar encomendas no s\u00edtio (identifica\u00e7\u00e3o imposs\u00edvel). Analisar o tr\u00e1fego e os dados do S\u00edtio, a fim de medir o n\u00famero de utilizadores do S\u00edtio, facilitar a sua utiliza\u00e7\u00e3o e assegurar a sua capacidade de responder rapidamente aos seus pedidos.<\/p>\n<p align=\"justify\">A recusa em preencher corretamente o(s) formul\u00e1rio(s) do s\u00edtio pode bloquear o acesso a certas p\u00e1ginas, nomeadamente as que dizem respeito \u00e0 encomenda de produtos ou servi\u00e7os.<\/p>\n<p><strong>4. Quem processa os seus dados?<\/strong><\/p>\n<p align=\"justify\">Os seus dados s\u00e3o tratados pelo pessoal da AAASeedz e pelos seus associados encarregados de : A gest\u00e3o do Site (encomendas e envios), a gest\u00e3o do apoio, para responder a todas as suas perguntas, a gest\u00e3o da fatura\u00e7\u00e3o.<\/p>\n<p align=\"justify\">Al\u00e9m disso, no \u00e2mbito da nossa atividade e para efeitos de tratamento, os seus Dados podem ser comunicados a subcontratantes, prestadores de servi\u00e7os ou outros terceiros, nomeadamente: servi\u00e7o de correio eletr\u00f3nico, transportadoras (La Poste, Colissimo, etc.), servi\u00e7os de contabilidade, servi\u00e7os fiscais, Google Analytics. Cada uma destas partes est\u00e1 vinculada a um acordo de confidencialidade relativo \u00e0 utiliza\u00e7\u00e3o e ao tratamento de dados pessoais.<\/p>\n<p align=\"justify\">Para a gest\u00e3o dos pagamentos e para facilitar a experi\u00eancia dos seus utilizadores, a AAASeedz prop\u00f5e os seguintes meios de pagamento para efetuar compras no Site: pagamento online por cart\u00e3o de cr\u00e9dito (Carte Bleue, Visa, Eurocard \/ Mastercard). A AAASeedz n\u00e3o tem qualquer acesso aos seus identificadores e n\u00fameros de cart\u00e3o de cr\u00e9dito. Todas as transac\u00e7\u00f5es s\u00e3o protegidas por encripta\u00e7\u00e3o SSL, garantindo a identidade do organismo de pagamento e a confidencialidade dos dados.<\/p>\n<p align=\"justify\">Para enviar as nossas Newsletters, as nossas campanhas de correio eletr\u00f3nico s\u00e3o geridas pela AAASeedz.<\/p>\n<p align=\"justify\">Todos os subcontratantes, prestadores de servi\u00e7os, parceiros ou outros terceiros acima mencionados est\u00e3o vinculados por obriga\u00e7\u00f5es contratuais de respeitar a confidencialidade e a prote\u00e7\u00e3o dos dados e de os tratar exclusivamente para os fins para os quais os transferimos.<\/p>\n<p align=\"justify\">Os Dados do Utilizador podem ser transferidos para qualquer comprador ou outro sucessor em caso de fus\u00e3o, aliena\u00e7\u00e3o, reestrutura\u00e7\u00e3o, reorganiza\u00e7\u00e3o, dissolu\u00e7\u00e3o ou outra venda ou transfer\u00eancia de alguns ou de todos os activos da AAASeedz devido a incerteza ou fal\u00eancia, liquida\u00e7\u00e3o ou outros processos em que os Dados do Utilizador da AAASeedz sejam um dos activos transferidos.<\/p>\n<p align=\"justify\">Finalmente, tamb\u00e9m podemos divulgar os seus Dados: para cumprir qualquer mandato exigido pelas leis aplic\u00e1veis, incluindo pedidos governamentais e regulamentares. Se acreditarmos que a divulga\u00e7\u00e3o \u00e9 necess\u00e1ria ou apropriada para proteger os direitos, a propriedade ou a seguran\u00e7a da AAASeedz, dos seus clientes ou de outras partes interessadas. Esta poss\u00edvel divulga\u00e7\u00e3o inclui a troca de informa\u00e7\u00f5es com outras empresas e organiza\u00e7\u00f5es para efeitos de prote\u00e7\u00e3o contra a fraude e a contrafa\u00e7\u00e3o.<\/p>\n<p align=\"justify\">O s\u00edtio Web pode conter liga\u00e7\u00f5es para v\u00e1rios s\u00edtios Web e plataformas de redes sociais geridos em servidores de terceiros, por pessoas ou organiza\u00e7\u00f5es sobre as quais a AAASeedz n\u00e3o tem qualquer controlo. Consequentemente, n\u00e3o podemos, em circunst\u00e2ncia alguma, ser responsabilizados pela forma como os seus Dados s\u00e3o armazenados ou utilizados nos servidores desses terceiros. Aconselhamos o utilizador a ler a pol\u00edtica de privacidade aplic\u00e1vel de cada website de terceiros a que acede atrav\u00e9s do Site, de modo a compreender como os seus Dados ser\u00e3o utilizados.<\/p>\n<p><strong>5. Durante quanto tempo ser\u00e3o conservados os seus dados?<\/strong><\/p>\n<p align=\"justify\">A AAASeedz apenas conservar\u00e1 os seus Dados durante o tempo necess\u00e1rio para atingir os objectivos definidos no artigo 3. Este per\u00edodo de conserva\u00e7\u00e3o n\u00e3o \u00e9 o mesmo em fun\u00e7\u00e3o dos Dados em quest\u00e3o, sendo a natureza e a finalidade da recolha suscept\u00edveis de variar este per\u00edodo. Da mesma forma, certas obriga\u00e7\u00f5es legais imp\u00f5em um per\u00edodo de conserva\u00e7\u00e3o espec\u00edfico.<br \/>\nQuando subscreve a Newsletter, guardamos o seu endere\u00e7o de correio eletr\u00f3nico at\u00e9 anular a subscri\u00e7\u00e3o.<\/p>\n<p align=\"justify\">Quando contacta a AAASeedz atrav\u00e9s do formul\u00e1rio de contacto ou quando comunica connosco por telefone, os seus dados podem ser conservados: at\u00e9 um (1) ano a partir do \u00faltimo contacto, se n\u00e3o tiver uma conta de cliente ou tiver feito uma encomenda no Site. At\u00e9 dez (10) anos (per\u00edodo legal) a partir da \u00faltima encomenda efectuada no S\u00edtio, se estas informa\u00e7\u00f5es disserem respeito a esta encomenda. Em todos os outros casos, o per\u00edodo de conserva\u00e7\u00e3o destes Dados trocados n\u00e3o exceder\u00e1 um (1) ano.<\/p>\n<p align=\"justify\">No que diz respeito \u00e0 sua conta de utilizador, todos os seus dados de fatura\u00e7\u00e3o s\u00e3o conservados durante dez (10) anos a partir da data de compra, mesmo que tenha solicitado a desativa\u00e7\u00e3o da sua conta de utilizador.<\/p>\n<p align=\"justify\">Se solicitar a elimina\u00e7\u00e3o dos Dados Pessoais, a sua conta de utilizador no S\u00edtio ser\u00e1 desactivada e anonimizada, sendo depois completamente eliminada no final dos per\u00edodos acima mencionados a partir do dia em que fez o pedido. Por fim, os Dados recolhidos atrav\u00e9s de cookies ou rastreadores ser\u00e3o conservados at\u00e9 seis (6) meses no caso dos cookies ou rastreadores que medem a audi\u00eancia e at\u00e9 treze (13) meses no caso dos outros. Para al\u00e9m dos per\u00edodos de conserva\u00e7\u00e3o acima mencionados, os seus Dados ser\u00e3o anonimizados e conservados apenas para fins estat\u00edsticos.<\/p>\n<p><strong>6. Como \u00e9 que os seus dados s\u00e3o protegidos?<\/strong><\/p>\n<p align=\"justify\">Os seus dados s\u00e3o armazenados num servidor seguro protegido por uma firewall e software antiv\u00edrus. Adopt\u00e1mos medidas t\u00e9cnicas e organizacionais para garantir a seguran\u00e7a e a confidencialidade dos seus Dados contra perdas acidentais e contra o acesso, a utiliza\u00e7\u00e3o, a modifica\u00e7\u00e3o e a divulga\u00e7\u00e3o n\u00e3o autorizados. No entanto, dadas as caracter\u00edsticas inerentes \u00e0 Internet, \u00e9-nos imposs\u00edvel garantir a seguran\u00e7a \u00f3ptima das trocas de informa\u00e7\u00f5es nesta rede. Esfor\u00e7amo-nos por proteger os seus Dados, mas n\u00e3o podemos garantir a seguran\u00e7a absoluta das informa\u00e7\u00f5es transmitidas ao S\u00edtio. O utilizador concorda que transmite os seus Dados por sua pr\u00f3pria conta e risco. N\u00e3o podemos ser responsabilizados pelo n\u00e3o cumprimento dos par\u00e2metros de confidencialidade ou das medidas de seguran\u00e7a em vigor no S\u00edtio.  A este respeito, o utilizador concorda que a seguran\u00e7a das suas informa\u00e7\u00f5es tamb\u00e9m \u00e9 da sua responsabilidade. Por exemplo, \u00e9 da sua responsabilidade manter em segredo a palavra-passe que lhe permite aceder \u00e0 sua conta de utilizador. N\u00e3o deve, em caso algum, divulg\u00e1-la a terceiros. Da mesma forma, deve ter cuidado ao divulgar informa\u00e7\u00f5es nas sec\u00e7\u00f5es p\u00fablicas do s\u00edtio, que podem ser consultadas por qualquer utilizador do s\u00edtio.<\/p>\n<p><strong>7. Quais s\u00e3o os seus direitos?<\/strong><\/p>\n<p align=\"justify\">O utilizador pode escolher a forma como os dados que nos envia s\u00e3o utilizados:<\/p>\n<p align=\"justify\">O utilizador pode navegar no S\u00edtio sem fornecer quaisquer Dados. Neste caso, n\u00e3o poder\u00e1 utilizar determinadas funcionalidades do S\u00edtio e, em particular, efetuar compras (se for um utilizador comum) e\/ou descarregamentos do S\u00edtio. O utilizador pode recusar-se a fornecer os seus dados banc\u00e1rios e\/ou endere\u00e7os postais.  Neste caso, o utilizador n\u00e3o poder\u00e1 efetuar compras no S\u00edtio. O utilizador pode decidir deixar de receber a Newsletter e as nossas ofertas personalizadas: basta iniciar sess\u00e3o na sua conta de utilizador no S\u00edtio ou clicar na liga\u00e7\u00e3o do e-mail que lhe \u00e9 enviado.<\/p>\n<p align=\"justify\">Em qualquer caso, pode aceder \u00e0 sua conta de utilizador a qualquer momento para ver ou atualizar os seus Dados e anular a subscri\u00e7\u00e3o da nossa Newsletter, caso a tenha subscrito. De acordo com as disposi\u00e7\u00f5es dos regulamentos aplic\u00e1veis \u00e0 prote\u00e7\u00e3o de dados pessoais, em particular o Regulamento Europeu de Prote\u00e7\u00e3o de Dados 2016\/679 (o \"RGPD\") e a Lei Francesa de Prote\u00e7\u00e3o de Dados de 6 de janeiro de 1978 n.\u00ba 78-17, conforme alterada, tem o direito de aceder e retificar os seus Dados. Al\u00e9m disso, sujeito \u00e0s condi\u00e7\u00f5es estabelecidas pelos regulamentos acima mencionados para o exerc\u00edcio desses direitos, voc\u00ea tem direito a:<\/p>\n<p align=\"justify\">O direito de solicitar a supress\u00e3o dos seus Dados (com exce\u00e7\u00e3o dos dados contabil\u00edsticos, que devem ser conservados durante 10 anos nos termos da legisla\u00e7\u00e3o francesa - artigo L123-22 do C\u00f3digo Comercial franc\u00eas).<br \/>\nO direito de limitar o tratamento dos seus dados<br \/>\no direito de se opor ao tratamento dos seus Dados por motivos leg\u00edtimos, em conformidade com o artigo 21\u00ba do RGPD<br \/>\num direito \u00e0 portabilidade dos dados que forneceu (para o tratamento automatizado baseado no consentimento ou na execu\u00e7\u00e3o de um contrato)<br \/>\nO direito de retirar o consentimento, se lhe tiver sido solicitado. Quando o tratamento dos seus dados for efectuado com base no seu consentimento, pode retirar o seu consentimento em qualquer altura.<\/p>\n<p align=\"justify\">O utilizador reconhece, no entanto, que o tratamento efectuado antes da revoga\u00e7\u00e3o do seu consentimento continua perfeitamente v\u00e1lido. Tem igualmente o direito de se opor, sem indicar qualquer motivo, a que a AAASeedz analise os seus Dados a fim de os partilhar para fins de marketing. No entanto, em conformidade com o artigo 12.6 do RGPD, para exercer estes direitos, a AAASeedz, enquanto respons\u00e1vel por este tratamento, reserva-se o direito de lhe pedir que fa\u00e7a prova da sua identidade. Informamos que os dados que lhe permitem provar a sua identidade ser\u00e3o apagados assim que tivermos respondido ao seu pedido. Pode exercer estes direitos enviando uma mensagem eletr\u00f3nica em franc\u00eas para o seguinte endere\u00e7o: contact@aaaseedz.com.<\/p>\n<p align=\"justify\">Dispomos de um m\u00eas para responder a qualquer pedido relacionado com o exerc\u00edcio dos seus direitos. Este prazo pode ser prorrogado por dois meses se o pedido for demasiado complexo ou demasiado numeroso.<\/p>\n<p><strong>8. O que s\u00e3o cookies e como posso geri-los?<\/strong><\/p>\n<p align=\"justify\">Um cookie \u00e9 um pequeno ficheiro de texto que \u00e9 enviado para o seu computador, smartphone ou tablet atrav\u00e9s do seu navegador de Internet e armazenado no disco r\u00edgido do seu terminal quando visita o nosso site. Os cookies permitem \u00e0 AAASeedz, durante o seu per\u00edodo de validade, reconhec\u00ea-lo sempre que acede ao nosso s\u00edtio.<\/p>\n<p align=\"justify\">O per\u00edodo de validade e de conserva\u00e7\u00e3o dos cookies varia consoante o tipo de cookie. Os cookies podem ser tempor\u00e1rios (cookies de sess\u00e3o) ou permanentes. Os cookies de sess\u00e3o est\u00e3o activos apenas durante a sua visita e s\u00e3o eliminados quando fecha o seu navegador. Os cookies permanentes permanecem no disco r\u00edgido do seu terminal quando sai do s\u00edtio e a\u00ed permanecem at\u00e9 que os apague manualmente ou at\u00e9 que o navegador os elimine ap\u00f3s um determinado per\u00edodo.<\/p>\n<p align=\"justify\">Um cookie regista informa\u00e7\u00f5es an\u00f3nimas relativas \u00e0 navega\u00e7\u00e3o do seu terminal no nosso s\u00edtio (p\u00e1ginas consultadas, data e hora de acesso, fornecedor de acesso \u00e0 Internet, sistema operativo) que podem ser lidas durante todo o seu per\u00edodo de validade e utilizadas unicamente para fins estat\u00edsticos.<\/p>\n<p align=\"justify\">A AAASeedz pode tratar as informa\u00e7\u00f5es contidas nos cookies relativas \u00e0 sua visita, a fim de melhorar o conte\u00fado do nosso s\u00edtio, identificar as p\u00e1ginas do s\u00edtio que necessitam de manuten\u00e7\u00e3o, analisar os padr\u00f5es de comportamento dos utilizadores e otimizar a sua experi\u00eancia de navega\u00e7\u00e3o. Tornam o s\u00edtio mais f\u00e1cil de navegar e mais convivial.<\/p>\n<p align=\"justify\">A AAASeedz utiliza cookies de an\u00e1lise de desempenho para monitorizar o desempenho dos seus s\u00edtios Web, por exemplo, para determinar o n\u00famero de vezes que uma p\u00e1gina \u00e9 visualizada e o n\u00famero de utilizadores \u00fanicos no seu s\u00edtio Web. Os servi\u00e7os de an\u00e1lise da Web podem ser desenvolvidos e operados por terceiros.<\/p>\n<p align=\"justify\">A AAASeedz utiliza solu\u00e7\u00f5es de terceiros (nomeadamente o Google Analytics) para recolher informa\u00e7\u00f5es sobre os visitantes do s\u00edtio atrav\u00e9s destes cookies. Estas informa\u00e7\u00f5es podem ser utilizadas pelos fornecedores destas solu\u00e7\u00f5es.<\/p>\n<p align=\"justify\">Como utilizador, \u00e9 informado de que s\u00e3o utilizados cookies quando se liga ao S\u00edtio e pode impedir que os cookies sejam guardados configurando as defini\u00e7\u00f5es do seu browser. Se necess\u00e1rio, o utilizador ser\u00e1 informado de que o acesso a determinados conte\u00fados ou funcionalidades do S\u00edtio pode ser prejudicado ou imposs\u00edvel. Nesses casos, a AAASeedz declina qualquer responsabilidade pelas consequ\u00eancias da altera\u00e7\u00e3o do funcionamento do nosso s\u00edtio e dos servi\u00e7os propostos.<\/p>\n<p align=\"justify\">A maioria dos browsers est\u00e1 configurada para aceitar os cookies utilizados nos nossos s\u00edtios Web. No entanto, pode ajustar estas defini\u00e7\u00f5es para desativar os cookies. As liga\u00e7\u00f5es seguintes explicam como ajustar as defini\u00e7\u00f5es de cookies do seu browser:<\/p>\n<p align=\"justify\">- Firefox : Clique <a href=\"https:\/\/support.mozilla.org\/fr\/kb\/protection-renforcee-contre-pistage-firefox-ordinateur?redirectlocale=fr&amp;redirectslug=activer-desactiver-cookies\" target=\"blank\" rel=\"noopener\">ICI<\/a><br \/>\n- Internet Explorer: clique em <a href=\"https:\/\/support.microsoft.com\/fr-fr\/help\/278835\/how-to-delete-cookie-files-in-internet-explorer\" target=\"blank\" rel=\"noopener\">ICI<\/a><br \/>\n- Google Chrome: Clique em <a href=\"https:\/\/support.google.com\/chrome\/answer\/95647?hl=fr&amp;hlrm=en-GB\" target=\"blank\" rel=\"noopener\">ICI<\/a><br \/>\n- \u00d3pera : Clicar <a href=\"https:\/\/help.opera.com\/en\/latest\/web-preferences\/#cookies\" target=\"blank\" rel=\"noopener\">ICI<\/a><br \/>\n- Safari (iOS): Clique em <a href=\"https:\/\/support.apple.com\/fr-fr\/HT201265\" target=\"blank\" rel=\"noopener\">ICI<\/a><\/p>\n<p align=\"justify\">Quando desativar os cookies, tenha em aten\u00e7\u00e3o que determinados elementos gr\u00e1ficos poder\u00e3o n\u00e3o ser apresentados corretamente ou que poder\u00e1 n\u00e3o conseguir utilizar determinadas aplica\u00e7\u00f5es.<\/p>\n<p align=\"justify\">Por fim, quando clica nos \u00edcones dedicados \u00e0s redes sociais (Twitter, Facebook, Instagram, Youtube, etc.) no Site, e se aceitou o dep\u00f3sito de cookies ao continuar a sua navega\u00e7\u00e3o, estas redes sociais podem tamb\u00e9m depositar cookies no seu terminal.<\/p>\n<p align=\"justify\">As informa\u00e7\u00f5es relativas ao seu consentimento em rela\u00e7\u00e3o aos cookies s\u00e3o conservadas durante um per\u00edodo m\u00e1ximo de 13 meses.<\/p>\n<p><strong>9. Armazenamento dos dados recolhidos pela AAASeedz<\/strong><\/p>\n<p align=\"justify\">Os Dados recolhidos no \u00e2mbito da utiliza\u00e7\u00e3o do Site s\u00e3o armazenados exclusivamente num servidor situado em Fran\u00e7a, alojado pela empresa IONOS 7 place de la garre 57200 Sarreguemines.<\/p>\n<p align=\"right\"><em><span style=\"font-size: small;\"> \u00daltima atualiza\u00e7\u00e3o: 30\/04\/2024<\/span><\/em><\/p>","protected":false},"excerpt":{"rendered":"<p>CHARTE DE PROTECTION DES DONN\u00c9ES PERSONNELLES Conform\u00e9ment au r\u00e8glement europ\u00e9en 2016\/679 du 27 avril 2016 (RGPD) La pr\u00e9sente charte de<\/p>","protected":false},"author":1,"featured_media":0,"parent":0,"menu_order":0,"comment_status":"closed","ping_status":"open","template":"","meta":{"footnotes":""},"class_list":["post-3","page","type-page","status-publish","hentry"],"jetpack_sharing_enabled":true,"_links":{"self":[{"href":"https:\/\/www.aaaseedz.com\/pt\/wp-json\/wp\/v2\/pages\/3","targetHints":{"allow":["GET"]}}],"collection":[{"href":"https:\/\/www.aaaseedz.com\/pt\/wp-json\/wp\/v2\/pages"}],"about":[{"href":"https:\/\/www.aaaseedz.com\/pt\/wp-json\/wp\/v2\/types\/page"}],"author":[{"embeddable":true,"href":"https:\/\/www.aaaseedz.com\/pt\/wp-json\/wp\/v2\/users\/1"}],"replies":[{"embeddable":true,"href":"https:\/\/www.aaaseedz.com\/pt\/wp-json\/wp\/v2\/comments?post=3"}],"version-history":[{"count":0,"href":"https:\/\/www.aaaseedz.com\/pt\/wp-json\/wp\/v2\/pages\/3\/revisions"}],"wp:attachment":[{"href":"https:\/\/www.aaaseedz.com\/pt\/wp-json\/wp\/v2\/media?parent=3"}],"curies":[{"name":"wp","href":"https:\/\/api.w.org\/{rel}","templated":true}]}}