{"id":10402,"date":"2024-05-03T15:11:39","date_gmt":"2024-05-03T13:11:39","guid":{"rendered":"https:\/\/www.aaaseedz.com\/?post_type=product&#038;p=10402"},"modified":"2025-04-02T16:36:35","modified_gmt":"2025-04-02T14:36:35","slug":"global-genetics-zruntz-2-0","status":"publish","type":"product","link":"https:\/\/www.aaaseedz.com\/pt\/produit\/global-genetics-zruntz-2-0\/","title":{"rendered":"Zruntz 2.0 - Global Genetics"},"content":{"rendered":"<p><strong>Sementes feminizadas<\/strong><br \/>\n<strong>Embalagem<\/strong> : 6 sementes<br \/>\n<strong>Criador<\/strong> : Global Genetics<br \/>\n<strong>Nome<\/strong> : Zruntz 2.0<br \/>\n<strong>Cruz<\/strong> O Original Z x Gelato de Cereja e Lim\u00e3o<\/p>\n<p><em>Aviso: A posse e a recolha de sementes s\u00e3o autorizadas em Fran\u00e7a. Estas sementes n\u00e3o devem ser utilizadas para outros fins que n\u00e3o os autorizados pela legisla\u00e7\u00e3o do seu pa\u00eds. A germina\u00e7\u00e3o e a venda a menores s\u00e3o estritamente proibidas. AAASeedz n\u00e3o pode ser responsabilizada em caso de incumprimento das leis do pa\u00eds de resid\u00eancia.<\/em><\/p>","protected":false},"excerpt":{"rendered":"<p>Graines F\u00e9minis\u00e9es Pack : 6 graines Breeder : Global Genetics Nom : Zruntz 2.0 Croisement : The Original Z x<\/p>","protected":false},"featured_media":12185,"template":"","meta":[],"product_brand":[],"product_cat":[70],"product_tag":[77,73,94,106,452,93],"class_list":{"0":"post-10402","1":"product","2":"type-product","3":"status-publish","4":"has-post-thumbnail","6":"product_cat-feminisees","7":"product_tag-feminisee","8":"product_tag-global-genetics","9":"product_tag-lemon-cherry-gelato","10":"product_tag-terphogz","11":"product_tag-z","12":"product_tag-zruntz-2-0","14":"first","15":"outofstock","16":"shipping-taxable","17":"purchasable","18":"product-type-simple"},"jetpack_sharing_enabled":true,"_links":{"self":[{"href":"https:\/\/www.aaaseedz.com\/pt\/wp-json\/wp\/v2\/product\/10402","targetHints":{"allow":["GET"]}}],"collection":[{"href":"https:\/\/www.aaaseedz.com\/pt\/wp-json\/wp\/v2\/product"}],"about":[{"href":"https:\/\/www.aaaseedz.com\/pt\/wp-json\/wp\/v2\/types\/product"}],"wp:featuredmedia":[{"embeddable":true,"href":"https:\/\/www.aaaseedz.com\/pt\/wp-json\/wp\/v2\/media\/12185"}],"wp:attachment":[{"href":"https:\/\/www.aaaseedz.com\/pt\/wp-json\/wp\/v2\/media?parent=10402"}],"wp:term":[{"taxonomy":"product_brand","embeddable":true,"href":"https:\/\/www.aaaseedz.com\/pt\/wp-json\/wp\/v2\/product_brand?post=10402"},{"taxonomy":"product_cat","embeddable":true,"href":"https:\/\/www.aaaseedz.com\/pt\/wp-json\/wp\/v2\/product_cat?post=10402"},{"taxonomy":"product_tag","embeddable":true,"href":"https:\/\/www.aaaseedz.com\/pt\/wp-json\/wp\/v2\/product_tag?post=10402"}],"curies":[{"name":"wp","href":"https:\/\/api.w.org\/{rel}","templated":true}]}}