{"id":10413,"date":"2024-05-03T16:31:02","date_gmt":"2024-05-03T14:31:02","guid":{"rendered":"https:\/\/www.aaaseedz.com\/?post_type=product&#038;p=10413"},"modified":"2025-12-12T13:36:20","modified_gmt":"2025-12-12T12:36:20","slug":"terphogz-2024-zazaya-2-0","status":"publish","type":"product","link":"https:\/\/www.aaaseedz.com\/pt\/produit\/terphogz-2024-zazaya-2-0\/","title":{"rendered":"Zazaya 2.0 - Terphogz 2024"},"content":{"rendered":"<p><strong>Sementes regulares<\/strong><br \/>\n<strong>Embalagem<\/strong> : 10 sementes<br \/>\n<strong>Criador<\/strong> : Terphogz<br \/>\n<strong>Nome<\/strong> : Zazaya 2.0<br \/>\n<strong>Cruz<\/strong> : Zazaya BXF2 x (Papaya x Z3)<\/p>\n<p><em>Aviso: A posse e a recolha de sementes s\u00e3o autorizadas em Fran\u00e7a. Estas sementes n\u00e3o devem ser utilizadas para outros fins que n\u00e3o os autorizados pela legisla\u00e7\u00e3o do seu pa\u00eds. A germina\u00e7\u00e3o e a venda a menores s\u00e3o estritamente proibidas. AAASeedz n\u00e3o pode ser responsabilizada em caso de incumprimento das leis do pa\u00eds de resid\u00eancia.<\/em><\/p>","protected":false},"excerpt":{"rendered":"<p>Graines R\u00e9guli\u00e8res Pack : 10 graines Breeder : Terphogz Nom : Zazaya 2.0 Croisement : Zazaya BXF2 x (Papaya x<\/p>","protected":false},"featured_media":10881,"template":"","meta":[],"product_brand":[],"product_cat":[71],"product_tag":[107,121,109,106,115,120,119],"class_list":{"0":"post-10413","1":"product","2":"type-product","3":"status-publish","4":"has-post-thumbnail","6":"product_cat-regulieres","7":"product_tag-107","8":"product_tag-papaya","9":"product_tag-regulieres","10":"product_tag-terphogz","11":"product_tag-z3","12":"product_tag-zazaya","13":"product_tag-zazaya-2-0","15":"first","16":"instock","17":"shipping-taxable","18":"purchasable","19":"product-type-simple"},"jetpack_sharing_enabled":true,"_links":{"self":[{"href":"https:\/\/www.aaaseedz.com\/pt\/wp-json\/wp\/v2\/product\/10413","targetHints":{"allow":["GET"]}}],"collection":[{"href":"https:\/\/www.aaaseedz.com\/pt\/wp-json\/wp\/v2\/product"}],"about":[{"href":"https:\/\/www.aaaseedz.com\/pt\/wp-json\/wp\/v2\/types\/product"}],"wp:featuredmedia":[{"embeddable":true,"href":"https:\/\/www.aaaseedz.com\/pt\/wp-json\/wp\/v2\/media\/10881"}],"wp:attachment":[{"href":"https:\/\/www.aaaseedz.com\/pt\/wp-json\/wp\/v2\/media?parent=10413"}],"wp:term":[{"taxonomy":"product_brand","embeddable":true,"href":"https:\/\/www.aaaseedz.com\/pt\/wp-json\/wp\/v2\/product_brand?post=10413"},{"taxonomy":"product_cat","embeddable":true,"href":"https:\/\/www.aaaseedz.com\/pt\/wp-json\/wp\/v2\/product_cat?post=10413"},{"taxonomy":"product_tag","embeddable":true,"href":"https:\/\/www.aaaseedz.com\/pt\/wp-json\/wp\/v2\/product_tag?post=10413"}],"curies":[{"name":"wp","href":"https:\/\/api.w.org\/{rel}","templated":true}]}}