{"id":10419,"date":"2024-05-03T16:52:00","date_gmt":"2024-05-03T14:52:00","guid":{"rendered":"https:\/\/www.aaaseedz.com\/?post_type=product&#038;p=10419"},"modified":"2025-06-10T16:05:19","modified_gmt":"2025-06-10T14:05:19","slug":"terphogz-2024-blooberry-z","status":"publish","type":"product","link":"https:\/\/www.aaaseedz.com\/pt\/produit\/terphogz-2024-blooberry-z\/","title":{"rendered":"Blooberry Z - Terphogz 2024"},"content":{"rendered":"<p><strong>Sementes regulares<\/strong><br \/>\n<strong>Embalagem<\/strong> : 10 sementes<br \/>\n<strong>Criador<\/strong> : Terphogz<br \/>\n<strong>Nome<\/strong> : Blooberry Z<br \/>\n<strong>Cruz<\/strong> : Dankster Blueberry x Z3<br \/>\n<strong>Desempenho<\/strong> M\u00e9dia a elevada<br \/>\n<strong>Gen\u00e9tica<\/strong> H\u00edbrido com predomin\u00e2ncia \u00cdndica<br \/>\n<strong>Indica \/ Sativa<\/strong> : 60\/40<br \/>\n<strong>Per\u00edodo de flora\u00e7\u00e3o<\/strong> : 46-56 dias<\/p>\n<p><em>Aviso: A posse e a recolha de sementes s\u00e3o autorizadas em Fran\u00e7a. Estas sementes n\u00e3o devem ser utilizadas para outros fins que n\u00e3o os autorizados pela legisla\u00e7\u00e3o do seu pa\u00eds. A germina\u00e7\u00e3o e a venda a menores s\u00e3o estritamente proibidas. AAASeedz n\u00e3o pode ser responsabilizada em caso de incumprimento das leis do pa\u00eds de resid\u00eancia.<\/em><\/p>","protected":false},"excerpt":{"rendered":"<p>Graines R\u00e9guli\u00e8res Pack : 10 graines Breeder : Terphogz Nom : Blooberry Z Croisement : Dankster Blueberry x Z3 Rendement<\/p>","protected":false},"featured_media":10859,"template":"","meta":[],"product_brand":[],"product_cat":[71],"product_tag":[107,134,135,109,106,115],"class_list":{"0":"post-10419","1":"product","2":"type-product","3":"status-publish","4":"has-post-thumbnail","6":"product_cat-regulieres","7":"product_tag-107","8":"product_tag-blooberry-z","9":"product_tag-dankster-blueberry","10":"product_tag-regulieres","11":"product_tag-terphogz","12":"product_tag-z3","14":"first","15":"instock","16":"shipping-taxable","17":"purchasable","18":"product-type-simple"},"jetpack_sharing_enabled":true,"_links":{"self":[{"href":"https:\/\/www.aaaseedz.com\/pt\/wp-json\/wp\/v2\/product\/10419","targetHints":{"allow":["GET"]}}],"collection":[{"href":"https:\/\/www.aaaseedz.com\/pt\/wp-json\/wp\/v2\/product"}],"about":[{"href":"https:\/\/www.aaaseedz.com\/pt\/wp-json\/wp\/v2\/types\/product"}],"wp:featuredmedia":[{"embeddable":true,"href":"https:\/\/www.aaaseedz.com\/pt\/wp-json\/wp\/v2\/media\/10859"}],"wp:attachment":[{"href":"https:\/\/www.aaaseedz.com\/pt\/wp-json\/wp\/v2\/media?parent=10419"}],"wp:term":[{"taxonomy":"product_brand","embeddable":true,"href":"https:\/\/www.aaaseedz.com\/pt\/wp-json\/wp\/v2\/product_brand?post=10419"},{"taxonomy":"product_cat","embeddable":true,"href":"https:\/\/www.aaaseedz.com\/pt\/wp-json\/wp\/v2\/product_cat?post=10419"},{"taxonomy":"product_tag","embeddable":true,"href":"https:\/\/www.aaaseedz.com\/pt\/wp-json\/wp\/v2\/product_tag?post=10419"}],"curies":[{"name":"wp","href":"https:\/\/api.w.org\/{rel}","templated":true}]}}