{"id":10458,"date":"2024-05-04T18:54:31","date_gmt":"2024-05-04T16:54:31","guid":{"rendered":"https:\/\/www.aaaseedz.com\/?post_type=product&#038;p=10458"},"modified":"2025-06-10T16:58:46","modified_gmt":"2025-06-10T14:58:46","slug":"terphogz-x-global-genetics-blueburry","status":"publish","type":"product","link":"https:\/\/www.aaaseedz.com\/pt\/produit\/terphogz-x-global-genetics-blueburry\/","title":{"rendered":"Blueburry - Global Genetics"},"content":{"rendered":"<p><strong>Sementes feminizadas<\/strong><br \/>\n<strong>Embalagem<\/strong> : 6 sementes<br \/>\n<strong>Criador<\/strong> : Global Genetics<br \/>\n<strong>Nome<\/strong> : Blueburry<br \/>\n<strong>Cruz<\/strong> : Blue Sherb x Runtz<\/p>\n<p><em>Aviso: A posse e a recolha de sementes s\u00e3o autorizadas em Fran\u00e7a. Estas sementes n\u00e3o devem ser utilizadas para outros fins que n\u00e3o os autorizados pela legisla\u00e7\u00e3o do seu pa\u00eds. A germina\u00e7\u00e3o e a venda a menores s\u00e3o estritamente proibidas. AAASeedz n\u00e3o pode ser responsabilizada em caso de incumprimento das leis do pa\u00eds de resid\u00eancia.<\/em><\/p>","protected":false},"excerpt":{"rendered":"<p>Sementes feminizadas Pacote : 6 sementes Criador : Global Genetics Nome : Blueburry Cruzamento : Blue Sherb x Runtz Warning<\/p>","protected":false},"featured_media":10889,"template":"","meta":[],"product_brand":[],"product_cat":[70],"product_tag":[92,181,77,73,76,106],"class_list":{"0":"post-10458","1":"product","2":"type-product","3":"status-publish","4":"has-post-thumbnail","6":"product_cat-feminisees","7":"product_tag-blue-sherb","8":"product_tag-blueburry","9":"product_tag-feminisee","10":"product_tag-global-genetics","11":"product_tag-runtz","12":"product_tag-terphogz","14":"first","15":"instock","16":"shipping-taxable","17":"purchasable","18":"product-type-simple"},"jetpack_sharing_enabled":true,"_links":{"self":[{"href":"https:\/\/www.aaaseedz.com\/pt\/wp-json\/wp\/v2\/product\/10458","targetHints":{"allow":["GET"]}}],"collection":[{"href":"https:\/\/www.aaaseedz.com\/pt\/wp-json\/wp\/v2\/product"}],"about":[{"href":"https:\/\/www.aaaseedz.com\/pt\/wp-json\/wp\/v2\/types\/product"}],"wp:featuredmedia":[{"embeddable":true,"href":"https:\/\/www.aaaseedz.com\/pt\/wp-json\/wp\/v2\/media\/10889"}],"wp:attachment":[{"href":"https:\/\/www.aaaseedz.com\/pt\/wp-json\/wp\/v2\/media?parent=10458"}],"wp:term":[{"taxonomy":"product_brand","embeddable":true,"href":"https:\/\/www.aaaseedz.com\/pt\/wp-json\/wp\/v2\/product_brand?post=10458"},{"taxonomy":"product_cat","embeddable":true,"href":"https:\/\/www.aaaseedz.com\/pt\/wp-json\/wp\/v2\/product_cat?post=10458"},{"taxonomy":"product_tag","embeddable":true,"href":"https:\/\/www.aaaseedz.com\/pt\/wp-json\/wp\/v2\/product_tag?post=10458"}],"curies":[{"name":"wp","href":"https:\/\/api.w.org\/{rel}","templated":true}]}}