{"id":10460,"date":"2024-05-04T18:59:45","date_gmt":"2024-05-04T16:59:45","guid":{"rendered":"https:\/\/www.aaaseedz.com\/?post_type=product&#038;p=10460"},"modified":"2025-06-10T15:56:43","modified_gmt":"2025-06-10T13:56:43","slug":"terphogz-x-global-genetics-bananapaya","status":"publish","type":"product","link":"https:\/\/www.aaaseedz.com\/pt\/produit\/terphogz-x-global-genetics-bananapaya\/","title":{"rendered":"Bananapaya - Terphogz x Global Genetics"},"content":{"rendered":"<p><strong>Sementes regulares<\/strong><br \/>\n<strong>Embalagem<\/strong> : 10 sementes<br \/>\n<strong>Criador<\/strong> : Terphogz x Global Genetics x Farming Stoned Gentics<br \/>\n<strong>Nome<\/strong> : Bananapaya<br \/>\n<strong>Cruz<\/strong> : (Banana God x z3 x Wilson 3.0) x Papaya 3.0<\/p>\n<p><em>Aviso: A posse e a recolha de sementes s\u00e3o autorizadas em Fran\u00e7a. Estas sementes n\u00e3o devem ser utilizadas para outros fins que n\u00e3o os autorizados pela legisla\u00e7\u00e3o do seu pa\u00eds. A germina\u00e7\u00e3o e a venda a menores s\u00e3o estritamente proibidas. AAASeedz n\u00e3o pode ser responsabilizada em caso de incumprimento das leis do pa\u00eds de resid\u00eancia.<\/em><\/p>","protected":false},"excerpt":{"rendered":"<p>Graines R\u00e9guli\u00e8res Pack : 10 graines Breeder : Terphogz x Global Genetics x Farming Stoned Gentics Nom : Bananapaya Croisement<\/p>","protected":false},"featured_media":12231,"template":"","meta":[],"product_brand":[],"product_cat":[71],"product_tag":[190,185,194,73,183,109,106,191,115],"class_list":{"0":"post-10460","1":"product","2":"type-product","3":"status-publish","4":"has-post-thumbnail","6":"product_cat-regulieres","7":"product_tag-banana-god","8":"product_tag-bananapaya","9":"product_tag-farming-stoned-gentics","10":"product_tag-global-genetics","11":"product_tag-papaya-3-0","12":"product_tag-regulieres","13":"product_tag-terphogz","14":"product_tag-wilson-3-0","15":"product_tag-z3","17":"first","18":"instock","19":"shipping-taxable","20":"purchasable","21":"product-type-simple"},"jetpack_sharing_enabled":true,"_links":{"self":[{"href":"https:\/\/www.aaaseedz.com\/pt\/wp-json\/wp\/v2\/product\/10460","targetHints":{"allow":["GET"]}}],"collection":[{"href":"https:\/\/www.aaaseedz.com\/pt\/wp-json\/wp\/v2\/product"}],"about":[{"href":"https:\/\/www.aaaseedz.com\/pt\/wp-json\/wp\/v2\/types\/product"}],"wp:featuredmedia":[{"embeddable":true,"href":"https:\/\/www.aaaseedz.com\/pt\/wp-json\/wp\/v2\/media\/12231"}],"wp:attachment":[{"href":"https:\/\/www.aaaseedz.com\/pt\/wp-json\/wp\/v2\/media?parent=10460"}],"wp:term":[{"taxonomy":"product_brand","embeddable":true,"href":"https:\/\/www.aaaseedz.com\/pt\/wp-json\/wp\/v2\/product_brand?post=10460"},{"taxonomy":"product_cat","embeddable":true,"href":"https:\/\/www.aaaseedz.com\/pt\/wp-json\/wp\/v2\/product_cat?post=10460"},{"taxonomy":"product_tag","embeddable":true,"href":"https:\/\/www.aaaseedz.com\/pt\/wp-json\/wp\/v2\/product_tag?post=10460"}],"curies":[{"name":"wp","href":"https:\/\/api.w.org\/{rel}","templated":true}]}}