{"id":10692,"date":"2024-05-05T00:10:37","date_gmt":"2024-05-04T22:10:37","guid":{"rendered":"https:\/\/www.aaaseedz.com\/?post_type=product&#038;p=10692"},"modified":"2025-06-11T16:36:38","modified_gmt":"2025-06-11T14:36:38","slug":"terphogz-x-kounter-kulture-placa-blava","status":"publish","type":"product","link":"https:\/\/www.aaaseedz.com\/pt\/produit\/terphogz-x-kounter-kulture-placa-blava\/","title":{"rendered":"Placa Blava - Terphogz x Kounter Kulture"},"content":{"rendered":"<p><strong>Sementes feminizadas<\/strong><br \/>\n<strong>Embalagem<\/strong> : 10 sementes<br \/>\n<strong>Criador<\/strong> : Terphogz x Kounter Kulture<br \/>\n<strong>Nome<\/strong> : Placa Blava<br \/>\n<strong>Cruz<\/strong> : Blueberry Thin Mint x Zuava<br \/>\n<strong>Desempenho<\/strong> : Alta<br \/>\n<strong>Gen\u00e9tica<\/strong> H\u00edbrido com predomin\u00e2ncia \u00cdndica<br \/>\n<strong>Indica \/ Sativa<\/strong> : 60\/40<br \/>\n<strong>Per\u00edodo de flora\u00e7\u00e3o<\/strong> : 49-56 dias<\/p>\n<p><em>Aviso: A posse e a recolha de sementes s\u00e3o autorizadas em Fran\u00e7a. Estas sementes n\u00e3o devem ser utilizadas para outros fins que n\u00e3o os autorizados pela legisla\u00e7\u00e3o do seu pa\u00eds. A germina\u00e7\u00e3o e a venda a menores s\u00e3o estritamente proibidas. AAASeedz n\u00e3o pode ser responsabilizada em caso de incumprimento das leis do pa\u00eds de resid\u00eancia.<\/em><\/p>","protected":false},"excerpt":{"rendered":"<p>Graines F\u00e9minis\u00e9es Pack : 10 graines Breeder : Terphogz x Kounter Kulture Nom : Placa Blava Croisement : Blueberry Thin<\/p>","protected":false},"featured_media":10940,"template":"","meta":[],"product_brand":[],"product_cat":[70],"product_tag":[239,77,209,238,106,210],"class_list":{"0":"post-10692","1":"product","2":"type-product","3":"status-publish","4":"has-post-thumbnail","6":"product_cat-feminisees","7":"product_tag-blueberry-thin-mint","8":"product_tag-feminisee","9":"product_tag-kounter-kulture","10":"product_tag-placa-blava","11":"product_tag-terphogz","12":"product_tag-zuava","14":"first","15":"instock","16":"shipping-taxable","17":"purchasable","18":"product-type-simple"},"jetpack_sharing_enabled":true,"_links":{"self":[{"href":"https:\/\/www.aaaseedz.com\/pt\/wp-json\/wp\/v2\/product\/10692","targetHints":{"allow":["GET"]}}],"collection":[{"href":"https:\/\/www.aaaseedz.com\/pt\/wp-json\/wp\/v2\/product"}],"about":[{"href":"https:\/\/www.aaaseedz.com\/pt\/wp-json\/wp\/v2\/types\/product"}],"wp:featuredmedia":[{"embeddable":true,"href":"https:\/\/www.aaaseedz.com\/pt\/wp-json\/wp\/v2\/media\/10940"}],"wp:attachment":[{"href":"https:\/\/www.aaaseedz.com\/pt\/wp-json\/wp\/v2\/media?parent=10692"}],"wp:term":[{"taxonomy":"product_brand","embeddable":true,"href":"https:\/\/www.aaaseedz.com\/pt\/wp-json\/wp\/v2\/product_brand?post=10692"},{"taxonomy":"product_cat","embeddable":true,"href":"https:\/\/www.aaaseedz.com\/pt\/wp-json\/wp\/v2\/product_cat?post=10692"},{"taxonomy":"product_tag","embeddable":true,"href":"https:\/\/www.aaaseedz.com\/pt\/wp-json\/wp\/v2\/product_tag?post=10692"}],"curies":[{"name":"wp","href":"https:\/\/api.w.org\/{rel}","templated":true}]}}