{"id":10732,"date":"2024-05-05T16:04:25","date_gmt":"2024-05-05T14:04:25","guid":{"rendered":"https:\/\/www.aaaseedz.com\/?post_type=product&#038;p=10732"},"modified":"2025-06-11T16:34:34","modified_gmt":"2025-06-11T14:34:34","slug":"lassi-de-pessego-da-arvore-perfeita","status":"publish","type":"product","link":"https:\/\/www.aaaseedz.com\/pt\/produit\/perfect-tree-peach-lassi-2\/","title":{"rendered":"Peach Lassi - Perfect Tree"},"content":{"rendered":"<p>A Peach Lassi da Perfect Tree \u00e9 um pouco como beber um gole de sol de uma garrafa, mas em forma de can\u00e1bis! Vencedora do primeiro lugar na Canna French Cup 2023 na categoria Outdoor Indica, esta variedade \u00e9 um verdadeiro festival de sabores que ir\u00e1 deliciar as suas papilas gustativas. Imagine um h\u00edbrido que faz lembrar a famosa bebida indiana, Lassi, mas com um toque can\u00e1bico que lhe vai p\u00f4r um sorriso no rosto a cada tragada.<\/p>\n<p>Nascida da deliciosa uni\u00e3o da Peach Ozz e da Jet A, a Peach Lassi \u00e9 um verdadeiro deleite para os amantes de terpenos frutados e cremosos. Em apenas 8 semanas de flora\u00e7\u00e3o, esta beleza transforma-se numa planta robusta que produz flores densas e resinosas. Com um rendimento elevado, oferece-lhe uma experi\u00eancia de sabor inesquec\u00edvel, combinando sabores frescos, cremosos e ligeiramente carbonatados. Prepara-te para ser transportado para um mundo de sensa\u00e7\u00f5es onde o teu esp\u00edrito se eleva e o teu corpo relaxa.<\/p>\n<p>O que torna o Peach Lassi t\u00e3o especial \u00e9 a sua apar\u00eancia brilhante. As suas flores s\u00e3o t\u00e3o frescas e frutadas que fazem lembrar imediatamente a bebida ic\u00f3nica que se encontra em todas as mesas da \u00cdndia. Com o seu crescimento r\u00e1pido e vigoroso, esta planta \u00e9 um espet\u00e1culo para se ver. Os seus pistilos espessos, herdados da Peach Ozz, d\u00e3o um toque de cor e textura que certamente chamar\u00e1 a aten\u00e7\u00e3o de todos. E isto sem falar na produ\u00e7\u00e3o de resina! \u00c9 um verdadeiro tesouro para aqueles que gostam de fazer extractos sem solventes.<\/p>\n<p>A Peach Lassi \u00e9 a h\u00edbrida perfeita para quem procura uma experi\u00eancia can\u00e1bica refrescante. Cada inala\u00e7\u00e3o \u00e9 como uma dentada de felicidade, capturando a ess\u00eancia de uma bebida frutada cl\u00e1ssica e fundindo-a com o mundo da can\u00e1bis. Quer esteja a relaxar ap\u00f3s um longo dia ou a celebrar um momento especial com os amigos, esta variedade dar\u00e1 um toque de magia \u00e0 sua noite.<\/p>\n<p>Em suma, o Peach Lassi \u00e9 muito mais do que uma simples variedade de can\u00e1bis. \u00c9 uma aventura sensorial que o convida a explorar sabores deliciosos enquanto oferece um relaxamento profundo. Por isso, n\u00e3o hesite em trazer esta maravilha para o seu jardim e deixe-se levar pelo sabor inebriante da Peach Lassi!<\/p>\n<p><strong>Sementes feminizadas<\/strong><br \/>\n<strong>Embalagem<\/strong> 6+3 sementes gratuitas (LH2P) (9)<br \/>\n<strong>Criador<\/strong> : Perfect Tree<br \/>\n<strong>Nome<\/strong> : Peach Lassi<br \/>\n<strong>Cruz<\/strong> : Peach Ozz x Jet A<br \/>\n<strong>Desempenho<\/strong> M\u00e9dia a elevada<br \/>\n<strong>Gen\u00e9tica<\/strong> H\u00edbrido com predomin\u00e2ncia \u00cdndica<br \/>\n<strong>Per\u00edodo de flora\u00e7\u00e3o<\/strong> 56-60 dias<br \/>\n<strong>Gosto<\/strong> : P\u00eassego, Creme, Gelato<br \/>\n<strong>Experi\u00eancia<\/strong> \u00cdndica potente<\/p>\n<p><em>Aviso: A posse e a recolha de sementes s\u00e3o autorizadas em Fran\u00e7a. Estas sementes n\u00e3o devem ser utilizadas para outros fins que n\u00e3o os autorizados pela legisla\u00e7\u00e3o do seu pa\u00eds. A germina\u00e7\u00e3o e a venda a menores s\u00e3o estritamente proibidas. AAASeedz n\u00e3o pode ser responsabilizada em caso de incumprimento das leis do pa\u00eds de resid\u00eancia.<\/em><\/p>","protected":false},"excerpt":{"rendered":"<p>La Peach Lassi de Perfect Tree, c\u2019est un peu comme si vous preniez une gorg\u00e9e de soleil en bouteille, mais<\/p>","protected":false},"featured_media":12351,"template":"","meta":[],"product_brand":[],"product_cat":[70],"product_tag":[77,281,292,293,278],"class_list":{"0":"post-10732","1":"product","2":"type-product","3":"status-publish","4":"has-post-thumbnail","6":"product_cat-feminisees","7":"product_tag-feminisee","8":"product_tag-jet-a","9":"product_tag-peach-lassi","10":"product_tag-peach-ozz","11":"product_tag-perfect-tree","13":"first","14":"instock","15":"shipping-taxable","16":"purchasable","17":"product-type-simple"},"jetpack_sharing_enabled":true,"_links":{"self":[{"href":"https:\/\/www.aaaseedz.com\/pt\/wp-json\/wp\/v2\/product\/10732","targetHints":{"allow":["GET"]}}],"collection":[{"href":"https:\/\/www.aaaseedz.com\/pt\/wp-json\/wp\/v2\/product"}],"about":[{"href":"https:\/\/www.aaaseedz.com\/pt\/wp-json\/wp\/v2\/types\/product"}],"wp:featuredmedia":[{"embeddable":true,"href":"https:\/\/www.aaaseedz.com\/pt\/wp-json\/wp\/v2\/media\/12351"}],"wp:attachment":[{"href":"https:\/\/www.aaaseedz.com\/pt\/wp-json\/wp\/v2\/media?parent=10732"}],"wp:term":[{"taxonomy":"product_brand","embeddable":true,"href":"https:\/\/www.aaaseedz.com\/pt\/wp-json\/wp\/v2\/product_brand?post=10732"},{"taxonomy":"product_cat","embeddable":true,"href":"https:\/\/www.aaaseedz.com\/pt\/wp-json\/wp\/v2\/product_cat?post=10732"},{"taxonomy":"product_tag","embeddable":true,"href":"https:\/\/www.aaaseedz.com\/pt\/wp-json\/wp\/v2\/product_tag?post=10732"}],"curies":[{"name":"wp","href":"https:\/\/api.w.org\/{rel}","templated":true}]}}