{"id":10733,"date":"2024-05-05T16:06:09","date_gmt":"2024-05-05T14:06:09","guid":{"rendered":"https:\/\/www.aaaseedz.com\/?post_type=product&#038;p=10733"},"modified":"2025-06-11T16:36:13","modified_gmt":"2025-06-11T14:36:13","slug":"arvore-perfeita-rosa-gasolina-2","status":"publish","type":"product","link":"https:\/\/www.aaaseedz.com\/pt\/produit\/perfect-tree-pink-gasoline-2\/","title":{"rendered":"Pink Gasoline - Perfect Tree"},"content":{"rendered":"<p>Preparem-se, f\u00e3s de can\u00e1bis, para descobrir a Perfect Tree's Pink Gasoline, uma variedade que chama a aten\u00e7\u00e3o e n\u00e3o deixa ningu\u00e9m indiferente! Com um 2\u00ba lugar na Secret Cup Bizkaia em 2020 e uma vit\u00f3ria retumbante na Caribbean Cup em Santa Marta em 2023, esta beleza \u00e9 uma verdadeira joia no mundo da can\u00e1bis. Prepare-se para descobrir uma planta que combina pot\u00eancia, aromas encantadores e rendimentos generosos!<\/p>\n<p>Pink Gasoline \u00e9 um pouco como percorrer uma estrada costeira num descapot\u00e1vel, com o vento no cabelo e o aroma de citrinos no ar. O seu poderoso aroma a combust\u00edvel atinge-nos assim que nos aproximamos e, acreditem, n\u00e3o deixa ningu\u00e9m indiferente! Imagine uma mistura explosiva de g\u00e1s e gelato, com subtis notas OG herdadas da sua linhagem Atom Splitter. Cada baforada \u00e9 uma aventura sensorial que nos transporta para um mundo de sabores intensos e sensa\u00e7\u00f5es inesquec\u00edveis.<\/p>\n<p>O que torna a Pink Gasoline ainda mais especial \u00e9 a sua capacidade de produzir flores densas e resinosas. Em apenas 8 semanas, pode esperar ver estas belezas desenvolverem-se em verdadeiras obras de arte bot\u00e2nica. Quer seja cultivada no interior ou no exterior, esta variedade adapta-se a qualquer ambiente. \u00c9 como o super-her\u00f3i do jardim, capaz de prosperar numa variedade de condi\u00e7\u00f5es, proporcionando rendimentos impressionantes.<\/p>\n<p>A Pink Gasoline \u00e9 o resultado de um casamento explosivo entre a 33 Splitter e a Peach Ozz, o que faz dela uma h\u00edbrida indica-dominante com muito car\u00e1cter. Com a sua estatura imponente, \u00e9 um verdadeiro chamariz e um verdadeiro virar de cabe\u00e7a. Os produtores que procuram altos rendimentos ficar\u00e3o encantados, pois esta planta \u00e9 conhecida pela sua excecional produ\u00e7\u00e3o de resina. Prepare-se para colher quantidades generosas desta preciosa subst\u00e2ncia, que certamente far\u00e1 as del\u00edcias dos amantes de concentrados!<\/p>\n<p>Cultivar a Pink Gasoline \u00e9 como ir a uma festa onde todos s\u00e3o convidados. \u00c9 resistente, adapt\u00e1vel e cheia de vida, o que a torna uma escolha ideal para cultivadores de todos os n\u00edveis. Quer seja um perito ou um principiante, esta variedade recompens\u00e1-lo-\u00e1 com belas flores e um aroma que perfuma o ar.<\/p>\n<p>A Pink Gasoline \u00e9 muito mais do que apenas uma variedade de can\u00e1bis; \u00e9 uma experi\u00eancia por si s\u00f3. Com os seus aromas fascinantes, robustez e rendimentos impressionantes, merece um lugar especial no seu jardim. Por isso, prepare-se para se encher de sensa\u00e7\u00f5es com esta maravilha de can\u00e1bis que certamente o ir\u00e1 seduzir!<\/p>\n<p><strong>Sementes feminizadas<\/strong><br \/>\n<strong>Embalagem<\/strong> 6+3 sementes gratuitas (LH2P) (9)<br \/>\n<strong>Criador<\/strong> : Perfect Tree<br \/>\n<strong>Nome<\/strong> : Pink Gasoline<br \/>\n<strong>Cruz<\/strong> : 33 Splitter x Peach Ozz<br \/>\n<strong>Desempenho<\/strong> M\u00e9dia a elevada<br \/>\n<strong>Gen\u00e9tica<\/strong> H\u00edbrido com predomin\u00e2ncia \u00cdndica<br \/>\n<strong>Per\u00edodo de flora\u00e7\u00e3o<\/strong> 56-60 dias<br \/>\n<strong>Gosto<\/strong> G\u00e1s um pouco suavizado por Peach Ozz<br \/>\n<strong>Experi\u00eancia<\/strong> Relaxamento<\/p>\n<p><em>Aviso: A posse e a recolha de sementes s\u00e3o autorizadas em Fran\u00e7a. Estas sementes n\u00e3o devem ser utilizadas para outros fins que n\u00e3o os autorizados pela legisla\u00e7\u00e3o do seu pa\u00eds. A germina\u00e7\u00e3o e a venda a menores s\u00e3o estritamente proibidas. AAASeedz n\u00e3o pode ser responsabilizada em caso de incumprimento das leis do pa\u00eds de resid\u00eancia.<\/em><\/p>","protected":false},"excerpt":{"rendered":"<p>Pr\u00e9parez-vous, passionn\u00e9s de cannabis, \u00e0 d\u00e9couvrir la Pink Gasoline de Perfect Tree, une vari\u00e9t\u00e9 qui attire tous les regards et<\/p>","protected":false},"featured_media":12355,"template":"","meta":[],"product_brand":[],"product_cat":[70],"product_tag":[285,77,293,278,294],"class_list":{"0":"post-10733","1":"product","2":"type-product","3":"status-publish","4":"has-post-thumbnail","6":"product_cat-feminisees","7":"product_tag-33-splitter","8":"product_tag-feminisee","9":"product_tag-peach-ozz","10":"product_tag-perfect-tree","11":"product_tag-pink-gasoline","13":"first","14":"instock","15":"shipping-taxable","16":"purchasable","17":"product-type-simple"},"jetpack_sharing_enabled":true,"_links":{"self":[{"href":"https:\/\/www.aaaseedz.com\/pt\/wp-json\/wp\/v2\/product\/10733","targetHints":{"allow":["GET"]}}],"collection":[{"href":"https:\/\/www.aaaseedz.com\/pt\/wp-json\/wp\/v2\/product"}],"about":[{"href":"https:\/\/www.aaaseedz.com\/pt\/wp-json\/wp\/v2\/types\/product"}],"wp:featuredmedia":[{"embeddable":true,"href":"https:\/\/www.aaaseedz.com\/pt\/wp-json\/wp\/v2\/media\/12355"}],"wp:attachment":[{"href":"https:\/\/www.aaaseedz.com\/pt\/wp-json\/wp\/v2\/media?parent=10733"}],"wp:term":[{"taxonomy":"product_brand","embeddable":true,"href":"https:\/\/www.aaaseedz.com\/pt\/wp-json\/wp\/v2\/product_brand?post=10733"},{"taxonomy":"product_cat","embeddable":true,"href":"https:\/\/www.aaaseedz.com\/pt\/wp-json\/wp\/v2\/product_cat?post=10733"},{"taxonomy":"product_tag","embeddable":true,"href":"https:\/\/www.aaaseedz.com\/pt\/wp-json\/wp\/v2\/product_tag?post=10733"}],"curies":[{"name":"wp","href":"https:\/\/api.w.org\/{rel}","templated":true}]}}