{"id":10735,"date":"2024-05-05T16:09:15","date_gmt":"2024-05-05T14:09:15","guid":{"rendered":"https:\/\/www.aaaseedz.com\/?post_type=product&#038;p=10735"},"modified":"2025-06-11T16:38:48","modified_gmt":"2025-06-11T14:38:48","slug":"arvore-perfeita-vinho-tinto-tinto-2","status":"publish","type":"product","link":"https:\/\/www.aaaseedz.com\/pt\/produit\/perfect-tree-red-red-wine-2\/","title":{"rendered":"Red Red Wine - Perfect Tree"},"content":{"rendered":"<p>A Perfect Tree's Red Red Wine \u00e9 uma variedade que ir\u00e1 certamente conquist\u00e1-lo com o seu charme irresist\u00edvel! Imagine flores de um violeta t\u00e3o profundo que parecem quase pretas, com apenas um toque de verde escondido timidamente sob as folhas. Esta beleza \u00e9 um espet\u00e1culo para os olhos, e a sua resina cintilante brilha como diamantes \u00e0 luz. Se \u00e9s um amante da can\u00e1bis, vais adorar esta pequena maravilha!<\/p>\n<p>A Red Red Wine \u00e9 como uma obra de arte viva no seu jardim. Os seus bot\u00f5es s\u00e3o t\u00e3o densos e bem formados que parecem estar empilhados uns sobre os outros, criando uma estrutura floral que faria qualquer cultivador corar de inveja. Com um espa\u00e7amento internodal apertado, estas flores s\u00e3o um sonho para cultivar. E a melhor parte? H\u00e1 t\u00e3o poucas folhas que aparar torna-se numa brincadeira de crian\u00e7as. Pode passar mais tempo a admirar a sua colheita do que a prepar\u00e1-la!<\/p>\n<p>Mas vamos falar um pouco sobre o que est\u00e1 por detr\u00e1s desta beleza: os seus terpenos! A Red Red Wine oferece uma mistura de sabores que o vai surpreender. Imagine notas de rebu\u00e7ado, fruta sumarenta e um toque de vinho refinado. Os aromas s\u00e3o t\u00e3o encantadores que se sentir\u00e1 como se estivesse numa vinha ensolarada no sul de Fran\u00e7a. As notas de combust\u00edvel de Jet A acrescentam uma dimens\u00e3o \u00fanica, transformando cada inala\u00e7\u00e3o numa experi\u00eancia sensorial inesquec\u00edvel.<\/p>\n<p>Em termos de crescimento, a Red Red Wine \u00e9 uma planta de tamanho m\u00e9dio, mas n\u00e3o te deixes enganar pela sua estatura! \u00c9 robusta e forte, o que a torna uma companheira fi\u00e1vel para todos os cultivadores, quer sejam principiantes ou experientes. Podes ter a certeza de que te recompensar\u00e1 com colheitas impressionantes, prontas para serem apreciadas.<\/p>\n<p>E quando chegar a altura da colheita, prepare-se para ficar deslumbrado! Os rendimentos s\u00e3o simplesmente incr\u00edveis, um testemunho da generosidade desta variedade. Cada bot\u00e3o \u00e9 um pequeno tesouro, cheio de resina e sabores que o transportar\u00e3o para um mundo de del\u00edcias.<\/p>\n<p>Em suma, a Red Red Wine \u00e9 muito mais do que uma variedade de can\u00e1bis. \u00c9 uma experi\u00eancia visual e gustativa que o far\u00e1 apaixonar-se a cada tragada. Por isso, n\u00e3o hesite em trazer esta beleza para o seu jardim e deixe-se enfeiti\u00e7ar pelo seu charme irresist\u00edvel!<\/p>\n<p><strong>Sementes feminizadas<\/strong><br \/>\n<strong>Embalagem<\/strong> 6+3 sementes gratuitas (LH2P) (9)<br \/>\n<strong>Criador<\/strong> : Perfect Tree<br \/>\n<strong>Nome<\/strong> : Red Red Wine<br \/>\n<strong>Cruz<\/strong> : Rozay F2 x Jet A<br \/>\n<strong>Desempenho<\/strong> M\u00e9dia a elevada<br \/>\n<strong>Gen\u00e9tica<\/strong> : H\u00edbrido<br \/>\n<strong>Per\u00edodo de flora\u00e7\u00e3o<\/strong> 56-60 dias<br \/>\n<strong>Gosto<\/strong> Combust\u00edvel, vinho, fruta, g\u00e1s<br \/>\n<strong>Experi\u00eancia<\/strong> Intoxicante<\/p>\n<p><em>Aviso: A posse e a recolha de sementes s\u00e3o autorizadas em Fran\u00e7a. Estas sementes n\u00e3o devem ser utilizadas para outros fins que n\u00e3o os autorizados pela legisla\u00e7\u00e3o do seu pa\u00eds. A germina\u00e7\u00e3o e a venda a menores s\u00e3o estritamente proibidas. AAASeedz n\u00e3o pode ser responsabilizada em caso de incumprimento das leis do pa\u00eds de resid\u00eancia.<\/em><\/p>","protected":false},"excerpt":{"rendered":"<p>La Red Red Wine de Perfect Tree, est une vari\u00e9t\u00e9 qui ne manquera pas de vous s\u00e9duire avec son charme<\/p>","protected":false},"featured_media":12359,"template":"","meta":[],"product_brand":[],"product_cat":[70],"product_tag":[77,281,278,297,298],"class_list":{"0":"post-10735","1":"product","2":"type-product","3":"status-publish","4":"has-post-thumbnail","6":"product_cat-feminisees","7":"product_tag-feminisee","8":"product_tag-jet-a","9":"product_tag-perfect-tree","10":"product_tag-red-red-wine","11":"product_tag-rozay-f2","13":"first","14":"instock","15":"shipping-taxable","16":"purchasable","17":"product-type-simple"},"jetpack_sharing_enabled":true,"_links":{"self":[{"href":"https:\/\/www.aaaseedz.com\/pt\/wp-json\/wp\/v2\/product\/10735","targetHints":{"allow":["GET"]}}],"collection":[{"href":"https:\/\/www.aaaseedz.com\/pt\/wp-json\/wp\/v2\/product"}],"about":[{"href":"https:\/\/www.aaaseedz.com\/pt\/wp-json\/wp\/v2\/types\/product"}],"wp:featuredmedia":[{"embeddable":true,"href":"https:\/\/www.aaaseedz.com\/pt\/wp-json\/wp\/v2\/media\/12359"}],"wp:attachment":[{"href":"https:\/\/www.aaaseedz.com\/pt\/wp-json\/wp\/v2\/media?parent=10735"}],"wp:term":[{"taxonomy":"product_brand","embeddable":true,"href":"https:\/\/www.aaaseedz.com\/pt\/wp-json\/wp\/v2\/product_brand?post=10735"},{"taxonomy":"product_cat","embeddable":true,"href":"https:\/\/www.aaaseedz.com\/pt\/wp-json\/wp\/v2\/product_cat?post=10735"},{"taxonomy":"product_tag","embeddable":true,"href":"https:\/\/www.aaaseedz.com\/pt\/wp-json\/wp\/v2\/product_tag?post=10735"}],"curies":[{"name":"wp","href":"https:\/\/api.w.org\/{rel}","templated":true}]}}