{"id":10739,"date":"2024-05-05T16:15:18","date_gmt":"2024-05-05T14:15:18","guid":{"rendered":"https:\/\/www.aaaseedz.com\/?post_type=product&#038;p=10739"},"modified":"2025-06-11T16:24:37","modified_gmt":"2025-06-11T14:24:37","slug":"arvore-perfeita-pessego-gelado","status":"publish","type":"product","link":"https:\/\/www.aaaseedz.com\/pt\/produit\/perfect-tree-iced-peach-2\/","title":{"rendered":"Iced Peach - Perfect Tree"},"content":{"rendered":"<p>A Perfect Tree's Iced Peach \u00e9 o resultado de um casamento explosivo entre a nossa sele\u00e7\u00e3o de Frozay da Relentless Genetics e a deliciosa Peach Ozz da Dying Breed Seeds. Imagine uma mistura perfeita que combina a frescura de um p\u00eassego suculento com o poder de uma boa e velha Frozay. \u00c9 como ter um cocktail de ver\u00e3o no seu jardim, pronto para o refrescar e intoxicar com os seus sabores irresist\u00edveis!<\/p>\n<p>Assim que puser os olhos nesta beleza, ficar\u00e1 maravilhado com a sua espessa camada de tricomas brilhantes. Estes pequenos cristais n\u00e3o est\u00e3o l\u00e1 apenas para parecerem bonitos; s\u00e3o um sinal de qualidade excecional. Os bot\u00f5es s\u00e3o incrivelmente densos e vai adorar manuse\u00e1-los. Cada cabe\u00e7a \u00e9 um pequeno tesouro que promete uma experi\u00eancia inesquec\u00edvel. Prepare-se para ficar deslumbrado com a beleza destes bot\u00f5es, que parecem quase demasiado perfeitos para serem reais!<\/p>\n<p>Se \u00e9 f\u00e3 de extrac\u00e7\u00f5es, a Iced Peach \u00e9 a sua nova melhor amiga. Esta variedade \u00e9 altamente recomendada para todos os tipos de extrac\u00e7\u00f5es sem solventes. Quer queira criar concentrados saborosos ou \u00f3leos poderosos, esta planta fornecer-lhe-\u00e1 tudo o que precisa para realizar os seus projectos mais loucos. A sua riqueza em resina \u00e9 simplesmente incr\u00edvel, e ficar\u00e1 encantado ao ver o que pode obter dela. Imagina as del\u00edcias que podes criar com esta maravilha!<\/p>\n<p>Mas vamos falar do que acontece depois de provar esta beleza. Espera uma pot\u00eancia que te deixar\u00e1 pregado ao sof\u00e1! O Iced Peach tem um efeito narc\u00f3tico e relaxante que o envolve como um cobertor quente. \u00c9 a companhia perfeita para uma noite tranquila em casa ou para descontrair depois de um longo dia. Sentir-se-\u00e1 relaxado e feliz, pronto para saborear cada momento.<\/p>\n<p>E n\u00e3o esque\u00e7amos o espet\u00e1culo visual que esta variedade oferece \u00e0 medida que cresce. Quando entrar na fase de flora\u00e7\u00e3o, espere um bom alongamento destas senhoras. Elas esticar-se-\u00e3o e desenvolver-se-\u00e3o, dando-lhe um verdadeiro espet\u00e1culo de cor e textura. O perfil de terpenos \u00e9 uma mistura fascinante de notas terrosas e de especiarias, com toques de p\u00eassego Ozz em segundo plano para excitar os seus sentidos.<\/p>\n<p>Em suma, a Iced Peach \u00e9 muito mais do que uma simples variedade de can\u00e1bis. \u00c9 uma experi\u00eancia sensorial completa que combina sabores deliciosos, pot\u00eancia incr\u00edvel e facilidade de cultivo. Quer seja um cultivador experiente ou um novato entusiasta, esta planta \u00e9 um must-have que trar\u00e1 um toque de magia ao seu jardim. Por isso, prepara-te para saborear cada momento com a Iced Peach e deixa-te levar pelo seu charme irresist\u00edvel!<\/p>\n<p><strong>Sementes feminizadas<\/strong><br \/>\n<strong>Embalagem<\/strong> 6+3 sementes gratuitas (LH2P) (9)<br \/>\n<strong>Criador<\/strong> : Perfect Tree<br \/>\n<strong>Nome<\/strong> : Iced Peach<br \/>\n<strong>Cruz<\/strong> : Frozay x Peach Ozz<br \/>\n<strong>Desempenho<\/strong> M\u00e9dia a elevada<br \/>\n<strong>Gen\u00e9tica<\/strong> H\u00edbrido com predomin\u00e2ncia \u00cdndica<br \/>\n<strong>Per\u00edodo de flora\u00e7\u00e3o<\/strong> 56-60 dias<br \/>\n<strong>Gosto<\/strong> Terroso, Pinho<br \/>\n<strong>Experi\u00eancia<\/strong> Efeito narc\u00f3tico muito forte<\/p>\n<p><em>Aviso: A posse e a recolha de sementes s\u00e3o autorizadas em Fran\u00e7a. Estas sementes n\u00e3o devem ser utilizadas para outros fins que n\u00e3o os autorizados pela legisla\u00e7\u00e3o do seu pa\u00eds. A germina\u00e7\u00e3o e a venda a menores s\u00e3o estritamente proibidas. AAASeedz n\u00e3o pode ser responsabilizada em caso de incumprimento das leis do pa\u00eds de resid\u00eancia.<\/em><\/p>","protected":false},"excerpt":{"rendered":"<p>L&rsquo;Iced Peach de Perfect Tree, cette vari\u00e9t\u00e9 est le fruit d\u2019un mariage explosif entre notre s\u00e9lection de Frozay de Relentless<\/p>","protected":false},"featured_media":12337,"template":"","meta":[],"product_brand":[],"product_cat":[70],"product_tag":[77,306,305,293,278],"class_list":{"0":"post-10739","1":"product","2":"type-product","3":"status-publish","4":"has-post-thumbnail","6":"product_cat-feminisees","7":"product_tag-feminisee","8":"product_tag-frozay","9":"product_tag-iced-peach","10":"product_tag-peach-ozz","11":"product_tag-perfect-tree","13":"first","14":"instock","15":"shipping-taxable","16":"purchasable","17":"product-type-simple"},"jetpack_sharing_enabled":true,"_links":{"self":[{"href":"https:\/\/www.aaaseedz.com\/pt\/wp-json\/wp\/v2\/product\/10739","targetHints":{"allow":["GET"]}}],"collection":[{"href":"https:\/\/www.aaaseedz.com\/pt\/wp-json\/wp\/v2\/product"}],"about":[{"href":"https:\/\/www.aaaseedz.com\/pt\/wp-json\/wp\/v2\/types\/product"}],"wp:featuredmedia":[{"embeddable":true,"href":"https:\/\/www.aaaseedz.com\/pt\/wp-json\/wp\/v2\/media\/12337"}],"wp:attachment":[{"href":"https:\/\/www.aaaseedz.com\/pt\/wp-json\/wp\/v2\/media?parent=10739"}],"wp:term":[{"taxonomy":"product_brand","embeddable":true,"href":"https:\/\/www.aaaseedz.com\/pt\/wp-json\/wp\/v2\/product_brand?post=10739"},{"taxonomy":"product_cat","embeddable":true,"href":"https:\/\/www.aaaseedz.com\/pt\/wp-json\/wp\/v2\/product_cat?post=10739"},{"taxonomy":"product_tag","embeddable":true,"href":"https:\/\/www.aaaseedz.com\/pt\/wp-json\/wp\/v2\/product_tag?post=10739"}],"curies":[{"name":"wp","href":"https:\/\/api.w.org\/{rel}","templated":true}]}}