{"id":10740,"date":"2024-05-05T16:16:55","date_gmt":"2024-05-05T14:16:55","guid":{"rendered":"https:\/\/www.aaaseedz.com\/?post_type=product&#038;p=10740"},"modified":"2025-06-11T16:34:18","modified_gmt":"2025-06-11T14:34:18","slug":"arvore-perfeita-nuvens-pessego-3","status":"publish","type":"product","link":"https:\/\/www.aaaseedz.com\/pt\/produit\/perfect-tree-peach-clouds-2\/","title":{"rendered":"Peach Clouds - Perfect Tree"},"content":{"rendered":"<p>A Peach Clouds da Perfect Tree \u00e9 uma variedade que vai derreter o teu cora\u00e7\u00e3o! Imagine um cruzamento ousado entre o nosso clone Kushmints F2, cuidadosamente selecionado pelos especialistas da Seed Junky Genetics, e a deliciosa Peach Ozz da Dying Breed Seeds. Esta mistura explosiva cria uma experi\u00eancia de sabor e cheiro que o transportar\u00e1 para um suculento pomar de p\u00eassegos, enquanto o envolve no poder reconfortante da Kushmints.<\/p>\n<p>A Peach Ozz, com os seus aromas encantadores de p\u00eassego doce, combina na perfei\u00e7\u00e3o com o perfil rico e complexo de terpenos da Kushmints. \u00c9 como saborear uma sobremesa frutada enquanto desfruta de um momento de relaxamento absoluto. Cada baforada \u00e9 um convite ao relaxamento, deixando-o colado ao sof\u00e1 com um sorriso de felicidade no rosto. \u00c9 o companheiro perfeito para uma noite tranquila, sozinho ou com amigos.<\/p>\n<p>Mas espera, h\u00e1 mais! Quando as temperaturas come\u00e7am a descer, a Peach Clouds revela tons p\u00farpura profundos que d\u00e3o um toque de mist\u00e9rio \u00e0 sua apar\u00eancia. Estas cores vibrantes n\u00e3o s\u00e3o apenas uma festa para os olhos, s\u00e3o tamb\u00e9m um testemunho da qualidade excecional desta variedade. Sentir-se-\u00e1 como se tivesse uma obra-prima bot\u00e2nica no seu jardim!<\/p>\n<p>Para al\u00e9m do seu aspeto atraente, a Peach Clouds \u00e9 tamb\u00e9m uma excelente produtora de resina. Se \u00e9 um f\u00e3 de extrac\u00e7\u00f5es, esta \u00e9 a variedade para si! A sua generosa produ\u00e7\u00e3o de resina torna-a a escolha perfeita para criar concentrados saborosos e poderosos. Quer pretenda fazer \u00f3leos, ceras ou outras del\u00edcias, a Peach Clouds fornecer-lhe-\u00e1 tudo o que precisa para satisfazer os seus desejos criativos.<\/p>\n<p>Em suma, a Peach Clouds \u00e9 muito mais do que apenas uma variedade de can\u00e1bis. \u00c9 uma experi\u00eancia sensorial completa que combina sabores deliciosos, apar\u00eancia deslumbrante e rendimentos impressionantes. Quer seja um cultivador \u00e1vido ou um novato curioso, esta planta \u00e9 um must-have que trar\u00e1 um toque de magia ao seu jardim. Por isso, prepara-te para saborear cada momento com a Peach Clouds e deixa-te levar pelo seu charme irresist\u00edvel!<\/p>\n<p><strong>Sementes feminizadas<\/strong><br \/>\n<strong>Embalagem<\/strong> 6+3 sementes gratuitas (LH2P) (9)<br \/>\n<strong>Criador<\/strong> : Perfect Tree<br \/>\n<strong>Nome<\/strong> : Peach Clouds<br \/>\n<strong>Cruz<\/strong> : Kush Mint x Peach Ozz<br \/>\n<strong>Desempenho<\/strong> M\u00e9dia a elevada<br \/>\n<strong>Gen\u00e9tica<\/strong> H\u00edbrido com predomin\u00e2ncia \u00cdndica<br \/>\n<strong>Per\u00edodo de flora\u00e7\u00e3o<\/strong> 56-60 dias<br \/>\n<strong>Gosto<\/strong> : Gelato, Frutas e Avel\u00e3s, Bolachas<br \/>\n<strong>Experi\u00eancia<\/strong> Efeito corporal potente<\/p>\n<p><em>Aviso: A posse e a recolha de sementes s\u00e3o autorizadas em Fran\u00e7a. Estas sementes n\u00e3o devem ser utilizadas para outros fins que n\u00e3o os autorizados pela legisla\u00e7\u00e3o do seu pa\u00eds. A germina\u00e7\u00e3o e a venda a menores s\u00e3o estritamente proibidas. AAASeedz n\u00e3o pode ser responsabilizada em caso de incumprimento das leis do pa\u00eds de resid\u00eancia.<\/em><\/p>","protected":false},"excerpt":{"rendered":"<p>La Peach Clouds de Perfect Tree, est une vari\u00e9t\u00e9 qui va vous faire fondre de plaisir ! Imaginez un croisement<\/p>","protected":false},"featured_media":12349,"template":"","meta":[],"product_brand":[],"product_cat":[70],"product_tag":[77,308,307,293,278],"class_list":{"0":"post-10740","1":"product","2":"type-product","3":"status-publish","4":"has-post-thumbnail","6":"product_cat-feminisees","7":"product_tag-feminisee","8":"product_tag-kush-mint","9":"product_tag-peach-clouds","10":"product_tag-peach-ozz","11":"product_tag-perfect-tree","13":"first","14":"instock","15":"shipping-taxable","16":"purchasable","17":"product-type-simple"},"jetpack_sharing_enabled":true,"_links":{"self":[{"href":"https:\/\/www.aaaseedz.com\/pt\/wp-json\/wp\/v2\/product\/10740","targetHints":{"allow":["GET"]}}],"collection":[{"href":"https:\/\/www.aaaseedz.com\/pt\/wp-json\/wp\/v2\/product"}],"about":[{"href":"https:\/\/www.aaaseedz.com\/pt\/wp-json\/wp\/v2\/types\/product"}],"wp:featuredmedia":[{"embeddable":true,"href":"https:\/\/www.aaaseedz.com\/pt\/wp-json\/wp\/v2\/media\/12349"}],"wp:attachment":[{"href":"https:\/\/www.aaaseedz.com\/pt\/wp-json\/wp\/v2\/media?parent=10740"}],"wp:term":[{"taxonomy":"product_brand","embeddable":true,"href":"https:\/\/www.aaaseedz.com\/pt\/wp-json\/wp\/v2\/product_brand?post=10740"},{"taxonomy":"product_cat","embeddable":true,"href":"https:\/\/www.aaaseedz.com\/pt\/wp-json\/wp\/v2\/product_cat?post=10740"},{"taxonomy":"product_tag","embeddable":true,"href":"https:\/\/www.aaaseedz.com\/pt\/wp-json\/wp\/v2\/product_tag?post=10740"}],"curies":[{"name":"wp","href":"https:\/\/api.w.org\/{rel}","templated":true}]}}