{"id":10743,"date":"2024-05-05T16:34:05","date_gmt":"2024-05-05T14:34:05","guid":{"rendered":"https:\/\/www.aaaseedz.com\/?post_type=product&#038;p=10743"},"modified":"2025-06-11T16:30:38","modified_gmt":"2025-06-11T14:30:38","slug":"arvore-perfeita-mimozz","status":"publish","type":"product","link":"https:\/\/www.aaaseedz.com\/pt\/produit\/perfect-tree-mimozz-2\/","title":{"rendered":"Mimozz - Perfect Tree"},"content":{"rendered":"<p>Agarrem-se aos vossos chap\u00e9us, f\u00e3s de can\u00e1bis, enquanto mergulhamos no delicioso mundo da Perfect Tree's La Mimozz, uma estirpe que emociona os sentidos e j\u00e1 conquistou os cora\u00e7\u00f5es dos ju\u00edzes em competi\u00e7\u00f5es de prest\u00edgio! Com pr\u00e9mios como o 2\u00ba lugar na Secret Cup Bizkaia em 2020 e o 3\u00ba lugar na Secret Cup Ibiza em 2022, para n\u00e3o falar do 2\u00ba lugar na Copa de las Flores em 2022 e do 1\u00ba lugar em 2023, La Mimozz \u00e9 claramente uma superestrela do jardim! E n\u00e3o \u00e9 tudo: tamb\u00e9m brilhou na Gas Cup na Alemanha em 2023, onde ficou em primeiro lugar na categoria de Colof\u00f3nia. Esta planta sabe como dar que falar!<\/p>\n<p>A Mimozz \u00e9 uma h\u00edbrida sativa-dominante que n\u00e3o s\u00f3 tem bom aspeto, como tamb\u00e9m \u00e9 incrivelmente produtiva! Com um per\u00edodo de flora\u00e7\u00e3o de apenas 7 a 8 semanas, ela est\u00e1 pronta para o tratar num instante. Imagine rendimentos elevados que o far\u00e3o querer dan\u00e7ar de alegria! Mas o que realmente torna a La Mimozz especial \u00e9 o seu perfil de sabor. Pense num doce de laranja cremoso que se derrete na sua boca, misturado com notas de frutas ex\u00f3ticas e a irresist\u00edvel do\u00e7ura do Z. \u00c9 como um banquete para as tuas papilas gustativas!<\/p>\n<p>Mimozz \u00e9 o companheiro ideal para os seus dias de sol. Combina efeitos relaxantes e estimulantes, permitindo-lhe relaxar enquanto se mant\u00e9m ativo. \u00c9 o melhor dos dois mundos! Quer queira relaxar ap\u00f3s um longo dia ou embarcar numa aventura criativa, La Mimozz est\u00e1 l\u00e1 para o apoiar.<\/p>\n<p>Visualmente, La Mimozz \u00e9 uma verdadeira festa para os olhos. As suas flores n\u00e3o s\u00e3o apenas extremamente perfumadas, mas tamb\u00e9m coloridas e ricas em resina. Ficar\u00e1 maravilhado com a beleza dos seus bot\u00f5es, que podem revelar fen\u00f3tipos roxos escuros consoante a temperatura do seu jardim. \u00c9 como se cada planta fosse uma obra de arte viva, pronta para ser admirada.<\/p>\n<p>Se \u00e9 f\u00e3 dos terpenos de fazer crescer \u00e1gua na boca da La Mimozz, prepare-se para querer esta planta no seu jardim para sempre. Com a sua mistura de sabores doces, efeitos equilibrados e apar\u00eancia deslumbrante, \u00e9 simplesmente irresist\u00edvel. Por isso, n\u00e3o espere mais, fa\u00e7a da La Mimozz a estrela do seu jardim e deixe-se levar por esta experi\u00eancia sensorial inesquec\u00edvel!<\/p>\n<p><strong>Sementes feminizadas<\/strong><br \/>\n<strong>Embalagem<\/strong> 6+3 sementes gratuitas (LH2P) (9)<br \/>\n<strong>Criador<\/strong> : Perfect Tree<br \/>\n<strong>Nome<\/strong> : Mimozz<br \/>\n<strong>Cruz<\/strong> : Mimosa x Peach Ozz<br \/>\n<strong>Desempenho<\/strong> M\u00e9dia a elevada<br \/>\n<strong>Gen\u00e9tica<\/strong> H\u00edbrido com predomin\u00e2ncia \u00cdndica<br \/>\n<strong>Per\u00edodo de flora\u00e7\u00e3o<\/strong> 50-56 dias<br \/>\n<strong>Gosto<\/strong> Muito doce, rebu\u00e7ado de laranja, creme<br \/>\n<strong>Experi\u00eancia<\/strong> Ideal para o dia, com efeitos relaxantes e estimulantes<\/p>\n<p><em>Aviso: A posse e a recolha de sementes s\u00e3o autorizadas em Fran\u00e7a. Estas sementes n\u00e3o devem ser utilizadas para outros fins que n\u00e3o os autorizados pela legisla\u00e7\u00e3o do seu pa\u00eds. A germina\u00e7\u00e3o e a venda a menores s\u00e3o estritamente proibidas. AAASeedz n\u00e3o pode ser responsabilizada em caso de incumprimento das leis do pa\u00eds de resid\u00eancia.<\/em><\/p>","protected":false},"excerpt":{"rendered":"<p>Accrochez-vous, amateurs de cannabis, car nous allons plonger dans l&rsquo;univers d\u00e9licieux de La Mimozz de Perfect Tree, une vari\u00e9t\u00e9 qui<\/p>","protected":false},"featured_media":12347,"template":"","meta":[],"product_brand":[],"product_cat":[70],"product_tag":[77,302,313,293,278],"class_list":{"0":"post-10743","1":"product","2":"type-product","3":"status-publish","4":"has-post-thumbnail","6":"product_cat-feminisees","7":"product_tag-feminisee","8":"product_tag-mimosa","9":"product_tag-mimozz","10":"product_tag-peach-ozz","11":"product_tag-perfect-tree","13":"first","14":"instock","15":"shipping-taxable","16":"purchasable","17":"product-type-simple"},"jetpack_sharing_enabled":true,"_links":{"self":[{"href":"https:\/\/www.aaaseedz.com\/pt\/wp-json\/wp\/v2\/product\/10743","targetHints":{"allow":["GET"]}}],"collection":[{"href":"https:\/\/www.aaaseedz.com\/pt\/wp-json\/wp\/v2\/product"}],"about":[{"href":"https:\/\/www.aaaseedz.com\/pt\/wp-json\/wp\/v2\/types\/product"}],"wp:featuredmedia":[{"embeddable":true,"href":"https:\/\/www.aaaseedz.com\/pt\/wp-json\/wp\/v2\/media\/12347"}],"wp:attachment":[{"href":"https:\/\/www.aaaseedz.com\/pt\/wp-json\/wp\/v2\/media?parent=10743"}],"wp:term":[{"taxonomy":"product_brand","embeddable":true,"href":"https:\/\/www.aaaseedz.com\/pt\/wp-json\/wp\/v2\/product_brand?post=10743"},{"taxonomy":"product_cat","embeddable":true,"href":"https:\/\/www.aaaseedz.com\/pt\/wp-json\/wp\/v2\/product_cat?post=10743"},{"taxonomy":"product_tag","embeddable":true,"href":"https:\/\/www.aaaseedz.com\/pt\/wp-json\/wp\/v2\/product_tag?post=10743"}],"curies":[{"name":"wp","href":"https:\/\/api.w.org\/{rel}","templated":true}]}}