{"id":10744,"date":"2024-05-05T16:35:35","date_gmt":"2024-05-05T14:35:35","guid":{"rendered":"https:\/\/www.aaaseedz.com\/?post_type=product&#038;p=10744"},"modified":"2025-06-11T16:34:49","modified_gmt":"2025-06-11T14:34:49","slug":"arvore-perfeita-pessego-sherbert-og","status":"publish","type":"product","link":"https:\/\/www.aaaseedz.com\/pt\/produit\/perfect-tree-peach-sherbert-og-2\/","title":{"rendered":"Peach Sherbert Og - Perfect Tree"},"content":{"rendered":"<p>Descubra a Peach Sherbert OG da Perfect Tree, uma variedade que ficou brilhantemente em 2\u00ba lugar na Canna French Cup 2022 na categoria de extractos! Esta pequena joia \u00e9 o resultado de um cruzamento entre Falcon 9 e Peach Ozz, e vai certamente impressionar. Se est\u00e1s \u00e0 procura de uma planta que combine pot\u00eancia e rendimento, vieste ao s\u00edtio certo! Esta pequena joia \u00e9 o resultado de um casamento explosivo entre a Falcon 9 e a Peach Ozz, e acreditem, n\u00e3o vai desiludir. Se est\u00e1s \u00e0 procura de uma planta que combine pot\u00eancia e rendimento, vieste ao s\u00edtio certo!<\/p>\n<p>A Peach Sherbert OG \u00e9 uma h\u00edbrida indica-dominante que se destaca pela sua robustez e produtividade. Imagine flores densas e ultra-pegajosas cobertas por uma resina cintilante que parece quase demasiado boa para ser verdade. Estes bot\u00f5es s\u00e3o perfeitos para quem gosta de fazer extrac\u00e7\u00f5es sem solventes, pois est\u00e3o repletos de terpenos que dar\u00e3o aos seus concentrados um sabor inesquec\u00edvel. \u00c9 um verdadeiro tesouro para os amantes da can\u00e1bis que procuram uma experi\u00eancia de sabor rica e intensa.<\/p>\n<p>Para maximizar o potencial desta variedade, recomendamos pod\u00e1-la uma ou duas vezes antes da flora\u00e7\u00e3o. Isto permite que a Peach Sherbert OG se desenvolva num arbusto exuberante, repleto de belas flores roxas que ir\u00e3o surpreender os seus olhos. Em apenas 9 semanas, poder\u00e1 admirar os resultados dos seus esfor\u00e7os, com bot\u00f5es que parecem quase demasiado perfeitos para serem colhidos. \u00c9 como se cada planta fosse uma obra de arte viva, pronta para ser celebrada!<\/p>\n<p>O aroma da Peach Sherbert OG \u00e9 um festim para os sentidos. Com poderosos terpenos OG misturados com notas frescas de p\u00eassego ligeiramente maduro, cada inala\u00e7\u00e3o \u00e9 uma explos\u00e3o de sabor que o transporta para um pomar solarengo. Quer opte por apreciar esta variedade em flor ou como extra\u00e7\u00e3o, ficar\u00e1 encantado com o seu delicioso sabor e pot\u00eancia inebriante.<\/p>\n<p>Em suma, a Peach Sherbert OG \u00e9 uma variedade obrigat\u00f3ria para quem aprecia o poder da OG e rendimentos generosos. Quer seja um cultivador experiente ou um novato entusiasta, esta planta vai conquist\u00e1-lo com a sua beleza, robustez e aromas encantadores. Portanto, n\u00e3o espere mais para trazer a Peach Sherbert OG para o seu jardim e descobrir tudo o que ela tem para oferecer!<\/p>\n<p><strong>Sementes feminizadas<\/strong><br \/>\n<strong>Embalagem<\/strong> 6+3 sementes gratuitas (LH2P) (9)<br \/>\n<strong>Criador<\/strong> : Perfect Tree<br \/>\n<strong>Nome<\/strong> : Peach Sherbert Og<br \/>\n<strong>Cruz<\/strong> : Falcon 9 x Peach Ozz<br \/>\n<strong>Desempenho<\/strong> M\u00e9dia a elevada<br \/>\n<strong>Gen\u00e9tica<\/strong> H\u00edbrido com predomin\u00e2ncia \u00cdndica<br \/>\n<strong>Per\u00edodo de flora\u00e7\u00e3o<\/strong> 56-60 dias<br \/>\n<strong>Gosto<\/strong> OG Fresh and Gas<br \/>\n<strong>Experi\u00eancia<\/strong> Forte pot\u00eancia \u00cdndica<\/p>\n<p><em>Aviso: A posse e a recolha de sementes s\u00e3o autorizadas em Fran\u00e7a. Estas sementes n\u00e3o devem ser utilizadas para outros fins que n\u00e3o os autorizados pela legisla\u00e7\u00e3o do seu pa\u00eds. A germina\u00e7\u00e3o e a venda a menores s\u00e3o estritamente proibidas. AAASeedz n\u00e3o pode ser responsabilizada em caso de incumprimento das leis do pa\u00eds de resid\u00eancia.<\/em><\/p>","protected":false},"excerpt":{"rendered":"<p>D\u00e9couvrez la Peach Sherbert OG de Perfect Tree, une vari\u00e9t\u00e9 qui a brillamment remport\u00e9 la 2\u00e8me place \u00e0 la Canna<\/p>","protected":false},"featured_media":12353,"template":"","meta":[],"product_brand":[],"product_cat":[70],"product_tag":[315,77,293,314,278],"class_list":{"0":"post-10744","1":"product","2":"type-product","3":"status-publish","4":"has-post-thumbnail","6":"product_cat-feminisees","7":"product_tag-falcon-9","8":"product_tag-feminisee","9":"product_tag-peach-ozz","10":"product_tag-peach-sherbert-og","11":"product_tag-perfect-tree","13":"first","14":"instock","15":"shipping-taxable","16":"purchasable","17":"product-type-simple"},"jetpack_sharing_enabled":true,"_links":{"self":[{"href":"https:\/\/www.aaaseedz.com\/pt\/wp-json\/wp\/v2\/product\/10744","targetHints":{"allow":["GET"]}}],"collection":[{"href":"https:\/\/www.aaaseedz.com\/pt\/wp-json\/wp\/v2\/product"}],"about":[{"href":"https:\/\/www.aaaseedz.com\/pt\/wp-json\/wp\/v2\/types\/product"}],"wp:featuredmedia":[{"embeddable":true,"href":"https:\/\/www.aaaseedz.com\/pt\/wp-json\/wp\/v2\/media\/12353"}],"wp:attachment":[{"href":"https:\/\/www.aaaseedz.com\/pt\/wp-json\/wp\/v2\/media?parent=10744"}],"wp:term":[{"taxonomy":"product_brand","embeddable":true,"href":"https:\/\/www.aaaseedz.com\/pt\/wp-json\/wp\/v2\/product_brand?post=10744"},{"taxonomy":"product_cat","embeddable":true,"href":"https:\/\/www.aaaseedz.com\/pt\/wp-json\/wp\/v2\/product_cat?post=10744"},{"taxonomy":"product_tag","embeddable":true,"href":"https:\/\/www.aaaseedz.com\/pt\/wp-json\/wp\/v2\/product_tag?post=10744"}],"curies":[{"name":"wp","href":"https:\/\/api.w.org\/{rel}","templated":true}]}}