{"id":10746,"date":"2024-05-05T16:39:02","date_gmt":"2024-05-05T14:39:02","guid":{"rendered":"https:\/\/www.aaaseedz.com\/?post_type=product&#038;p=10746"},"modified":"2025-06-10T17:11:35","modified_gmt":"2025-06-10T15:11:35","slug":"arvore-perfeita-capri-zun-3","status":"publish","type":"product","link":"https:\/\/www.aaaseedz.com\/pt\/produit\/perfect-tree-capri-zun-2\/","title":{"rendered":"Capri Zun - Perfect Tree"},"content":{"rendered":"<p>Prepara-te para descobrir a CapriZun da Perfect Tree, a estrela em ascens\u00e3o das variedades h\u00edbridas com predomin\u00e2ncia de sativa, que ir\u00e1 emocionar os teus sentidos como nunca antes! Imagine uma mistura explosiva de terpenos, sabores e sensa\u00e7\u00f5es, tudo embalado numa saqueta t\u00e3o cintilante como a Alhambra em pleno ver\u00e3o. Esta cria\u00e7\u00e3o \u00e9 o resultado do trabalho \u00e1rduo de entusiastas que se empenharam a fundo na sele\u00e7\u00e3o de sementes de can\u00e1bis de alta qualidade. Se gosta de emo\u00e7\u00f5es fortes, vai adorar o que a CapriZun tem para lhe oferecer!<\/p>\n<p>Assim que se abre esta saqueta espumante, um verdadeiro festival de do\u00e7ura frutada atinge o nariz. \u00c9 como uma inje\u00e7\u00e3o de vitaminas para as suas papilas gustativas, com sabores complexos que misturam notas doces e azedas. Ao contr\u00e1rio de algumas variedades que perdem o seu brilho quando maduras, a CapriZun \u00e9 uma verdadeira estrela que nunca p\u00e1ra de brilhar. Os tricomas carnudos desta flor, cobertos por uma resina generosa, far\u00e3o com que queiras voltar uma e outra vez, seja para fumar ou para desfrutar ap\u00f3s a extra\u00e7\u00e3o.<\/p>\n<p>Esta pequena maravilha \u00e9 o resultado de um cruzamento entre a famosa Sunset Sherbert bx1 e a cintilante Peach Ozz. Em apenas 8 a 9 semanas de flora\u00e7\u00e3o, ser\u00e1s recompensado com bot\u00f5es densos e resinosos que brilham como estrelas. Quer esteja a cultivar no interior ou no exterior, esta variedade adapta-se a qualquer ambiente e o seu rendimento \u00e9 nada menos do que impressionante. Espere colher flores que certamente ser\u00e3o o assunto da cidade!<\/p>\n<p>A CapriZun n\u00e3o \u00e9 apenas uma planta bonita, \u00e9 tamb\u00e9m um verdadeiro concentrado de sensa\u00e7\u00f5es. Com um teor muito elevado de THC, mergulhar-te-\u00e1 num estado de relaxamento euf\u00f3rico, perfeito para descontrair depois de um longo dia. O seu efeito \u00e9 simultaneamente calmante e estimulante, deixando-te com um sorriso de felicidade no rosto. \u00c9 o companheiro perfeito para os teus momentos de relaxamento ou para partilhares com os teus amigos numa festa.<\/p>\n<p>Cultivar a CapriZun \u00e9 um verdadeiro prazer, quer se trate de um jardineiro principiante ou de um especialista experiente. O banco de sementes Perfect Tree desenvolveu esta variedade tendo o cuidado de testar cada lote com diferentes cultivadores, garantindo uma experi\u00eancia de cultivo \u00f3ptima. Todas as fases, desde a germina\u00e7\u00e3o at\u00e9 \u00e0 colheita, foram concebidas para lhe proporcionar uma experi\u00eancia inesquec\u00edvel.<\/p>\n<p>E isso n\u00e3o \u00e9 tudo! Na compra de um saco de seis sementes CapriZun, recebe de oferta um pacote de tr\u00eas sementes Tropic'Ozz. \u00c9 uma oportunidade de ouro para diversificar o seu jardim com sabores ainda mais ex\u00f3ticos!<\/p>\n<p>Em suma, a CapriZun \u00e9 muito mais do que uma simples variedade de can\u00e1bis. \u00c9 uma experi\u00eancia sensorial completa que combina sabores deliciosos, f\u00e1cil cultivo e efeitos poderosos. Por isso, n\u00e3o esperes mais! Mergulhe no mundo da CapriZun e deixe-se levar por esta explos\u00e3o de frutos e sensa\u00e7\u00f5es. N\u00e3o te vais desiludir!<\/p>\n<p><strong>Sementes feminizadas<\/strong><br \/>\n<strong>Embalagem<\/strong> 6+3 sementes gratuitas (LH2P) (9)<br \/>\n<strong>Criador<\/strong> : Perfect Tree<br \/>\n<strong>Nome<\/strong> : Capri Zun<br \/>\n<strong>Cruz<\/strong> : Sunset Sherbert BX1 x Peach Ozz<br \/>\n<strong>Desempenho<\/strong> M\u00e9dia a elevada<br \/>\n<strong>Gen\u00e9tica<\/strong> H\u00edbrido com predomin\u00e2ncia sativa<br \/>\n<strong>Per\u00edodo de flora\u00e7\u00e3o<\/strong> 60-66 dias<br \/>\n<strong>Gosto<\/strong> Frutado, Acidulado<br \/>\n<strong>Experi\u00eancia<\/strong> Efeito elevado<\/p>\n<p><em>Aviso: A posse e a recolha de sementes s\u00e3o autorizadas em Fran\u00e7a. Estas sementes n\u00e3o devem ser utilizadas para outros fins que n\u00e3o os autorizados pela legisla\u00e7\u00e3o do seu pa\u00eds. A germina\u00e7\u00e3o e a venda a menores s\u00e3o estritamente proibidas. AAASeedz n\u00e3o pode ser responsabilizada em caso de incumprimento das leis do pa\u00eds de resid\u00eancia.<\/em><\/p>","protected":false},"excerpt":{"rendered":"<p>Prepara-te para descobrir a CapriZun da Perfect Tree, a estrela em ascens\u00e3o das variedades h\u00edbridas com predomin\u00e2ncia de sativa, que ir\u00e1 certamente entusiasmar os teus cultivadores.<\/p>","protected":false},"featured_media":12323,"template":"","meta":[],"product_brand":[],"product_cat":[70],"product_tag":[318,77,293,278,319],"class_list":{"0":"post-10746","1":"product","2":"type-product","3":"status-publish","4":"has-post-thumbnail","6":"product_cat-feminisees","7":"product_tag-capri-zun","8":"product_tag-feminisee","9":"product_tag-peach-ozz","10":"product_tag-perfect-tree","11":"product_tag-sunset-sherbert-bx1","13":"first","14":"instock","15":"shipping-taxable","16":"purchasable","17":"product-type-simple"},"jetpack_sharing_enabled":true,"_links":{"self":[{"href":"https:\/\/www.aaaseedz.com\/pt\/wp-json\/wp\/v2\/product\/10746","targetHints":{"allow":["GET"]}}],"collection":[{"href":"https:\/\/www.aaaseedz.com\/pt\/wp-json\/wp\/v2\/product"}],"about":[{"href":"https:\/\/www.aaaseedz.com\/pt\/wp-json\/wp\/v2\/types\/product"}],"wp:featuredmedia":[{"embeddable":true,"href":"https:\/\/www.aaaseedz.com\/pt\/wp-json\/wp\/v2\/media\/12323"}],"wp:attachment":[{"href":"https:\/\/www.aaaseedz.com\/pt\/wp-json\/wp\/v2\/media?parent=10746"}],"wp:term":[{"taxonomy":"product_brand","embeddable":true,"href":"https:\/\/www.aaaseedz.com\/pt\/wp-json\/wp\/v2\/product_brand?post=10746"},{"taxonomy":"product_cat","embeddable":true,"href":"https:\/\/www.aaaseedz.com\/pt\/wp-json\/wp\/v2\/product_cat?post=10746"},{"taxonomy":"product_tag","embeddable":true,"href":"https:\/\/www.aaaseedz.com\/pt\/wp-json\/wp\/v2\/product_tag?post=10746"}],"curies":[{"name":"wp","href":"https:\/\/api.w.org\/{rel}","templated":true}]}}