{"id":10747,"date":"2024-05-05T16:40:57","date_gmt":"2024-05-05T14:40:57","guid":{"rendered":"https:\/\/www.aaaseedz.com\/?post_type=product&#038;p=10747"},"modified":"2025-06-11T16:28:02","modified_gmt":"2025-06-11T14:28:02","slug":"bomba-de-gordura-de-limao-e-coco-da-arvore-perfeita","status":"publish","type":"product","link":"https:\/\/www.aaaseedz.com\/pt\/produit\/perfect-tree-lemon-coconut-fatbomb-2\/","title":{"rendered":"Lemon Coconut Fatbomb - Perfect Tree"},"content":{"rendered":"<p>Perfect Tree's Lemon Coconut Fat Bomb, uma variedade que vai certamente surpreender o seu paladar e alegrar o seu jardim! Imagine a mistura perfeita entre a frescura picante do Lemon Curd e a do\u00e7ura cremosa do Coco Milk. \u00c9 como ter um sorvete de lim\u00e3o no seu jardim, pronto para o refrescar a cada cheirada! Esta pequena maravilha h\u00edbrida combina terpenos c\u00edtricos e gasosos com notas doces e cremosas, criando uma experi\u00eancia de sabor que o far\u00e1 sorrir a cada inala\u00e7\u00e3o. Alguns fen\u00f3tipos s\u00e3o mais gasosos, enquanto outros oferecem uma do\u00e7ura irresist\u00edvel. Um verdadeiro festival de sabores espera por si!<\/p>\n<p>A Lemon Coconut Fat Bomb \u00e9 tamb\u00e9m um sonho para cultivar. N\u00e3o \u00e9 preciso ser um jardineiro experiente para ter sucesso com esta beleza. \u00c9 f\u00e1cil de cuidar e n\u00e3o requer podas complicadas, o que a torna uma op\u00e7\u00e3o ideal para quem prefere um processo de cultivo sem complica\u00e7\u00f5es. Com o seu tamanho modesto, adapta-se perfeitamente a qualquer espa\u00e7o de cultivo, quer seja um pequeno canto do seu jardim ou um arm\u00e1rio dedicado. Poder\u00e1 desfrutar do seu crescimento sem se preocupar com podas ou t\u00e9cnicas de arama\u00e7\u00e3o complexas.<\/p>\n<p>E falemos de rendimentos! Se seguires boas pr\u00e1ticas de cultivo, a Lemon Coconut Fat Bomb recompensar-te-\u00e1 com uma generosa colheita de bot\u00f5es pegajosos. Estes bot\u00f5es libertam aromas encantadores de lim\u00e3o e do\u00e7ura, criando um ambiente olfativo que ir\u00e1 deliciar os seus sentidos. Durante a flora\u00e7\u00e3o, espere um espet\u00e1culo visual incr\u00edvel, pois esta variedade exibe cores brilhantes que iluminar\u00e3o o seu jardim. \u00c9 como se cada planta fosse uma pequena obra de arte, dando um toque de magia ao seu espa\u00e7o.<\/p>\n<p>Em suma, a Lemon Coconut Fat Bomb \u00e9 muito mais do que uma simples variedade de can\u00e1bis. \u00c9 uma experi\u00eancia sensorial completa que combina sabores deliciosos, facilidade de cultivo e rendimentos impressionantes. Quer seja um cultivador experiente ou um novato entusiasta, esta variedade \u00e9 um must-have que trar\u00e1 um toque de frescura e divers\u00e3o ao seu jardim. Por isso, prepare-se para saborear cada momento com a Lemon Coconut Fat Bomb e deixe-se levar pelo seu charme irresist\u00edvel!<\/p>\n<p><strong>Sementes feminizadas<\/strong><br \/>\n<strong>Embalagem<\/strong> : 6+3 sementes gratuitas (Coco Milk S1) (9)<br \/>\n<strong>Criador<\/strong> : Perfect Tree<br \/>\n<strong>Nome<\/strong> : Lemon Coconut Fatbomb<br \/>\n<strong>Cruz<\/strong> : Lemon Curd x Coco Milk<br \/>\n<strong>Desempenho<\/strong> M\u00e9dia a elevada<br \/>\n<strong>Gen\u00e9tica<\/strong> : H\u00edbrido<br \/>\n<strong>Per\u00edodo de flora\u00e7\u00e3o<\/strong> 56-60 dias<br \/>\n<strong>Gosto<\/strong> Citrinos frescos e cremosos<br \/>\n<strong>Experi\u00eancia<\/strong> Relaxamento<\/p>\n<p><em>Aviso: A posse e a recolha de sementes s\u00e3o autorizadas em Fran\u00e7a. Estas sementes n\u00e3o devem ser utilizadas para outros fins que n\u00e3o os autorizados pela legisla\u00e7\u00e3o do seu pa\u00eds. A germina\u00e7\u00e3o e a venda a menores s\u00e3o estritamente proibidas. AAASeedz n\u00e3o pode ser responsabilizada em caso de incumprimento das leis do pa\u00eds de resid\u00eancia.<\/em><\/p>","protected":false},"excerpt":{"rendered":"<p>La Lemon Coconut Fat Bomb de Perfect Tree, une vari\u00e9t\u00e9 qui va faire exploser vos papilles et \u00e9gayer votre jardin<\/p>","protected":false},"featured_media":12339,"template":"","meta":[],"product_brand":[],"product_cat":[70],"product_tag":[321,77,320,286,278],"class_list":{"0":"post-10747","1":"product","2":"type-product","3":"status-publish","4":"has-post-thumbnail","6":"product_cat-feminisees","7":"product_tag-coco-milk","8":"product_tag-feminisee","9":"product_tag-lemon-coconut-fatbomb","10":"product_tag-lemon-curd","11":"product_tag-perfect-tree","13":"first","14":"instock","15":"shipping-taxable","16":"purchasable","17":"product-type-simple"},"jetpack_sharing_enabled":true,"_links":{"self":[{"href":"https:\/\/www.aaaseedz.com\/pt\/wp-json\/wp\/v2\/product\/10747","targetHints":{"allow":["GET"]}}],"collection":[{"href":"https:\/\/www.aaaseedz.com\/pt\/wp-json\/wp\/v2\/product"}],"about":[{"href":"https:\/\/www.aaaseedz.com\/pt\/wp-json\/wp\/v2\/types\/product"}],"wp:featuredmedia":[{"embeddable":true,"href":"https:\/\/www.aaaseedz.com\/pt\/wp-json\/wp\/v2\/media\/12339"}],"wp:attachment":[{"href":"https:\/\/www.aaaseedz.com\/pt\/wp-json\/wp\/v2\/media?parent=10747"}],"wp:term":[{"taxonomy":"product_brand","embeddable":true,"href":"https:\/\/www.aaaseedz.com\/pt\/wp-json\/wp\/v2\/product_brand?post=10747"},{"taxonomy":"product_cat","embeddable":true,"href":"https:\/\/www.aaaseedz.com\/pt\/wp-json\/wp\/v2\/product_cat?post=10747"},{"taxonomy":"product_tag","embeddable":true,"href":"https:\/\/www.aaaseedz.com\/pt\/wp-json\/wp\/v2\/product_tag?post=10747"}],"curies":[{"name":"wp","href":"https:\/\/api.w.org\/{rel}","templated":true}]}}