{"id":11696,"date":"2024-05-21T15:35:45","date_gmt":"2024-05-21T13:35:45","guid":{"rendered":"https:\/\/www.aaaseedz.com\/?post_type=product&#038;p=11696"},"modified":"2026-01-18T07:56:22","modified_gmt":"2026-01-18T06:56:22","slug":"calice-de-coco-da-arvore-perfeita-3","status":"publish","type":"product","link":"https:\/\/www.aaaseedz.com\/pt\/produit\/perfect-tree-coconut-chalice-2\/","title":{"rendered":"Coconut Chalice - Perfect Tree"},"content":{"rendered":"<p>O C\u00e1lice de Coco da Perfect Tree est\u00e1 prestes a proporcionar-lhe uma experi\u00eancia inesquec\u00edvel! Este h\u00edbrido sensacional \u00e9 o resultado de um casamento ousado entre o famoso Gelato #41, tamb\u00e9m conhecido como Bacio Gelato, e o cremoso Coco Milk. Imagine uma fus\u00e3o que combina o melhor dos dois mundos: a riqueza do Gelato e a do\u00e7ura do coco. Com os seus entren\u00f3s curtos, esta variedade n\u00e3o se limita a produzir bot\u00f5es, mas d\u00e1-lhe verdadeiras obras de arte que parecem tacos de basebol, prontos a dar nas vistas no seu jardim!<\/p>\n<p>A Coconut Chalice \u00e9 um verdadeiro prazer para os cultivadores, quer sejam principiantes ou peritos. A sua facilidade de cultivo torna-a uma escolha ideal para qualquer pessoa que deseje embarcar na aventura da jardinagem can\u00e1bica. N\u00e3o \u00e9 preciso ser um especialista em bot\u00e2nica para ter sucesso com esta beleza! Com os seus entren\u00f3s compactos, forma flores incrivelmente densas, brilhando com tricomas cintilantes. Vai adorar a forma como estes bot\u00f5es se desenvolvem, exibindo tons p\u00farpura que lembram as mais belas noites de ver\u00e3o.<\/p>\n<p>E falemos do per\u00edodo de flora\u00e7\u00e3o! A Coconut Chalice n\u00e3o o far\u00e1 esperar muito tempo. Em apenas 8 semanas, estar\u00e1 pronto para colher os seus tesouros. Perfeito para aqueles que n\u00e3o t\u00eam paci\u00eancia para esperar meses para saborear os seus esfor\u00e7os. Vai adorar a rapidez com que esta variedade o recompensa, mantendo uma qualidade excecional.<\/p>\n<p>Mas isso n\u00e3o \u00e9 tudo! O aroma da Coconut Chalice \u00e9 uma verdadeira explos\u00e3o sensorial. \u00c0 medida que a planta amadurece, liberta fragr\u00e2ncias inebriantes que enchem o ar com uma intensidade cativante. As notas doces do Gelato misturam-se com a do\u00e7ura cremosa do Leite de Coco, criando uma sinfonia olfactiva que far\u00e1 crescer \u00e1gua na boca. A antecipa\u00e7\u00e3o destes aromas deliciosos far\u00e1 com que cada dia antes da colheita pare\u00e7a uma eternidade!<\/p>\n<p>Em suma, a Coconut Chalice \u00e9 muito mais do que uma variedade de can\u00e1bis. \u00c9 uma aventura de sabor e cheiro que o transportar\u00e1 para um mundo de del\u00edcias. Quer seja um cultivador em in\u00edcio de carreira ou um profissional de jardinagem, esta planta \u00e9 um must-have que trar\u00e1 um toque de magia ao seu jardim. Prepara-te para saborear cada momento com a Coconut Chalice e deixa-te levar pelo seu encanto irresist\u00edvel!<\/p>\n<p><strong>Sementes feminizadas<\/strong><br \/>\n<strong>Embalagem<\/strong> : 6+3 sementes gratuitas (Coco Milk S1) (9)<br \/>\n<strong>Criador<\/strong> : Perfect Tree<br \/>\n<strong>Nome<\/strong> : Coconut Chalice<br \/>\n<strong>Cruz<\/strong> : Gelato #41 x Coco Milk<br \/>\n<strong>Desempenho<\/strong> M\u00e9dia a elevada<br \/>\n<strong>Gen\u00e9tica<\/strong> H\u00edbrido com predomin\u00e2ncia \u00cdndica<br \/>\n<strong>Per\u00edodo de flora\u00e7\u00e3o<\/strong> 56-60 dias<br \/>\n<strong>Gosto<\/strong> : Gelato, Creme<br \/>\n<strong>Experi\u00eancia<\/strong> Relaxamento<\/p>\n<p><em><u>Aviso<\/u> A posse e a recolha de sementes s\u00e3o autorizadas em Fran\u00e7a. Estas sementes n\u00e3o devem ser utilizadas para outros fins que n\u00e3o os autorizados pela legisla\u00e7\u00e3o do seu pa\u00eds. A germina\u00e7\u00e3o e a venda a menores s\u00e3o estritamente proibidas. AAASeedz n\u00e3o pode ser responsabilizada em caso de incumprimento das leis do pa\u00eds de resid\u00eancia.<\/em><\/p>","protected":false},"excerpt":{"rendered":"<p>La Coconut Chalice de Perfect Tree est sur le point de vous faire vivre une exp\u00e9rience inoubliable ! Cet hybride<\/p>","protected":false},"featured_media":12329,"template":"","meta":[],"product_brand":[],"product_cat":[70],"product_tag":[321,393,77,394,278],"class_list":{"0":"post-11696","1":"product","2":"type-product","3":"status-publish","4":"has-post-thumbnail","6":"product_cat-feminisees","7":"product_tag-coco-milk","8":"product_tag-coconut-chalice","9":"product_tag-feminisee","10":"product_tag-gelato-41","11":"product_tag-perfect-tree","13":"first","14":"instock","15":"shipping-taxable","16":"purchasable","17":"product-type-simple"},"jetpack_sharing_enabled":true,"_links":{"self":[{"href":"https:\/\/www.aaaseedz.com\/pt\/wp-json\/wp\/v2\/product\/11696","targetHints":{"allow":["GET"]}}],"collection":[{"href":"https:\/\/www.aaaseedz.com\/pt\/wp-json\/wp\/v2\/product"}],"about":[{"href":"https:\/\/www.aaaseedz.com\/pt\/wp-json\/wp\/v2\/types\/product"}],"wp:featuredmedia":[{"embeddable":true,"href":"https:\/\/www.aaaseedz.com\/pt\/wp-json\/wp\/v2\/media\/12329"}],"wp:attachment":[{"href":"https:\/\/www.aaaseedz.com\/pt\/wp-json\/wp\/v2\/media?parent=11696"}],"wp:term":[{"taxonomy":"product_brand","embeddable":true,"href":"https:\/\/www.aaaseedz.com\/pt\/wp-json\/wp\/v2\/product_brand?post=11696"},{"taxonomy":"product_cat","embeddable":true,"href":"https:\/\/www.aaaseedz.com\/pt\/wp-json\/wp\/v2\/product_cat?post=11696"},{"taxonomy":"product_tag","embeddable":true,"href":"https:\/\/www.aaaseedz.com\/pt\/wp-json\/wp\/v2\/product_tag?post=11696"}],"curies":[{"name":"wp","href":"https:\/\/api.w.org\/{rel}","templated":true}]}}