{"id":11698,"date":"2024-05-21T15:39:09","date_gmt":"2024-05-21T13:39:09","guid":{"rendered":"https:\/\/www.aaaseedz.com\/?post_type=product&#038;p=11698"},"modified":"2025-06-10T17:17:50","modified_gmt":"2025-06-10T15:17:50","slug":"coco-de-arvore-perfeito-fresco","status":"publish","type":"product","link":"https:\/\/www.aaaseedz.com\/pt\/produit\/perfect-tree-coconut-fresh-2\/","title":{"rendered":"Coconut Fresh - Perfect Tree"},"content":{"rendered":"<p>A Coco Fresh da Perfect Tree \u00e9 uma variedade que o transporta diretamente para uma praia paradis\u00edaca! Imagine-se deitado na areia quente, com as ondas a sussurrar nos seus ouvidos, enquanto bebe uma deliciosa \u00e1gua de coco fresca. \u00c9 exatamente isso que esta planta lhe oferece: uma fuga tropical a cada cheirada. Com os seus tricomas cintilantes que brilham como estrelas, a Coco Fresh \u00e9 uma verdadeira beleza que ir\u00e1 certamente dar um toque de magia ao teu jardim.<\/p>\n<p>Esta variedade \u00e9 uma verdadeira campe\u00e3 de produ\u00e7\u00e3o e merece um lugar de elei\u00e7\u00e3o em qualquer espa\u00e7o de cultivo. O seu crescimento \u00e9 ereto e majestoso, e \u00e9 capaz de produzir bot\u00f5es de qualidade excecional. Se est\u00e1 \u00e0 procura de uma planta que combine est\u00e9tica e rendimento, a Coco Fresh \u00e9 o seu aliado ideal.<\/p>\n<p>Mas isso n\u00e3o \u00e9 tudo! A Coco Fresh \u00e9 o resultado de um delicioso cruzamento entre a famosa Runtz e a doce Coco Milk. Esta mistura explosiva d\u00e1 origem a um perfil \u00fanico de terpenos que combina notas frescas e carbonatadas com uma do\u00e7ura cremosa. Cada inala\u00e7\u00e3o \u00e9 um festim para o teu paladar, transportando-te para um mundo de sabores ex\u00f3ticos. Vais adorar o aroma inebriante que enche o ar, lembrando-te dos prazeres simples da vida.<\/p>\n<p>Para al\u00e9m dos seus deliciosos sabores, o Coco Fresh \u00e9 tamb\u00e9m conhecido pelos seus efeitos relaxantes e calmantes. Quer pretenda relaxar ap\u00f3s um dia agitado ou simplesmente mergulhar num estado de medita\u00e7\u00e3o profunda, esta variedade est\u00e1 \u00e0 sua disposi\u00e7\u00e3o. Tem o poder de o transportar para um ref\u00fagio de paz, onde o stress e as preocupa\u00e7\u00f5es se evaporam por magia. Imagine-se a flutuar numa nuvem de tranquilidade, com um sorriso de felicidade no rosto.<\/p>\n<p>E ainda por cima, a Coco Fresh \u00e9 um sonho para cultivar! Quer seja um jardineiro experiente ou um novato entusiasta, esta planta \u00e9 incrivelmente f\u00e1cil de cuidar. \u00c9 resistente e n\u00e3o requer aten\u00e7\u00e3o constante, o que a torna uma escolha perfeita para todos os cultivadores. Com a Coco Fresh no teu jardim, tens a garantia de colher n\u00e3o s\u00f3 belas flores, mas tamb\u00e9m uma dose saud\u00e1vel de felicidade e satisfa\u00e7\u00e3o.<\/p>\n<p>De que \u00e9 que est\u00e1 \u00e0 espera? Deixe-se seduzir por Coco Fresh e prepare-se para uma experi\u00eancia inesquec\u00edvel que despertar\u00e1 os seus sentidos e acalmar\u00e1 o seu esp\u00edrito!<\/p>\n<p><strong>Sementes feminizadas<\/strong><br \/>\n<strong>Embalagem<\/strong> : 6+3 sementes gratuitas (Coco Milk S1) (9)<br \/>\n<strong>Criador<\/strong> : Perfect Tree<br \/>\n<strong>Nome<\/strong> : Coconut Fresh<br \/>\n<strong>Cruz<\/strong> : Runtz x Coco Milk<br \/>\n<strong>Desempenho<\/strong> M\u00e9dia a elevada<br \/>\n<strong>Gen\u00e9tica<\/strong> H\u00edbrido com predomin\u00e2ncia \u00cdndica<br \/>\n<strong>Per\u00edodo de flora\u00e7\u00e3o<\/strong> 56-60 dias<br \/>\n<strong>Gosto<\/strong> G\u00e1s suave<br \/>\n<strong>Experi\u00eancia<\/strong> Relaxamento intenso<\/p>\n<p><em><u>Aviso<\/u> A posse e a recolha de sementes s\u00e3o autorizadas em Fran\u00e7a. Estas sementes n\u00e3o devem ser utilizadas para outros fins que n\u00e3o os autorizados pela legisla\u00e7\u00e3o do seu pa\u00eds. A germina\u00e7\u00e3o e a venda a menores s\u00e3o estritamente proibidas. AAASeedz n\u00e3o pode ser responsabilizada em caso de incumprimento das leis do pa\u00eds de resid\u00eancia.<\/em><\/p>","protected":false},"excerpt":{"rendered":"<p>Coco Fresh da Perfect Tree \u00e9 uma variedade que o transporta diretamente para uma praia paradis\u00edaca! Imagine-se deitado<\/p>","protected":false},"featured_media":12333,"template":"","meta":[],"product_brand":[],"product_cat":[70],"product_tag":[321,397,77,278,76],"class_list":{"0":"post-11698","1":"product","2":"type-product","3":"status-publish","4":"has-post-thumbnail","6":"product_cat-feminisees","7":"product_tag-coco-milk","8":"product_tag-coconut-fresh","9":"product_tag-feminisee","10":"product_tag-perfect-tree","11":"product_tag-runtz","13":"first","14":"instock","15":"shipping-taxable","16":"purchasable","17":"product-type-simple"},"jetpack_sharing_enabled":true,"_links":{"self":[{"href":"https:\/\/www.aaaseedz.com\/pt\/wp-json\/wp\/v2\/product\/11698","targetHints":{"allow":["GET"]}}],"collection":[{"href":"https:\/\/www.aaaseedz.com\/pt\/wp-json\/wp\/v2\/product"}],"about":[{"href":"https:\/\/www.aaaseedz.com\/pt\/wp-json\/wp\/v2\/types\/product"}],"wp:featuredmedia":[{"embeddable":true,"href":"https:\/\/www.aaaseedz.com\/pt\/wp-json\/wp\/v2\/media\/12333"}],"wp:attachment":[{"href":"https:\/\/www.aaaseedz.com\/pt\/wp-json\/wp\/v2\/media?parent=11698"}],"wp:term":[{"taxonomy":"product_brand","embeddable":true,"href":"https:\/\/www.aaaseedz.com\/pt\/wp-json\/wp\/v2\/product_brand?post=11698"},{"taxonomy":"product_cat","embeddable":true,"href":"https:\/\/www.aaaseedz.com\/pt\/wp-json\/wp\/v2\/product_cat?post=11698"},{"taxonomy":"product_tag","embeddable":true,"href":"https:\/\/www.aaaseedz.com\/pt\/wp-json\/wp\/v2\/product_tag?post=11698"}],"curies":[{"name":"wp","href":"https:\/\/api.w.org\/{rel}","templated":true}]}}