{"id":11711,"date":"2024-05-23T16:42:03","date_gmt":"2024-05-23T14:42:03","guid":{"rendered":"https:\/\/www.aaaseedz.com\/?post_type=product&#038;p=11711"},"modified":"2025-06-10T17:16:20","modified_gmt":"2025-06-10T15:16:20","slug":"arvore-perfeita-cherrytini-s1-2","status":"publish","type":"product","link":"https:\/\/www.aaaseedz.com\/pt\/produit\/perfect-tree-cherrytini-s1-2\/","title":{"rendered":"CherryTini S1 - Perfect Tree"},"content":{"rendered":"<p>A Cherrytini S1 da Perfect Tree \u00e9 uma variedade que far\u00e1 com que as suas papilas gustativas dancem e os seus sentidos ardam! Imagine uma brisa suave de cerejas suculentas, misturada com notas poderosas de g\u00e1s que lhe fazem lembrar as melhores noites de ver\u00e3o. A Cherrytini \u00e9 simplesmente um must-have para todos os amantes de can\u00e1bis que adoram sabores doces e frutados.<\/p>\n<p>Esta pequena maravilha \u00e9 o resultado de um cruzamento ousado entre dois fen\u00f3tipos de Cherrytini, tornando-a uma h\u00edbrida com muito car\u00e1cter. Em apenas 8 semanas de flora\u00e7\u00e3o, ser\u00e1s recompensado com bot\u00f5es densos e resinosos que brilham \u00e0 luz. Quer seja um cultivador experiente ou um novato entusiasta, esta variedade \u00e9 f\u00e1cil de cultivar e promete rendimentos m\u00e9dios a elevados. Vai adorar ver as suas plantas a prosperar e a transformarem-se em verdadeiras obras de arte bot\u00e2nicas!<\/p>\n<p>A Cherrytini S1 \u00e9 o resultado da nossa paix\u00e3o pela experimenta\u00e7\u00e3o. Come\u00e7\u00e1mos com as nossas selec\u00e7\u00f5es Cherry Noir da Aficionado Mendocino, polinizadas pelo nosso macho Jet A. Para esta vers\u00e3o S1, decidimos cruzar o nosso melhor fen\u00f3tipo com ela pr\u00f3pria, e os resultados foram simplesmente de cortar a respira\u00e7\u00e3o! Cada baforada desta variedade transporta-nos para um mundo de del\u00edcias frutadas, onde o aroma encantador dos doces de cereja se mistura com notas de g\u00e1s que acrescentam uma profundidade incr\u00edvel \u00e0 experi\u00eancia.<\/p>\n<p>No que diz respeito ao sabor, espera-se um verdadeiro festival para as tuas papilas gustativas! O Cherrytini S1 oferece uma explos\u00e3o de sabor com notas de cereja doce que o far\u00e3o recordar os doces da sua inf\u00e2ncia, ao mesmo tempo que \u00e9 real\u00e7ado por aquele toque de g\u00e1s que lhe confere o seu car\u00e1cter \u00fanico. \u00c9 uma combina\u00e7\u00e3o que ir\u00e1 certamente agradar aos f\u00e3s de flores doces e frutadas.<\/p>\n<p>Mas isso n\u00e3o \u00e9 tudo! A experi\u00eancia da Cherrytini S1 \u00e9 igualmente memor\u00e1vel. Com o seu poderoso efeito narc\u00f3tico, esta variedade envolve-o numa sensa\u00e7\u00e3o de relaxamento profundo, perfeita para descontrair ap\u00f3s um longo dia. Sentir-se-\u00e1 leve e feliz, pronto para aproveitar ao m\u00e1ximo cada momento.<\/p>\n<p>Em suma, a Cherrytini S1 \u00e9 muito mais do que uma simples variedade de can\u00e1bis. \u00c9 uma aventura sensorial que combina sabores deliciosos, facilidade de cultivo e efeitos poderosos. Quer seja um cultivador apaixonado ou um amador curioso, esta planta \u00e9 um must-have que trar\u00e1 um toque de magia ao seu jardim. Prepara-te para saborear cada momento com a Cherrytini S1 e deixa-te levar pelo seu encanto irresist\u00edvel!<\/p>\n<p><strong>Sementes feminizadas<\/strong><br \/>\n<strong>Embalagem<\/strong> 6+3 sementes gratuitas (Frozini) (9)<br \/>\n<strong>Criador<\/strong> : Perfect Tree<br \/>\n<strong>Nome<\/strong> : CherryTini S1<br \/>\n<strong>Cruz<\/strong> : CherryTini x CherryTini<br \/>\n<strong>Desempenho<\/strong> M\u00e9dia a elevada<br \/>\n<strong>Gen\u00e9tica<\/strong> : H\u00edbrido<br \/>\n<strong>Per\u00edodo de flora\u00e7\u00e3o<\/strong> 56-60 dias<br \/>\n<strong>Gosto<\/strong> Candy de cereja - G\u00e1s potente<br \/>\n<strong>Experi\u00eancia<\/strong> Poderoso efeito narc\u00f3tico<\/p>\n<p><em><u>Aviso<\/u> A posse e a recolha de sementes s\u00e3o autorizadas em Fran\u00e7a. Estas sementes n\u00e3o devem ser utilizadas para outros fins que n\u00e3o os autorizados pela legisla\u00e7\u00e3o do seu pa\u00eds. A germina\u00e7\u00e3o e a venda a menores s\u00e3o estritamente proibidas. AAASeedz n\u00e3o pode ser responsabilizada em caso de incumprimento das leis do pa\u00eds de resid\u00eancia.<\/em><\/p>","protected":false},"excerpt":{"rendered":"<p>A Cherrytini S1 da Perfect Tree \u00e9 uma variedade que vai fazer as suas papilas gustativas dan\u00e7arem e inflamar os seus sentidos!<\/p>","protected":false},"featured_media":12327,"template":"","meta":[],"product_brand":[],"product_cat":[70],"product_tag":[398,401,77,278],"class_list":{"0":"post-11711","1":"product","2":"type-product","3":"status-publish","4":"has-post-thumbnail","6":"product_cat-feminisees","7":"product_tag-cherrytini","8":"product_tag-cherrytini-s1","9":"product_tag-feminisee","10":"product_tag-perfect-tree","12":"first","13":"instock","14":"shipping-taxable","15":"purchasable","16":"product-type-simple"},"jetpack_sharing_enabled":true,"_links":{"self":[{"href":"https:\/\/www.aaaseedz.com\/pt\/wp-json\/wp\/v2\/product\/11711","targetHints":{"allow":["GET"]}}],"collection":[{"href":"https:\/\/www.aaaseedz.com\/pt\/wp-json\/wp\/v2\/product"}],"about":[{"href":"https:\/\/www.aaaseedz.com\/pt\/wp-json\/wp\/v2\/types\/product"}],"wp:featuredmedia":[{"embeddable":true,"href":"https:\/\/www.aaaseedz.com\/pt\/wp-json\/wp\/v2\/media\/12327"}],"wp:attachment":[{"href":"https:\/\/www.aaaseedz.com\/pt\/wp-json\/wp\/v2\/media?parent=11711"}],"wp:term":[{"taxonomy":"product_brand","embeddable":true,"href":"https:\/\/www.aaaseedz.com\/pt\/wp-json\/wp\/v2\/product_brand?post=11711"},{"taxonomy":"product_cat","embeddable":true,"href":"https:\/\/www.aaaseedz.com\/pt\/wp-json\/wp\/v2\/product_cat?post=11711"},{"taxonomy":"product_tag","embeddable":true,"href":"https:\/\/www.aaaseedz.com\/pt\/wp-json\/wp\/v2\/product_tag?post=11711"}],"curies":[{"name":"wp","href":"https:\/\/api.w.org\/{rel}","templated":true}]}}