{"id":12489,"date":"2025-03-20T13:51:27","date_gmt":"2025-03-20T12:51:27","guid":{"rendered":"https:\/\/www.aaaseedz.com\/?post_type=product&#038;p=12489"},"modified":"2025-03-20T15:07:11","modified_gmt":"2025-03-20T14:07:11","slug":"sobre-o-arco-iris-arvore-perfeita","status":"publish","type":"product","link":"https:\/\/www.aaaseedz.com\/pt\/produit\/over-the-rainbow-perfect-tree\/","title":{"rendered":"Over The Rainbow - \u00c1rvore Perfeita"},"content":{"rendered":"<p>Over the Rainbow, uma explos\u00e3o de sabores e efeitos. Se est\u00e1 \u00e0 procura de uma experi\u00eancia \u00fanica com can\u00e1bis, n\u00e3o procure mais, Over the Rainbow. Este cruzamento de edi\u00e7\u00e3o limitada entre a Peach Ozz e a Za\u00efza\u00ef promete lev\u00e1-lo numa viagem sensorial inesquec\u00edvel. Com os seus sabores brilhantes de p\u00eassego e efeitos poderosos, esta variedade \u00e9 uma verdadeira joia para os amantes da can\u00e1bis.<\/p>\n<p>A Over the Rainbow \u00e9 o resultado de um cruzamento cuidadosamente elaborado entre a Yahemi e a Za\u00efza\u00ef. Esta mistura gen\u00e9tica oferece uma complexidade de sabores e efeitos que ir\u00e1 deliciar os conhecedores. Usando a nossa sele\u00e7\u00e3o de Peach Ozz da Dying Breed Seeds, conseguimos criar uma variedade que se aproxima do nosso corte original, mas adicionando Z-terps ainda mais pronunciados. Isto significa que cada baforada \u00e9 uma explos\u00e3o de sabor que o transportar\u00e1 diretamente para um suculento pomar de p\u00eassegos.<\/p>\n<p>Para aqueles que gostam de cultivar, a Over the Rainbow \u00e9 uma planta que n\u00e3o desilude. Com um per\u00edodo de flora\u00e7\u00e3o de cerca de 8 semanas, \u00e9 relativamente r\u00e1pido de colher. Em termos de rendimento, espere resultados m\u00e9dios a elevados se lhe der os cuidados certos. A sua estrutura permanece bastante curta, tornando-a ideal para \u00e1reas de cultivo mais pequenas, embora continue a ser muito produtiva.<\/p>\n<p>O sabor de Over the Rainbow \u00e9 um verdadeiro festival para as papilas gustativas. Imagine uma salada de frutas tropicais em que o p\u00eassego \u00e9 a estrela do espet\u00e1culo. Cada inala\u00e7\u00e3o envolve-o numa do\u00e7ura frutada, enquanto as notas ex\u00f3ticas acrescentam uma dimens\u00e3o extra \u00e0 experi\u00eancia. Quer opte por fumar ou vaporizar, esta variedade oferece um fumo suave e agrad\u00e1vel que ir\u00e1 deliciar os seus sentidos.<\/p>\n<p>Quando se trata de efeitos, a Over the Rainbow n\u00e3o poupa esfor\u00e7os. Com um efeito forte, esta variedade \u00e9 perfeita para quem procura um relaxamento profundo enquanto mant\u00e9m a mente clara. \u00c9 o fumo diurno ideal, seja para descontrair ap\u00f3s um longo dia ou para estimular a criatividade. Sentir-se-\u00e1 leve e sereno, pronto para enfrentar o que quer que o dia lhe apresente.<\/p>\n<p>Over the Rainbow \u00e9 um crossover de edi\u00e7\u00e3o limitada, o que significa que n\u00e3o estar\u00e1 dispon\u00edvel para sempre. Para todos os f\u00e3s da Peach Ozz, esta \u00e9 uma oportunidade a n\u00e3o perder. Esta variedade vai desaparecer muito rapidamente, por isso certifique-se de que deita as m\u00e3os \u00e0s suas sementes x12 regulares antes que seja tarde demais.<\/p>\n<p>Em suma, a Over the Rainbow \u00e9 muito mais do que uma simples variedade de can\u00e1bis. \u00c9 uma experi\u00eancia sensorial completa que combina sabores requintados, efeitos poderosos e facilidade de cultivo. Quer seja um cultivador experiente ou um principiante, esta variedade merece um lugar na sua cole\u00e7\u00e3o. Prepara-te para explorar um mundo de sabores e efeitos com a Over the Rainbow!<\/p>\n<p><strong>Sementes regulares<\/strong><br \/>\n<strong>Embalagem<\/strong> 12 sementes (12)<br \/>\n<strong>Criador<\/strong> : Perfect Tree<br \/>\n<strong>Nome<\/strong> Sobre o arco-\u00edris<br \/>\n<strong>Cruz<\/strong> P\u00eassego Ozz x Za\u00ef Za\u00ef<br \/>\n<strong>Desempenho<\/strong> M\u00e9dia a elevada<br \/>\n<strong>Gen\u00e9tica<\/strong> : H\u00edbrido<br \/>\n<strong>Per\u00edodo de flora\u00e7\u00e3o<\/strong> 56-60 dias<br \/>\n<strong>Gosto<\/strong> Salada de frutas tropicais<br \/>\n<strong>Experi\u00eancia<\/strong> Efeito forte<\/p>\n<p><em><u>Aviso<\/u> A posse e a recolha de sementes s\u00e3o autorizadas em Fran\u00e7a. Estas sementes n\u00e3o devem ser utilizadas para outros fins que n\u00e3o os autorizados pela legisla\u00e7\u00e3o do seu pa\u00eds. A germina\u00e7\u00e3o e a venda a menores s\u00e3o estritamente proibidas. AAASeedz n\u00e3o pode ser responsabilizada em caso de incumprimento das leis do pa\u00eds de resid\u00eancia.<\/em><\/p>","protected":false},"excerpt":{"rendered":"<p>Over the Rainbow, une explosion de saveurs et d&rsquo;effets. Si vous \u00eates \u00e0 la recherche d&rsquo;une exp\u00e9rience unique en mati\u00e8re<\/p>","protected":false},"featured_media":12425,"template":"","meta":[],"product_brand":[],"product_cat":[71],"product_tag":[481,293,278,109,303],"class_list":{"0":"post-12489","1":"product","2":"type-product","3":"status-publish","4":"has-post-thumbnail","6":"product_cat-regulieres","7":"product_tag-over-the-rainbow","8":"product_tag-peach-ozz","9":"product_tag-perfect-tree","10":"product_tag-regulieres","11":"product_tag-zaizai","13":"first","14":"outofstock","15":"shipping-taxable","16":"purchasable","17":"product-type-simple"},"jetpack_sharing_enabled":true,"_links":{"self":[{"href":"https:\/\/www.aaaseedz.com\/pt\/wp-json\/wp\/v2\/product\/12489","targetHints":{"allow":["GET"]}}],"collection":[{"href":"https:\/\/www.aaaseedz.com\/pt\/wp-json\/wp\/v2\/product"}],"about":[{"href":"https:\/\/www.aaaseedz.com\/pt\/wp-json\/wp\/v2\/types\/product"}],"wp:featuredmedia":[{"embeddable":true,"href":"https:\/\/www.aaaseedz.com\/pt\/wp-json\/wp\/v2\/media\/12425"}],"wp:attachment":[{"href":"https:\/\/www.aaaseedz.com\/pt\/wp-json\/wp\/v2\/media?parent=12489"}],"wp:term":[{"taxonomy":"product_brand","embeddable":true,"href":"https:\/\/www.aaaseedz.com\/pt\/wp-json\/wp\/v2\/product_brand?post=12489"},{"taxonomy":"product_cat","embeddable":true,"href":"https:\/\/www.aaaseedz.com\/pt\/wp-json\/wp\/v2\/product_cat?post=12489"},{"taxonomy":"product_tag","embeddable":true,"href":"https:\/\/www.aaaseedz.com\/pt\/wp-json\/wp\/v2\/product_tag?post=12489"}],"curies":[{"name":"wp","href":"https:\/\/api.w.org\/{rel}","templated":true}]}}