{"id":12490,"date":"2025-03-20T14:01:39","date_gmt":"2025-03-20T13:01:39","guid":{"rendered":"https:\/\/www.aaaseedz.com\/?post_type=product&#038;p=12490"},"modified":"2025-03-20T15:03:34","modified_gmt":"2025-03-20T14:03:34","slug":"zahemi-arvore-perfeita","status":"publish","type":"product","link":"https:\/\/www.aaaseedz.com\/pt\/produit\/zahemi-perfect-tree\/","title":{"rendered":"Zahemi - \u00c1rvore perfeita"},"content":{"rendered":"<p>Zahemi, a planta ideal para principiantes e amantes de sabores frutados. Se est\u00e1 \u00e0 procura de uma variedade de can\u00e1bis que combine facilidade de cultivo, sabor requintado e efeitos poderosos, n\u00e3o procure mais do que a Zahemi. Este cruzamento entre a Yahemi e a Za\u00ef Za\u00ef \u00e9 uma verdadeira pepita para cultivadores novatos e experientes. Com as suas carater\u00edsticas \u00fanicas e sabor inesquec\u00edvel, a Zahemi merece um lugar especial no teu jardim.<\/p>\n<p>A Zahemi \u00e9 o resultado de um cruzamento cuidadosamente elaborado entre a nossa sele\u00e7\u00e3o Yahemi da Grandiflora Genetics e o macho Za\u00ef Za\u00ef. Esta mistura gen\u00e9tica traz uma riqueza de sabores e efeitos que far\u00e3o as del\u00edcias dos amantes da can\u00e1bis. Herdando as carater\u00edsticas da linha Melonata, a Zahemi tamb\u00e9m adiciona os terpenos frutados e doces da Zkittlez, criando uma experi\u00eancia de sabor \u00fanica.<\/p>\n<p>Um dos aspectos mais not\u00e1veis do Zahemi \u00e9 o seu sabor. Imagine uma toranja doce num arco-\u00edris, uma explos\u00e3o de sabores a dan\u00e7ar no seu paladar. Esta variedade oferece um sabor a salada de frutas tropicais que deixa uma impress\u00e3o duradoura no paladar. No final da flora\u00e7\u00e3o, o aroma torna-se t\u00e3o intenso que lhe far\u00e1 sorrir sempre que abrir a porta da sua colheita.<\/p>\n<p>Para quem \u00e9 novo no mundo da can\u00e1bis, a Zahemi \u00e9 uma excelente op\u00e7\u00e3o. Com um per\u00edodo de flora\u00e7\u00e3o de cerca de 8 a 9 semanas, esta planta \u00e9 relativamente r\u00e1pida de colher. \u00c9 tamb\u00e9m f\u00e1cil de cultivar, o que a torna uma escolha ideal para os principiantes. No entanto, tenha cuidado com o estiramento durante a flora\u00e7\u00e3o: a Zahemi pode duplicar de tamanho, por isso certifique-se de que lhe d\u00e1 espa\u00e7o suficiente para florescer.<\/p>\n<p>Em termos de rendimento, a Zahemi n\u00e3o desilude. \u00c9 conhecida por ser uma excelente produtora, desenvolvendo grandes bot\u00f5es cobertos de resina. Isto torna-a uma escolha perfeita para os amantes de extrac\u00e7\u00f5es sem solventes, que apreciar\u00e3o a qualidade da resina produzida por esta variedade. Quer se pretenda fumar, vaporizar ou extrair, a Zahemi oferece uma versatilidade que agrada a todos.<\/p>\n<p>Quando se trata de efeitos, a Zahemi n\u00e3o faz as coisas pela metade. Com um efeito forte, esta variedade \u00e9 ideal para quem procura uma experi\u00eancia relaxante e euf\u00f3rica. \u00c9 uma das nossas variedades favoritas para um perfeito wake &amp; bake, ajudando-o a come\u00e7ar o dia com energia e boa disposi\u00e7\u00e3o.<\/p>\n<p>Em suma, a Zahemi \u00e9 uma variedade que combina todos os elementos que os cultivadores e consumidores procuram: gen\u00e9tica de qualidade, sabores frutados, facilidade de cultivo e efeitos poderosos. Quer seja um principiante ou um cultivador experiente, esta planta merece um lugar no seu jardim. N\u00e3o perca a oportunidade de descobrir esta maravilhosa variedade que colocar\u00e1 um sorriso no seu rosto a cada tragada!<\/p>\n<p><strong>Sementes regulares<\/strong><br \/>\n<strong>Embalagem<\/strong> 12 sementes (12)<br \/>\n<strong>Criador<\/strong> : Perfect Tree<br \/>\n<strong>Nome<\/strong> : Zahemi<br \/>\n<strong>Cruz<\/strong> Yahemi x Za\u00ef Za\u00ef<br \/>\n<strong>Desempenho<\/strong> M\u00e9dia a elevada<br \/>\n<strong>Gen\u00e9tica<\/strong> : H\u00edbrido<br \/>\n<strong>Per\u00edodo de flora\u00e7\u00e3o<\/strong> 56-60 dias<br \/>\n<strong>Gosto<\/strong> Salada de frutas tropicais<br \/>\n<strong>Experi\u00eancia<\/strong> Efeito forte<\/p>\n<p><em><u>Aviso<\/u> A posse e a recolha de sementes s\u00e3o autorizadas em Fran\u00e7a. Estas sementes n\u00e3o devem ser utilizadas para outros fins que n\u00e3o os autorizados pela legisla\u00e7\u00e3o do seu pa\u00eds. A germina\u00e7\u00e3o e a venda a menores s\u00e3o estritamente proibidas. AAASeedz n\u00e3o pode ser responsabilizada em caso de incumprimento das leis do pa\u00eds de resid\u00eancia.<\/em><\/p>","protected":false},"excerpt":{"rendered":"<p>Zahemi, la plante id\u00e9ale pour les d\u00e9butants et les amateurs de saveurs fruit\u00e9es. Si vous \u00eates \u00e0 la recherche d&rsquo;une<\/p>","protected":false},"featured_media":12434,"template":"","meta":[],"product_brand":[],"product_cat":[71],"product_tag":[278,109,483,482,303],"class_list":{"0":"post-12490","1":"product","2":"type-product","3":"status-publish","4":"has-post-thumbnail","6":"product_cat-regulieres","7":"product_tag-perfect-tree","8":"product_tag-regulieres","9":"product_tag-yahemi","10":"product_tag-zahemi","11":"product_tag-zaizai","13":"first","14":"outofstock","15":"shipping-taxable","16":"purchasable","17":"product-type-simple"},"jetpack_sharing_enabled":true,"_links":{"self":[{"href":"https:\/\/www.aaaseedz.com\/pt\/wp-json\/wp\/v2\/product\/12490","targetHints":{"allow":["GET"]}}],"collection":[{"href":"https:\/\/www.aaaseedz.com\/pt\/wp-json\/wp\/v2\/product"}],"about":[{"href":"https:\/\/www.aaaseedz.com\/pt\/wp-json\/wp\/v2\/types\/product"}],"wp:featuredmedia":[{"embeddable":true,"href":"https:\/\/www.aaaseedz.com\/pt\/wp-json\/wp\/v2\/media\/12434"}],"wp:attachment":[{"href":"https:\/\/www.aaaseedz.com\/pt\/wp-json\/wp\/v2\/media?parent=12490"}],"wp:term":[{"taxonomy":"product_brand","embeddable":true,"href":"https:\/\/www.aaaseedz.com\/pt\/wp-json\/wp\/v2\/product_brand?post=12490"},{"taxonomy":"product_cat","embeddable":true,"href":"https:\/\/www.aaaseedz.com\/pt\/wp-json\/wp\/v2\/product_cat?post=12490"},{"taxonomy":"product_tag","embeddable":true,"href":"https:\/\/www.aaaseedz.com\/pt\/wp-json\/wp\/v2\/product_tag?post=12490"}],"curies":[{"name":"wp","href":"https:\/\/api.w.org\/{rel}","templated":true}]}}