{"id":12509,"date":"2025-03-20T17:07:18","date_gmt":"2025-03-20T16:07:18","guid":{"rendered":"https:\/\/www.aaaseedz.com\/?post_type=product&#038;p=12509"},"modified":"2025-06-11T16:35:35","modified_gmt":"2025-06-11T14:35:35","slug":"pinana-jack-terphogz-2025","status":"publish","type":"product","link":"https:\/\/www.aaaseedz.com\/pt\/produit\/pinana-jack-terphogz-2025\/","title":{"rendered":"Pinana Jack - Terphogz 2025"},"content":{"rendered":"<p><strong>Sementes regulares<\/strong><br \/>\n<strong>Embalagem<\/strong> : 10 sementes<br \/>\n<strong>Criador<\/strong> : Terphogz 2025<br \/>\n<strong>Nome<\/strong> Pinana Jack<br \/>\n<strong>Cruz<\/strong> Key Lime Jack x Pinana Z<\/p>\n<p><em>Aviso: A posse e a recolha de sementes s\u00e3o autorizadas em Fran\u00e7a. Estas sementes n\u00e3o devem ser utilizadas para outros fins que n\u00e3o os autorizados pela legisla\u00e7\u00e3o do seu pa\u00eds. A germina\u00e7\u00e3o e a venda a menores s\u00e3o estritamente proibidas. AAASeedz n\u00e3o pode ser responsabilizada em caso de incumprimento das leis do pa\u00eds de resid\u00eancia.<\/em><\/p>","protected":false},"excerpt":{"rendered":"<p>Sementes regulares Pacote : 10 sementes Criador : Terphogz 2025 Nome : Pinana Jack Cruzamento : Key Lime Jack x<\/p>","protected":false},"featured_media":12456,"template":"","meta":[],"product_brand":[],"product_cat":[71],"product_tag":[507,504,503,496,109,106],"class_list":{"0":"post-12509","1":"product","2":"type-product","3":"status-publish","4":"has-post-thumbnail","6":"product_cat-regulieres","7":"product_tag-507","8":"product_tag-key-lime-jack","9":"product_tag-pinana-jack","10":"product_tag-pinana-z","11":"product_tag-regulieres","12":"product_tag-terphogz","14":"first","15":"instock","16":"shipping-taxable","17":"purchasable","18":"product-type-simple"},"jetpack_sharing_enabled":true,"_links":{"self":[{"href":"https:\/\/www.aaaseedz.com\/pt\/wp-json\/wp\/v2\/product\/12509","targetHints":{"allow":["GET"]}}],"collection":[{"href":"https:\/\/www.aaaseedz.com\/pt\/wp-json\/wp\/v2\/product"}],"about":[{"href":"https:\/\/www.aaaseedz.com\/pt\/wp-json\/wp\/v2\/types\/product"}],"wp:featuredmedia":[{"embeddable":true,"href":"https:\/\/www.aaaseedz.com\/pt\/wp-json\/wp\/v2\/media\/12456"}],"wp:attachment":[{"href":"https:\/\/www.aaaseedz.com\/pt\/wp-json\/wp\/v2\/media?parent=12509"}],"wp:term":[{"taxonomy":"product_brand","embeddable":true,"href":"https:\/\/www.aaaseedz.com\/pt\/wp-json\/wp\/v2\/product_brand?post=12509"},{"taxonomy":"product_cat","embeddable":true,"href":"https:\/\/www.aaaseedz.com\/pt\/wp-json\/wp\/v2\/product_cat?post=12509"},{"taxonomy":"product_tag","embeddable":true,"href":"https:\/\/www.aaaseedz.com\/pt\/wp-json\/wp\/v2\/product_tag?post=12509"}],"curies":[{"name":"wp","href":"https:\/\/api.w.org\/{rel}","templated":true}]}}