{"id":12514,"date":"2025-03-23T10:57:28","date_gmt":"2025-03-23T09:57:28","guid":{"rendered":"https:\/\/www.aaaseedz.com\/?post_type=product&#038;p=12514"},"modified":"2025-06-11T16:39:50","modified_gmt":"2025-06-11T14:39:50","slug":"red-zuava-zushi-terphogz-x-kounter-kulture","status":"publish","type":"product","link":"https:\/\/www.aaaseedz.com\/pt\/produit\/red-zuava-zushi-terphogz-x-kounter-kulture\/","title":{"rendered":"Red Zuava Zushi - Terphogz x Kounter Kulture"},"content":{"rendered":"<p><strong>Sementes feminizadas<\/strong><br \/>\n<strong>Embalagem<\/strong> : 10 sementes<br \/>\n<strong>Criador<\/strong> : Terphogz x Kounter Kulture<br \/>\n<strong>Nome<\/strong> : Zuava Zushi vermelho<br \/>\n<strong>Cruz<\/strong> Zushi vermelho x Zuava<\/p>\n<p><em>Aviso: A posse e a recolha de sementes s\u00e3o autorizadas em Fran\u00e7a. Estas sementes n\u00e3o devem ser utilizadas para outros fins que n\u00e3o os autorizados pela legisla\u00e7\u00e3o do seu pa\u00eds. A germina\u00e7\u00e3o e a venda a menores s\u00e3o estritamente proibidas. AAASeedz n\u00e3o pode ser responsabilizada em caso de incumprimento das leis do pa\u00eds de resid\u00eancia.<\/em><\/p>","protected":false},"excerpt":{"rendered":"<p>Sementes feminizadas Pacote : 10 sementes Criador : Terphogz x Kounter Kulture Nome : Red Zuava Zushi Cruzamento : Red<\/p>","protected":false},"featured_media":12468,"template":"","meta":[],"product_brand":[],"product_cat":[70],"product_tag":[77,209,513,514,106,210],"class_list":{"0":"post-12514","1":"product","2":"type-product","3":"status-publish","4":"has-post-thumbnail","6":"product_cat-feminisees","7":"product_tag-feminisee","8":"product_tag-kounter-kulture","9":"product_tag-red-zuava-zushi","10":"product_tag-red-zushi","11":"product_tag-terphogz","12":"product_tag-zuava","14":"first","15":"instock","16":"shipping-taxable","17":"purchasable","18":"product-type-simple"},"jetpack_sharing_enabled":true,"_links":{"self":[{"href":"https:\/\/www.aaaseedz.com\/pt\/wp-json\/wp\/v2\/product\/12514","targetHints":{"allow":["GET"]}}],"collection":[{"href":"https:\/\/www.aaaseedz.com\/pt\/wp-json\/wp\/v2\/product"}],"about":[{"href":"https:\/\/www.aaaseedz.com\/pt\/wp-json\/wp\/v2\/types\/product"}],"wp:featuredmedia":[{"embeddable":true,"href":"https:\/\/www.aaaseedz.com\/pt\/wp-json\/wp\/v2\/media\/12468"}],"wp:attachment":[{"href":"https:\/\/www.aaaseedz.com\/pt\/wp-json\/wp\/v2\/media?parent=12514"}],"wp:term":[{"taxonomy":"product_brand","embeddable":true,"href":"https:\/\/www.aaaseedz.com\/pt\/wp-json\/wp\/v2\/product_brand?post=12514"},{"taxonomy":"product_cat","embeddable":true,"href":"https:\/\/www.aaaseedz.com\/pt\/wp-json\/wp\/v2\/product_cat?post=12514"},{"taxonomy":"product_tag","embeddable":true,"href":"https:\/\/www.aaaseedz.com\/pt\/wp-json\/wp\/v2\/product_tag?post=12514"}],"curies":[{"name":"wp","href":"https:\/\/api.w.org\/{rel}","templated":true}]}}