{"id":12521,"date":"2025-03-23T10:56:48","date_gmt":"2025-03-23T09:56:48","guid":{"rendered":"https:\/\/www.aaaseedz.com\/?post_type=product&#038;p=12521"},"modified":"2025-06-11T18:41:15","modified_gmt":"2025-06-11T16:41:15","slug":"zour-zuava-terphogz-x-kounter-kulture","status":"publish","type":"product","link":"https:\/\/www.aaaseedz.com\/pt\/produit\/zour-zuava-terphogz-x-kounter-kulture\/","title":{"rendered":"Zour Zuava - Terphogz x Kounter Kulture"},"content":{"rendered":"<p><strong>Sementes feminizadas<\/strong><br \/>\n<strong>Embalagem<\/strong> : 10 sementes<br \/>\n<strong>Criador<\/strong> : Terphogz x Kounter Kulture<br \/>\n<strong>Nome<\/strong> Zour Zuava<br \/>\n<strong>Cruz<\/strong> (The Original Z x Sour D) x Zuava<\/p>\n<p><em>Aviso: A posse e a recolha de sementes s\u00e3o autorizadas em Fran\u00e7a. Estas sementes n\u00e3o devem ser utilizadas para outros fins que n\u00e3o os autorizados pela legisla\u00e7\u00e3o do seu pa\u00eds. A germina\u00e7\u00e3o e a venda a menores s\u00e3o estritamente proibidas. AAASeedz n\u00e3o pode ser responsabilizada em caso de incumprimento das leis do pa\u00eds de resid\u00eancia.<\/em><\/p>","protected":false},"excerpt":{"rendered":"<p>Graines F\u00e9minis\u00e9es Pack : 10 graines Breeder : Terphogz x Kounter Kulture Nom : Zour Zuava Croisement : (The Original<\/p>","protected":false},"featured_media":12478,"template":"","meta":[],"product_brand":[],"product_cat":[70],"product_tag":[77,209,525,106,470,524,210],"class_list":{"0":"post-12521","1":"product","2":"type-product","3":"status-publish","4":"has-post-thumbnail","6":"product_cat-feminisees","7":"product_tag-feminisee","8":"product_tag-kounter-kulture","9":"product_tag-sour-d","10":"product_tag-terphogz","11":"product_tag-the-original-z","12":"product_tag-zour-zuava","13":"product_tag-zuava","15":"first","16":"instock","17":"shipping-taxable","18":"purchasable","19":"product-type-simple"},"jetpack_sharing_enabled":true,"_links":{"self":[{"href":"https:\/\/www.aaaseedz.com\/pt\/wp-json\/wp\/v2\/product\/12521","targetHints":{"allow":["GET"]}}],"collection":[{"href":"https:\/\/www.aaaseedz.com\/pt\/wp-json\/wp\/v2\/product"}],"about":[{"href":"https:\/\/www.aaaseedz.com\/pt\/wp-json\/wp\/v2\/types\/product"}],"wp:featuredmedia":[{"embeddable":true,"href":"https:\/\/www.aaaseedz.com\/pt\/wp-json\/wp\/v2\/media\/12478"}],"wp:attachment":[{"href":"https:\/\/www.aaaseedz.com\/pt\/wp-json\/wp\/v2\/media?parent=12521"}],"wp:term":[{"taxonomy":"product_brand","embeddable":true,"href":"https:\/\/www.aaaseedz.com\/pt\/wp-json\/wp\/v2\/product_brand?post=12521"},{"taxonomy":"product_cat","embeddable":true,"href":"https:\/\/www.aaaseedz.com\/pt\/wp-json\/wp\/v2\/product_cat?post=12521"},{"taxonomy":"product_tag","embeddable":true,"href":"https:\/\/www.aaaseedz.com\/pt\/wp-json\/wp\/v2\/product_tag?post=12521"}],"curies":[{"name":"wp","href":"https:\/\/api.w.org\/{rel}","templated":true}]}}