{"id":12523,"date":"2025-03-24T11:28:14","date_gmt":"2025-03-24T10:28:14","guid":{"rendered":"https:\/\/www.aaaseedz.com\/?post_type=product&#038;p=12523"},"modified":"2025-06-11T16:39:23","modified_gmt":"2025-06-11T14:39:23","slug":"red-skrrrt-banger-terphogz-x-conscious-genetics","status":"publish","type":"product","link":"https:\/\/www.aaaseedz.com\/pt\/produit\/red-skrrrt-banger-terphogz-x-conscious-genetics\/","title":{"rendered":"Red Skrrrt Banger - Terphogz x Conscious Genetics"},"content":{"rendered":"<p><strong>Sementes feminizadas<\/strong><br \/>\n<strong>Embalagem<\/strong> : 10 sementes<br \/>\n<strong>Criador<\/strong> Terphogz x Conscious Genetics<br \/>\n<strong>Nome<\/strong> : Red Skrrrt Banger<br \/>\n<strong>Cruz<\/strong> Skrrt Berry Zuava x Red Kachina 2.0<br \/>\n<strong>Desempenho<\/strong> M\u00e9dia a elevada<br \/>\n<strong>Gen\u00e9tica<\/strong> H\u00edbrido com predomin\u00e2ncia \u00cdndica<br \/>\n<strong>Indica \/ Sativa<\/strong> : 60\/40<br \/>\n<strong>Per\u00edodo de flora\u00e7\u00e3o<\/strong> 56-60 dias<\/p>\n<p><em>Aviso: A posse e a recolha de sementes s\u00e3o autorizadas em Fran\u00e7a. Estas sementes n\u00e3o devem ser utilizadas para outros fins que n\u00e3o os autorizados pela legisla\u00e7\u00e3o do seu pa\u00eds. A germina\u00e7\u00e3o e a venda a menores s\u00e3o estritamente proibidas. AAASeedz n\u00e3o pode ser responsabilizada em caso de incumprimento das leis do pa\u00eds de resid\u00eancia.<\/em><\/p>","protected":false},"excerpt":{"rendered":"<p>Sementes feminizadas Pacote: 10 sementes Criador: Terphogz x Conscious Genetics Nome: Red Skrrrt Banger Cruzamento: Skrrt<\/p>","protected":false},"featured_media":12462,"template":"","meta":[],"product_brand":[],"product_cat":[70],"product_tag":[529,77,528,106],"class_list":{"0":"post-12523","1":"product","2":"type-product","3":"status-publish","4":"has-post-thumbnail","6":"product_cat-feminisees","7":"product_tag-conscious-genetics","8":"product_tag-feminisee","9":"product_tag-red-skrrrt-banger","10":"product_tag-terphogz","12":"first","13":"instock","14":"shipping-taxable","15":"purchasable","16":"product-type-simple"},"jetpack_sharing_enabled":true,"_links":{"self":[{"href":"https:\/\/www.aaaseedz.com\/pt\/wp-json\/wp\/v2\/product\/12523","targetHints":{"allow":["GET"]}}],"collection":[{"href":"https:\/\/www.aaaseedz.com\/pt\/wp-json\/wp\/v2\/product"}],"about":[{"href":"https:\/\/www.aaaseedz.com\/pt\/wp-json\/wp\/v2\/types\/product"}],"wp:featuredmedia":[{"embeddable":true,"href":"https:\/\/www.aaaseedz.com\/pt\/wp-json\/wp\/v2\/media\/12462"}],"wp:attachment":[{"href":"https:\/\/www.aaaseedz.com\/pt\/wp-json\/wp\/v2\/media?parent=12523"}],"wp:term":[{"taxonomy":"product_brand","embeddable":true,"href":"https:\/\/www.aaaseedz.com\/pt\/wp-json\/wp\/v2\/product_brand?post=12523"},{"taxonomy":"product_cat","embeddable":true,"href":"https:\/\/www.aaaseedz.com\/pt\/wp-json\/wp\/v2\/product_cat?post=12523"},{"taxonomy":"product_tag","embeddable":true,"href":"https:\/\/www.aaaseedz.com\/pt\/wp-json\/wp\/v2\/product_tag?post=12523"}],"curies":[{"name":"wp","href":"https:\/\/api.w.org\/{rel}","templated":true}]}}